{"id":4711,"date":"2020-11-05T14:46:53","date_gmt":"2020-11-05T12:46:53","guid":{"rendered":"https:\/\/rostudio.lv\/shop\/190917\/"},"modified":"2020-11-05T14:46:53","modified_gmt":"2020-11-05T12:46:53","slug":"190917","status":"publish","type":"product","link":"https:\/\/rostudio.lv\/lv\/shop\/190917\/","title":{"rendered":"190917"},"content":{"rendered":"","protected":false},"excerpt":{"rendered":"<p>tik sievi\u0161\u0137\u012bgs un tom\u0113r tik sp\u0113c\u012bgs. \u0161is sudraba gredzens ar divu da\u017e\u0101du izm\u0113ru oniksiem ar savu unik\u0101lo dizainu vairos j\u016bsu iek\u0161\u0113jo sp\u0113ku. <\/p>\n","protected":false},"featured_media":578,"template":"","meta":[],"product_brand":[],"product_cat":[180,177],"product_tag":[],"class_list":{"0":"post-4711","1":"product","2":"type-product","3":"status-publish","4":"has-post-thumbnail","6":"product_cat-gredzeni","7":"product_cat-visas-rotaslietas","9":"first","10":"instock","11":"sold-individually","12":"taxable","13":"shipping-taxable","14":"purchasable","15":"product-type-variable","16":"has-default-attributes","17":"layout-style-2","18":"col-md-4 col-sm-4 col-xs-6","19":"col-lg-3","20":"product-style-quickview"},"_links":{"self":[{"href":"https:\/\/rostudio.lv\/lv\/wp-json\/wp\/v2\/product\/4711","targetHints":{"allow":["GET"]}}],"collection":[{"href":"https:\/\/rostudio.lv\/lv\/wp-json\/wp\/v2\/product"}],"about":[{"href":"https:\/\/rostudio.lv\/lv\/wp-json\/wp\/v2\/types\/product"}],"wp:featuredmedia":[{"embeddable":true,"href":"https:\/\/rostudio.lv\/lv\/wp-json\/wp\/v2\/media\/578"}],"wp:attachment":[{"href":"https:\/\/rostudio.lv\/lv\/wp-json\/wp\/v2\/media?parent=4711"}],"wp:term":[{"taxonomy":"product_brand","embeddable":true,"href":"https:\/\/rostudio.lv\/lv\/wp-json\/wp\/v2\/product_brand?post=4711"},{"taxonomy":"product_cat","embeddable":true,"href":"https:\/\/rostudio.lv\/lv\/wp-json\/wp\/v2\/product_cat?post=4711"},{"taxonomy":"product_tag","embeddable":true,"href":"https:\/\/rostudio.lv\/lv\/wp-json\/wp\/v2\/product_tag?post=4711"}],"curies":[{"name":"wp","href":"https:\/\/api.w.org\/{rel}","templated":true}]}}