{"id":4675,"date":"2020-11-05T20:16:05","date_gmt":"2020-11-05T18:16:05","guid":{"rendered":"https:\/\/rostudio.lv\/shop\/101130\/"},"modified":"2026-02-19T14:46:29","modified_gmt":"2026-02-19T12:46:29","slug":"101130","status":"publish","type":"product","link":"https:\/\/rostudio.lv\/lv\/shop\/101130\/","title":{"rendered":"101130"},"content":{"rendered":"","protected":false},"excerpt":{"rendered":"<p>Gredzens no sudraba, kas smalki akcent\u0113ts ar baltu moisan\u012btu. Tas piegul\u0113s k\u0101 otra \u0101da, un j\u016bs nev\u0113l\u0113sieties to novilkt. <\/p>\n","protected":false},"featured_media":4679,"template":"","meta":[],"product_brand":[],"product_cat":[180,181,177],"product_tag":[],"class_list":{"0":"post-4675","1":"product","2":"type-product","3":"status-publish","4":"has-post-thumbnail","6":"product_cat-gredzeni","7":"product_cat-saderinasanas-gredzeni","8":"product_cat-visas-rotaslietas","10":"first","11":"instock","12":"sold-individually","13":"taxable","14":"shipping-taxable","15":"purchasable","16":"product-type-variable","17":"has-default-attributes","18":"layout-style-2","19":"col-md-4 col-sm-4 col-xs-6","20":"col-lg-3","21":"product-style-quickview"},"_links":{"self":[{"href":"https:\/\/rostudio.lv\/lv\/wp-json\/wp\/v2\/product\/4675","targetHints":{"allow":["GET"]}}],"collection":[{"href":"https:\/\/rostudio.lv\/lv\/wp-json\/wp\/v2\/product"}],"about":[{"href":"https:\/\/rostudio.lv\/lv\/wp-json\/wp\/v2\/types\/product"}],"wp:featuredmedia":[{"embeddable":true,"href":"https:\/\/rostudio.lv\/lv\/wp-json\/wp\/v2\/media\/4679"}],"wp:attachment":[{"href":"https:\/\/rostudio.lv\/lv\/wp-json\/wp\/v2\/media?parent=4675"}],"wp:term":[{"taxonomy":"product_brand","embeddable":true,"href":"https:\/\/rostudio.lv\/lv\/wp-json\/wp\/v2\/product_brand?post=4675"},{"taxonomy":"product_cat","embeddable":true,"href":"https:\/\/rostudio.lv\/lv\/wp-json\/wp\/v2\/product_cat?post=4675"},{"taxonomy":"product_tag","embeddable":true,"href":"https:\/\/rostudio.lv\/lv\/wp-json\/wp\/v2\/product_tag?post=4675"}],"curies":[{"name":"wp","href":"https:\/\/api.w.org\/{rel}","templated":true}]}}