{"id":4659,"date":"2020-11-05T19:57:23","date_gmt":"2020-11-05T17:57:23","guid":{"rendered":"https:\/\/rostudio.lv\/shop\/110516\/"},"modified":"2020-11-05T19:57:23","modified_gmt":"2020-11-05T17:57:23","slug":"110516","status":"publish","type":"product","link":"https:\/\/rostudio.lv\/lv\/shop\/110516\/","title":{"rendered":"110516"},"content":{"rendered":"","protected":false},"excerpt":{"rendered":"<p>tiecoties p\u0113c t\u012bras elegances, gredzens 110516 to atspogu\u013co vis\u0101 sav\u0101 kr\u0101\u0161\u0146um\u0101. Tas nav ne p\u0101r\u0101k liels, ne p\u0101r\u0101k mazs \u2013 tas ir ide\u0101l\u0101 izm\u0113r\u0101, lai pie\u0161\u0137irtu elegantu \u0161iku ikvienai sievietei. <\/p>\n","protected":false},"featured_media":3417,"template":"","meta":[],"product_brand":[],"product_cat":[180,177],"product_tag":[],"class_list":{"0":"post-4659","1":"product","2":"type-product","3":"status-publish","4":"has-post-thumbnail","6":"product_cat-gredzeni","7":"product_cat-visas-rotaslietas","9":"first","10":"instock","11":"sold-individually","12":"taxable","13":"shipping-taxable","14":"purchasable","15":"product-type-variable","16":"has-default-attributes","17":"layout-style-2","18":"col-md-4 col-sm-4 col-xs-6","19":"col-lg-3","20":"product-style-quickview"},"_links":{"self":[{"href":"https:\/\/rostudio.lv\/lv\/wp-json\/wp\/v2\/product\/4659","targetHints":{"allow":["GET"]}}],"collection":[{"href":"https:\/\/rostudio.lv\/lv\/wp-json\/wp\/v2\/product"}],"about":[{"href":"https:\/\/rostudio.lv\/lv\/wp-json\/wp\/v2\/types\/product"}],"wp:featuredmedia":[{"embeddable":true,"href":"https:\/\/rostudio.lv\/lv\/wp-json\/wp\/v2\/media\/3417"}],"wp:attachment":[{"href":"https:\/\/rostudio.lv\/lv\/wp-json\/wp\/v2\/media?parent=4659"}],"wp:term":[{"taxonomy":"product_brand","embeddable":true,"href":"https:\/\/rostudio.lv\/lv\/wp-json\/wp\/v2\/product_brand?post=4659"},{"taxonomy":"product_cat","embeddable":true,"href":"https:\/\/rostudio.lv\/lv\/wp-json\/wp\/v2\/product_cat?post=4659"},{"taxonomy":"product_tag","embeddable":true,"href":"https:\/\/rostudio.lv\/lv\/wp-json\/wp\/v2\/product_tag?post=4659"}],"curies":[{"name":"wp","href":"https:\/\/api.w.org\/{rel}","templated":true}]}}