{"id":4629,"date":"2020-11-05T20:56:18","date_gmt":"2020-11-05T18:56:18","guid":{"rendered":"https:\/\/rostudio.lv\/shop\/250910\/"},"modified":"2020-11-05T20:56:18","modified_gmt":"2020-11-05T18:56:18","slug":"250910","status":"publish","type":"product","link":"https:\/\/rostudio.lv\/lv\/shop\/250910\/","title":{"rendered":"250910"},"content":{"rendered":"","protected":false},"excerpt":{"rendered":"<p>sudraba aproce ar ikonisku, atv\u0113rtu dizainu \u2014 ko nosaka m\u016bsu rakstur\u012bgais siluets un apzin\u0101ti paaugstin\u0101ts aproces stie\u0146a biezums, tai piem\u012bt nep\u0101rprotama RO STUDIO kl\u0101tb\u016btne<\/p>\n","protected":false},"featured_media":1495,"template":"","meta":[],"product_brand":[],"product_cat":[217,177],"product_tag":[],"class_list":{"0":"post-4629","1":"product","2":"type-product","3":"status-publish","4":"has-post-thumbnail","6":"product_cat-aproces","7":"product_cat-visas-rotaslietas","9":"first","10":"instock","11":"sold-individually","12":"taxable","13":"shipping-taxable","14":"purchasable","15":"product-type-variable","16":"layout-style-2","17":"col-md-4 col-sm-4 col-xs-6","18":"col-lg-3","19":"product-style-quickview"},"_links":{"self":[{"href":"https:\/\/rostudio.lv\/lv\/wp-json\/wp\/v2\/product\/4629","targetHints":{"allow":["GET"]}}],"collection":[{"href":"https:\/\/rostudio.lv\/lv\/wp-json\/wp\/v2\/product"}],"about":[{"href":"https:\/\/rostudio.lv\/lv\/wp-json\/wp\/v2\/types\/product"}],"wp:featuredmedia":[{"embeddable":true,"href":"https:\/\/rostudio.lv\/lv\/wp-json\/wp\/v2\/media\/1495"}],"wp:attachment":[{"href":"https:\/\/rostudio.lv\/lv\/wp-json\/wp\/v2\/media?parent=4629"}],"wp:term":[{"taxonomy":"product_brand","embeddable":true,"href":"https:\/\/rostudio.lv\/lv\/wp-json\/wp\/v2\/product_brand?post=4629"},{"taxonomy":"product_cat","embeddable":true,"href":"https:\/\/rostudio.lv\/lv\/wp-json\/wp\/v2\/product_cat?post=4629"},{"taxonomy":"product_tag","embeddable":true,"href":"https:\/\/rostudio.lv\/lv\/wp-json\/wp\/v2\/product_tag?post=4629"}],"curies":[{"name":"wp","href":"https:\/\/api.w.org\/{rel}","templated":true}]}}