{"id":4614,"date":"2020-11-05T20:40:26","date_gmt":"2020-11-05T18:40:26","guid":{"rendered":"https:\/\/rostudio.lv\/shop\/240930\/"},"modified":"2020-11-05T20:40:26","modified_gmt":"2020-11-05T18:40:26","slug":"240930","status":"publish","type":"product","link":"https:\/\/rostudio.lv\/lv\/shop\/240930\/","title":{"rendered":"240930"},"content":{"rendered":"","protected":false},"excerpt":{"rendered":"<p>juvelierizstr\u0101d\u0101jums, kur\u0101 klasiskais dizains satiekas ar modernu minim\u0101lismu \u2014 sudraba apro\u010du komplekts ar melnu dimantu, veidots ar t\u012bru, atv\u0113rtu konstrukciju<\/p>\n<p>n\u0113s\u0101jiet to kop\u0101 ar cit\u0101m aproc\u0113m, lai rad\u012btu drosm\u012bg\u0101ku t\u0113lu, vai n\u0113s\u0101jiet to vienu pa\u0161u, lai izstarotu mier\u012bgu p\u0101rliec\u012bbu<\/p>\n","protected":false},"featured_media":957,"template":"","meta":[],"product_brand":[],"product_cat":[217,177],"product_tag":[],"class_list":{"0":"post-4614","1":"product","2":"type-product","3":"status-publish","4":"has-post-thumbnail","6":"product_cat-aproces","7":"product_cat-visas-rotaslietas","9":"first","10":"instock","11":"sold-individually","12":"taxable","13":"shipping-taxable","14":"purchasable","15":"product-type-variable","16":"layout-style-2","17":"col-md-4 col-sm-4 col-xs-6","18":"col-lg-3","19":"product-style-quickview"},"_links":{"self":[{"href":"https:\/\/rostudio.lv\/lv\/wp-json\/wp\/v2\/product\/4614","targetHints":{"allow":["GET"]}}],"collection":[{"href":"https:\/\/rostudio.lv\/lv\/wp-json\/wp\/v2\/product"}],"about":[{"href":"https:\/\/rostudio.lv\/lv\/wp-json\/wp\/v2\/types\/product"}],"wp:featuredmedia":[{"embeddable":true,"href":"https:\/\/rostudio.lv\/lv\/wp-json\/wp\/v2\/media\/957"}],"wp:attachment":[{"href":"https:\/\/rostudio.lv\/lv\/wp-json\/wp\/v2\/media?parent=4614"}],"wp:term":[{"taxonomy":"product_brand","embeddable":true,"href":"https:\/\/rostudio.lv\/lv\/wp-json\/wp\/v2\/product_brand?post=4614"},{"taxonomy":"product_cat","embeddable":true,"href":"https:\/\/rostudio.lv\/lv\/wp-json\/wp\/v2\/product_cat?post=4614"},{"taxonomy":"product_tag","embeddable":true,"href":"https:\/\/rostudio.lv\/lv\/wp-json\/wp\/v2\/product_tag?post=4614"}],"curies":[{"name":"wp","href":"https:\/\/api.w.org\/{rel}","templated":true}]}}