{"id":4594,"date":"2021-02-09T19:14:47","date_gmt":"2021-02-09T17:14:47","guid":{"rendered":"https:\/\/rostudio.lv\/shop\/021270\/"},"modified":"2021-02-09T19:14:47","modified_gmt":"2021-02-09T17:14:47","slug":"021270","status":"publish","type":"product","link":"https:\/\/rostudio.lv\/lv\/shop\/021270\/","title":{"rendered":"021270"},"content":{"rendered":"","protected":false},"excerpt":{"rendered":"<p>t\u012bra forma ar klusu ietekmi<\/p>\n<p>13 mm onikss, kas iestr\u0101d\u0101ts sudraba r\u0101m\u012b<\/p>\n<p>\/\/ sudraba \u0137\u0113d\u012btes nav iek\u013cautas un j\u0101ieg\u0101d\u0101jas atsevi\u0161\u0137i<\/p>\n","protected":false},"featured_media":1250,"template":"","meta":[],"product_brand":[],"product_cat":[214,177],"product_tag":[],"class_list":{"0":"post-4594","1":"product","2":"type-product","3":"status-publish","4":"has-post-thumbnail","6":"product_cat-kuloni","7":"product_cat-visas-rotaslietas","9":"first","10":"instock","11":"sold-individually","12":"taxable","13":"shipping-taxable","14":"purchasable","15":"product-type-variable","16":"has-default-attributes","17":"layout-style-2","18":"col-md-4 col-sm-4 col-xs-6","19":"col-lg-3","20":"product-style-quickview"},"_links":{"self":[{"href":"https:\/\/rostudio.lv\/lv\/wp-json\/wp\/v2\/product\/4594","targetHints":{"allow":["GET"]}}],"collection":[{"href":"https:\/\/rostudio.lv\/lv\/wp-json\/wp\/v2\/product"}],"about":[{"href":"https:\/\/rostudio.lv\/lv\/wp-json\/wp\/v2\/types\/product"}],"wp:featuredmedia":[{"embeddable":true,"href":"https:\/\/rostudio.lv\/lv\/wp-json\/wp\/v2\/media\/1250"}],"wp:attachment":[{"href":"https:\/\/rostudio.lv\/lv\/wp-json\/wp\/v2\/media?parent=4594"}],"wp:term":[{"taxonomy":"product_brand","embeddable":true,"href":"https:\/\/rostudio.lv\/lv\/wp-json\/wp\/v2\/product_brand?post=4594"},{"taxonomy":"product_cat","embeddable":true,"href":"https:\/\/rostudio.lv\/lv\/wp-json\/wp\/v2\/product_cat?post=4594"},{"taxonomy":"product_tag","embeddable":true,"href":"https:\/\/rostudio.lv\/lv\/wp-json\/wp\/v2\/product_tag?post=4594"}],"curies":[{"name":"wp","href":"https:\/\/api.w.org\/{rel}","templated":true}]}}