{"id":4568,"date":"2021-02-09T19:46:21","date_gmt":"2021-02-09T17:46:21","guid":{"rendered":"https:\/\/rostudio.lv\/shop\/140121\/"},"modified":"2026-02-19T14:47:48","modified_gmt":"2026-02-19T12:47:48","slug":"140121","status":"publish","type":"product","link":"https:\/\/rostudio.lv\/lv\/shop\/140121\/","title":{"rendered":"140121"},"content":{"rendered":"","protected":false},"excerpt":{"rendered":"<p><span data-sheets-value=\"{\"1\":2,\"2\":\"a round ring that feels glamorous without being over-the-top ___a super slim band works to make this sparkler feel dainty on the hand.\"}\" data-sheets-userformat=\"{\"2\":4737,\"3\":{\"1\":0},\"10\":2,\"12\":0,\"15\":\"Arial\"}\">apa\u013c\u0161 gredzens, kas \u0161\u0137iet valdzino\u0161s, bet nav p\u0101rsp\u012bl\u0113ts ___ \u012bpa\u0161i pl\u0101na josla liek \u0161im mirdzumam izskat\u012bties smalkam uz rokas.<\/span><\/p>\n","protected":false},"featured_media":4571,"template":"","meta":[],"product_brand":[],"product_cat":[180,181,177],"product_tag":[],"class_list":{"0":"post-4568","1":"product","2":"type-product","3":"status-publish","4":"has-post-thumbnail","6":"product_cat-gredzeni","7":"product_cat-saderinasanas-gredzeni","8":"product_cat-visas-rotaslietas","10":"first","11":"instock","12":"sold-individually","13":"taxable","14":"shipping-taxable","15":"purchasable","16":"product-type-variable","17":"layout-style-2","18":"col-md-4 col-sm-4 col-xs-6","19":"col-lg-3","20":"product-style-quickview"},"_links":{"self":[{"href":"https:\/\/rostudio.lv\/lv\/wp-json\/wp\/v2\/product\/4568","targetHints":{"allow":["GET"]}}],"collection":[{"href":"https:\/\/rostudio.lv\/lv\/wp-json\/wp\/v2\/product"}],"about":[{"href":"https:\/\/rostudio.lv\/lv\/wp-json\/wp\/v2\/types\/product"}],"wp:featuredmedia":[{"embeddable":true,"href":"https:\/\/rostudio.lv\/lv\/wp-json\/wp\/v2\/media\/4571"}],"wp:attachment":[{"href":"https:\/\/rostudio.lv\/lv\/wp-json\/wp\/v2\/media?parent=4568"}],"wp:term":[{"taxonomy":"product_brand","embeddable":true,"href":"https:\/\/rostudio.lv\/lv\/wp-json\/wp\/v2\/product_brand?post=4568"},{"taxonomy":"product_cat","embeddable":true,"href":"https:\/\/rostudio.lv\/lv\/wp-json\/wp\/v2\/product_cat?post=4568"},{"taxonomy":"product_tag","embeddable":true,"href":"https:\/\/rostudio.lv\/lv\/wp-json\/wp\/v2\/product_tag?post=4568"}],"curies":[{"name":"wp","href":"https:\/\/api.w.org\/{rel}","templated":true}]}}