{"id":4559,"date":"2021-02-16T12:44:50","date_gmt":"2021-02-16T10:44:50","guid":{"rendered":"https:\/\/rostudio.lv\/shop\/121250\/"},"modified":"2021-02-16T12:44:50","modified_gmt":"2021-02-16T10:44:50","slug":"121250","status":"publish","type":"product","link":"https:\/\/rostudio.lv\/lv\/shop\/121250\/","title":{"rendered":"121250"},"content":{"rendered":"","protected":false},"excerpt":{"rendered":"<p><span data-sheets-value=\"{\"1\":2,\"2\":\"a contemporary take on classic studs ___these diferently shaped earrings framed in 14K (585\u00b0) solid gold will add an air of elegance and a touch of pure joy to your wardarobe ___match these exqusite earrings with our 080920 ring.\"}\" data-sheets-userformat=\"{\"2\":7043,\"3\":{\"1\":0},\"4\":[null,2,16777215],\"10\":2,\"11\":4,\"12\":0,\"14\":[null,2,0],\"15\":\"Arial\"}\">m\u016bsdien\u012bgs skat\u012bjums uz klasiskiem auskariem un t\u012bra prieka piesk\u0101riens<\/span><\/p>\n<p><span data-sheets-value=\"{\"1\":2,\"2\":\"a contemporary take on classic studs ___these diferently shaped earrings framed in 14K (585\u00b0) solid gold will add an air of elegance and a touch of pure joy to your wardarobe ___match these exqusite earrings with our 080920 ring.\"}\" data-sheets-userformat=\"{\"2\":7043,\"3\":{\"1\":0},\"4\":[null,2,16777215],\"10\":2,\"11\":4,\"12\":0,\"14\":[null,2,0],\"15\":\"Arial\"}\">da\u017e\u0101du formu oniksa auskari, kas ietverti 14k (585\u00b0) zelt\u0101<\/span><\/p>\n","protected":false},"featured_media":1310,"template":"","meta":[],"product_brand":[],"product_cat":[187,177],"product_tag":[],"class_list":{"0":"post-4559","1":"product","2":"type-product","3":"status-publish","4":"has-post-thumbnail","6":"product_cat-auskari","7":"product_cat-visas-rotaslietas","9":"first","10":"instock","11":"sold-individually","12":"taxable","13":"shipping-taxable","14":"purchasable","15":"product-type-variable","16":"has-default-attributes","17":"layout-style-2","18":"col-md-4 col-sm-4 col-xs-6","19":"col-lg-3","20":"product-style-quickview"},"_links":{"self":[{"href":"https:\/\/rostudio.lv\/lv\/wp-json\/wp\/v2\/product\/4559","targetHints":{"allow":["GET"]}}],"collection":[{"href":"https:\/\/rostudio.lv\/lv\/wp-json\/wp\/v2\/product"}],"about":[{"href":"https:\/\/rostudio.lv\/lv\/wp-json\/wp\/v2\/types\/product"}],"wp:featuredmedia":[{"embeddable":true,"href":"https:\/\/rostudio.lv\/lv\/wp-json\/wp\/v2\/media\/1310"}],"wp:attachment":[{"href":"https:\/\/rostudio.lv\/lv\/wp-json\/wp\/v2\/media?parent=4559"}],"wp:term":[{"taxonomy":"product_brand","embeddable":true,"href":"https:\/\/rostudio.lv\/lv\/wp-json\/wp\/v2\/product_brand?post=4559"},{"taxonomy":"product_cat","embeddable":true,"href":"https:\/\/rostudio.lv\/lv\/wp-json\/wp\/v2\/product_cat?post=4559"},{"taxonomy":"product_tag","embeddable":true,"href":"https:\/\/rostudio.lv\/lv\/wp-json\/wp\/v2\/product_tag?post=4559"}],"curies":[{"name":"wp","href":"https:\/\/api.w.org\/{rel}","templated":true}]}}