{"id":4555,"date":"2021-02-23T13:38:17","date_gmt":"2021-02-23T11:38:17","guid":{"rendered":"https:\/\/rostudio.lv\/shop\/090120\/"},"modified":"2026-02-25T22:50:49","modified_gmt":"2026-02-25T20:50:49","slug":"090120","status":"publish","type":"product","link":"https:\/\/rostudio.lv\/lv\/shop\/090120\/","title":{"rendered":"090120"},"content":{"rendered":"","protected":false},"excerpt":{"rendered":"<p><span data-sheets-value=\"{\"1\":2,\"2\":\"matte silver band ring. simplicity and elegance in form and material. it's a classic value to rely on. wear just one or combine multiple pieces and create your own special 090120 ring artwork on your hands. we call it modern classic.\"}\" data-sheets-userformat=\"{\"2\":769,\"3\":{\"1\":0},\"11\":4,\"12\":0}\">Mat\u0113ta sudraba gredzens. Vienk\u0101r\u0161\u012bba un elegance form\u0101 un materi\u0101l\u0101. T\u0101 ir klasiska v\u0113rt\u012bba, uz ko pa\u013cauties. Valk\u0101jiet vienu vai kombin\u0113jiet vair\u0101kus un izveidojiet savu \u012bpa\u0161o 090120 gredzenu m\u0101kslas darbu uz rok\u0101m. M\u0113s to saucam par modernu klasiku.    <\/span><\/p>\n","protected":false},"featured_media":4556,"template":"","meta":[],"product_brand":[],"product_cat":[180,177],"product_tag":[],"class_list":{"0":"post-4555","1":"product","2":"type-product","3":"status-publish","4":"has-post-thumbnail","6":"product_cat-gredzeni","7":"product_cat-visas-rotaslietas","9":"first","10":"instock","11":"sold-individually","12":"taxable","13":"shipping-taxable","14":"purchasable","15":"product-type-variable","16":"has-default-attributes","17":"layout-style-2","18":"col-md-4 col-sm-4 col-xs-6","19":"col-lg-3","20":"product-style-quickview"},"_links":{"self":[{"href":"https:\/\/rostudio.lv\/lv\/wp-json\/wp\/v2\/product\/4555","targetHints":{"allow":["GET"]}}],"collection":[{"href":"https:\/\/rostudio.lv\/lv\/wp-json\/wp\/v2\/product"}],"about":[{"href":"https:\/\/rostudio.lv\/lv\/wp-json\/wp\/v2\/types\/product"}],"wp:featuredmedia":[{"embeddable":true,"href":"https:\/\/rostudio.lv\/lv\/wp-json\/wp\/v2\/media\/4556"}],"wp:attachment":[{"href":"https:\/\/rostudio.lv\/lv\/wp-json\/wp\/v2\/media?parent=4555"}],"wp:term":[{"taxonomy":"product_brand","embeddable":true,"href":"https:\/\/rostudio.lv\/lv\/wp-json\/wp\/v2\/product_brand?post=4555"},{"taxonomy":"product_cat","embeddable":true,"href":"https:\/\/rostudio.lv\/lv\/wp-json\/wp\/v2\/product_cat?post=4555"},{"taxonomy":"product_tag","embeddable":true,"href":"https:\/\/rostudio.lv\/lv\/wp-json\/wp\/v2\/product_tag?post=4555"}],"curies":[{"name":"wp","href":"https:\/\/api.w.org\/{rel}","templated":true}]}}