{"id":4537,"date":"2021-02-23T13:44:19","date_gmt":"2021-02-23T11:44:19","guid":{"rendered":"https:\/\/rostudio.lv\/shop\/110120\/"},"modified":"2026-02-25T22:41:54","modified_gmt":"2026-02-25T20:41:54","slug":"110120","status":"publish","type":"product","link":"https:\/\/rostudio.lv\/lv\/shop\/110120\/","title":{"rendered":"110120"},"content":{"rendered":"","protected":false},"excerpt":{"rendered":"<p>mat\u0113ta sudraba gredzens ___lieliski piem\u0113rots moderniem boh\u0113mistiem, kuri ikdien\u0101 dod priek\u0161roku gredzenu komplektiem. vienk\u0101r\u0161\u012bba un elegance form\u0101 un materi\u0101l\u0101. t\u0101 ir klasiska v\u0113rt\u012bba, uz ko pa\u013cauties. valk\u0101jiet vienu vai kombin\u0113jiet vair\u0101kus un izveidojiet savu gredzenu m\u0101kslas darbu uz rok\u0101m.   <\/p>\n","protected":false},"featured_media":4142,"template":"","meta":[],"product_brand":[],"product_cat":[180,177],"product_tag":[],"class_list":{"0":"post-4537","1":"product","2":"type-product","3":"status-publish","4":"has-post-thumbnail","6":"product_cat-gredzeni","7":"product_cat-visas-rotaslietas","9":"first","10":"instock","11":"sold-individually","12":"taxable","13":"shipping-taxable","14":"purchasable","15":"product-type-variable","16":"has-default-attributes","17":"layout-style-2","18":"col-md-4 col-sm-4 col-xs-6","19":"col-lg-3","20":"product-style-quickview"},"_links":{"self":[{"href":"https:\/\/rostudio.lv\/lv\/wp-json\/wp\/v2\/product\/4537","targetHints":{"allow":["GET"]}}],"collection":[{"href":"https:\/\/rostudio.lv\/lv\/wp-json\/wp\/v2\/product"}],"about":[{"href":"https:\/\/rostudio.lv\/lv\/wp-json\/wp\/v2\/types\/product"}],"wp:featuredmedia":[{"embeddable":true,"href":"https:\/\/rostudio.lv\/lv\/wp-json\/wp\/v2\/media\/4142"}],"wp:attachment":[{"href":"https:\/\/rostudio.lv\/lv\/wp-json\/wp\/v2\/media?parent=4537"}],"wp:term":[{"taxonomy":"product_brand","embeddable":true,"href":"https:\/\/rostudio.lv\/lv\/wp-json\/wp\/v2\/product_brand?post=4537"},{"taxonomy":"product_cat","embeddable":true,"href":"https:\/\/rostudio.lv\/lv\/wp-json\/wp\/v2\/product_cat?post=4537"},{"taxonomy":"product_tag","embeddable":true,"href":"https:\/\/rostudio.lv\/lv\/wp-json\/wp\/v2\/product_tag?post=4537"}],"curies":[{"name":"wp","href":"https:\/\/api.w.org\/{rel}","templated":true}]}}