{"id":4527,"date":"2021-02-23T12:42:50","date_gmt":"2021-02-23T10:42:50","guid":{"rendered":"https:\/\/rostudio.lv\/shop\/081220\/"},"modified":"2021-02-23T12:42:50","modified_gmt":"2021-02-23T10:42:50","slug":"081220","status":"publish","type":"product","link":"https:\/\/rostudio.lv\/lv\/shop\/081220\/","title":{"rendered":"081220"},"content":{"rendered":"","protected":false},"excerpt":{"rendered":"<p><span data-sheets-value=\"{\"1\":2,\"2\":\"contemporary simplicity of clean lines cut onyx goes to the next level with its 14K (585\u00b0) solid gold frame.\"}\" data-sheets-userformat=\"{\"2\":4737,\"3\":{\"1\":0},\"10\":2,\"12\":0,\"15\":\"Arial\"}\">M\u016bsdien\u012bga vienk\u0101r\u0161\u012bba \u2013 t\u012bru l\u012bniju onikss pace\u013cas jaun\u0101 l\u012bmen\u012b ar savu 14K (585\u00b0) t\u012bra zelta r\u0101mi.<\/span><\/p>\n","protected":false},"featured_media":1369,"template":"","meta":[],"product_brand":[],"product_cat":[180,177],"product_tag":[],"class_list":{"0":"post-4527","1":"product","2":"type-product","3":"status-publish","4":"has-post-thumbnail","6":"product_cat-gredzeni","7":"product_cat-visas-rotaslietas","9":"first","10":"instock","11":"sold-individually","12":"taxable","13":"shipping-taxable","14":"purchasable","15":"product-type-variable","16":"has-default-attributes","17":"new","18":"layout-style-2","19":"col-md-4 col-sm-4 col-xs-6","20":"col-lg-3","21":"product-style-quickview"},"_links":{"self":[{"href":"https:\/\/rostudio.lv\/lv\/wp-json\/wp\/v2\/product\/4527","targetHints":{"allow":["GET"]}}],"collection":[{"href":"https:\/\/rostudio.lv\/lv\/wp-json\/wp\/v2\/product"}],"about":[{"href":"https:\/\/rostudio.lv\/lv\/wp-json\/wp\/v2\/types\/product"}],"wp:featuredmedia":[{"embeddable":true,"href":"https:\/\/rostudio.lv\/lv\/wp-json\/wp\/v2\/media\/1369"}],"wp:attachment":[{"href":"https:\/\/rostudio.lv\/lv\/wp-json\/wp\/v2\/media?parent=4527"}],"wp:term":[{"taxonomy":"product_brand","embeddable":true,"href":"https:\/\/rostudio.lv\/lv\/wp-json\/wp\/v2\/product_brand?post=4527"},{"taxonomy":"product_cat","embeddable":true,"href":"https:\/\/rostudio.lv\/lv\/wp-json\/wp\/v2\/product_cat?post=4527"},{"taxonomy":"product_tag","embeddable":true,"href":"https:\/\/rostudio.lv\/lv\/wp-json\/wp\/v2\/product_tag?post=4527"}],"curies":[{"name":"wp","href":"https:\/\/api.w.org\/{rel}","templated":true}]}}