{"id":4299,"date":"2021-02-23T22:45:00","date_gmt":"2021-02-23T20:45:00","guid":{"rendered":"https:\/\/rostudio.lv\/shop\/130121\/"},"modified":"2026-02-12T20:58:09","modified_gmt":"2026-02-12T18:58:09","slug":"130121","status":"publish","type":"product","link":"https:\/\/rostudio.lv\/lv\/shop\/130121\/","title":{"rendered":"130121"},"content":{"rendered":"","protected":false},"excerpt":{"rendered":"<p>nevis d\u0101rga gaume, bet izsmalcin\u0101ta apet\u012bte<\/p>\n<p>___p\u0113rles uz pirkstiem un austeres<span class=\"Apple-converted-space\"> \u0161\u0137\u012bv\u012b<\/span><br \/>\n<span data-sheets-value=\"{\"1\":2,\"2\":\"set a sophisticated and gentle tone with this sublime pearl ring that's buffed to a brilliant lustre ___crafted in sterling silver, this tailored ring features a luminous 7 mm cultured freshwater pearl ___a chic look you'll love to wear.\"}\" data-sheets-userformat=\"{\"2\":4739,\"3\":{\"1\":0},\"4\":[null,2,16777215],\"10\":2,\"12\":0,\"15\":\"Arial\"}\">sudraba gredzens ar mirdzo\u0161u 7 mm sald\u016bdens p\u0113rli<\/span><\/p>\n","protected":false},"featured_media":4300,"template":"","meta":[],"product_brand":[],"product_cat":[180,181,177],"product_tag":[],"class_list":{"0":"post-4299","1":"product","2":"type-product","3":"status-publish","4":"has-post-thumbnail","6":"product_cat-gredzeni","7":"product_cat-saderinasanas-gredzeni","8":"product_cat-visas-rotaslietas","10":"first","11":"instock","12":"sold-individually","13":"taxable","14":"shipping-taxable","15":"purchasable","16":"product-type-variable","17":"layout-style-2","18":"col-md-4 col-sm-4 col-xs-6","19":"col-lg-3","20":"product-style-quickview"},"_links":{"self":[{"href":"https:\/\/rostudio.lv\/lv\/wp-json\/wp\/v2\/product\/4299","targetHints":{"allow":["GET"]}}],"collection":[{"href":"https:\/\/rostudio.lv\/lv\/wp-json\/wp\/v2\/product"}],"about":[{"href":"https:\/\/rostudio.lv\/lv\/wp-json\/wp\/v2\/types\/product"}],"wp:featuredmedia":[{"embeddable":true,"href":"https:\/\/rostudio.lv\/lv\/wp-json\/wp\/v2\/media\/4300"}],"wp:attachment":[{"href":"https:\/\/rostudio.lv\/lv\/wp-json\/wp\/v2\/media?parent=4299"}],"wp:term":[{"taxonomy":"product_brand","embeddable":true,"href":"https:\/\/rostudio.lv\/lv\/wp-json\/wp\/v2\/product_brand?post=4299"},{"taxonomy":"product_cat","embeddable":true,"href":"https:\/\/rostudio.lv\/lv\/wp-json\/wp\/v2\/product_cat?post=4299"},{"taxonomy":"product_tag","embeddable":true,"href":"https:\/\/rostudio.lv\/lv\/wp-json\/wp\/v2\/product_tag?post=4299"}],"curies":[{"name":"wp","href":"https:\/\/api.w.org\/{rel}","templated":true}]}}