{"id":4284,"date":"2025-12-17T11:09:11","date_gmt":"2025-12-17T09:09:11","guid":{"rendered":"https:\/\/rostudio.lv\/shop\/arc-360\/"},"modified":"2025-12-17T12:07:21","modified_gmt":"2025-12-17T10:07:21","slug":"arc-360","status":"publish","type":"product","link":"https:\/\/rostudio.lv\/lv\/shop\/arc-360\/","title":{"rendered":"ARC \u2014 360"},"content":{"rendered":"","protected":false},"excerpt":{"rendered":"<p>m\u016b\u017e\u012bgi, arhitektoniski, piln\u012bb\u0101 sudraba auskari<\/p>\n<p>L\u012bdz piln\u012bbai veidotie ARC \u2014 360 iemieso l\u012bdzsvaru, precizit\u0101ti un notur\u012bbu<br \/>\nPul\u0113tas virsmas atspogu\u013co gaismu ar klusu p\u0101rliec\u012bbu, atkl\u0101jot formu, kurai nav nepiecie\u0161ami izskaistin\u0101jumi<\/p>\n<p>RO STUDIO b\u016btiska izpausme<\/p>\n","protected":false},"featured_media":4286,"template":"","meta":[],"product_brand":[],"product_cat":[187,177],"product_tag":[],"class_list":{"0":"post-4284","1":"product","2":"type-product","3":"status-publish","4":"has-post-thumbnail","6":"product_cat-auskari","7":"product_cat-visas-rotaslietas","9":"first","10":"instock","11":"sold-individually","12":"taxable","13":"shipping-taxable","14":"purchasable","15":"product-type-variable","16":"has-default-attributes","17":"layout-style-2","18":"col-md-4 col-sm-4 col-xs-6","19":"col-lg-3","20":"product-style-quickview"},"_links":{"self":[{"href":"https:\/\/rostudio.lv\/lv\/wp-json\/wp\/v2\/product\/4284","targetHints":{"allow":["GET"]}}],"collection":[{"href":"https:\/\/rostudio.lv\/lv\/wp-json\/wp\/v2\/product"}],"about":[{"href":"https:\/\/rostudio.lv\/lv\/wp-json\/wp\/v2\/types\/product"}],"wp:featuredmedia":[{"embeddable":true,"href":"https:\/\/rostudio.lv\/lv\/wp-json\/wp\/v2\/media\/4286"}],"wp:attachment":[{"href":"https:\/\/rostudio.lv\/lv\/wp-json\/wp\/v2\/media?parent=4284"}],"wp:term":[{"taxonomy":"product_brand","embeddable":true,"href":"https:\/\/rostudio.lv\/lv\/wp-json\/wp\/v2\/product_brand?post=4284"},{"taxonomy":"product_cat","embeddable":true,"href":"https:\/\/rostudio.lv\/lv\/wp-json\/wp\/v2\/product_cat?post=4284"},{"taxonomy":"product_tag","embeddable":true,"href":"https:\/\/rostudio.lv\/lv\/wp-json\/wp\/v2\/product_tag?post=4284"}],"curies":[{"name":"wp","href":"https:\/\/api.w.org\/{rel}","templated":true}]}}