{"id":4266,"date":"2025-03-24T14:30:38","date_gmt":"2025-03-24T12:30:38","guid":{"rendered":"https:\/\/rostudio.lv\/shop\/booblik02\/"},"modified":"2025-03-24T14:30:38","modified_gmt":"2025-03-24T12:30:38","slug":"booblik02","status":"publish","type":"product","link":"https:\/\/rostudio.lv\/lv\/shop\/booblik02\/","title":{"rendered":"BOOBLIK+02"},"content":{"rendered":"","protected":false},"excerpt":{"rendered":"<p>Apa\u013c\u0161 0,5 ct melns moisan\u012bts mirdz \u0161\u012b mas\u012bv\u0101 sudraba BOOBLIK gredzena centr\u0101, kas iedvesmots no tradicion\u0101l\u0101s Austrumeiropas maizes<\/p>\n","protected":false},"featured_media":3400,"template":"","meta":[],"product_brand":[],"product_cat":[180,181,177],"product_tag":[],"class_list":{"0":"post-4266","1":"product","2":"type-product","3":"status-publish","4":"has-post-thumbnail","6":"product_cat-gredzeni","7":"product_cat-saderinasanas-gredzeni","8":"product_cat-visas-rotaslietas","10":"first","11":"instock","12":"sold-individually","13":"taxable","14":"shipping-taxable","15":"purchasable","16":"product-type-variable","17":"new","18":"layout-style-2","19":"col-md-4 col-sm-4 col-xs-6","20":"col-lg-3","21":"product-style-quickview"},"_links":{"self":[{"href":"https:\/\/rostudio.lv\/lv\/wp-json\/wp\/v2\/product\/4266","targetHints":{"allow":["GET"]}}],"collection":[{"href":"https:\/\/rostudio.lv\/lv\/wp-json\/wp\/v2\/product"}],"about":[{"href":"https:\/\/rostudio.lv\/lv\/wp-json\/wp\/v2\/types\/product"}],"wp:featuredmedia":[{"embeddable":true,"href":"https:\/\/rostudio.lv\/lv\/wp-json\/wp\/v2\/media\/3400"}],"wp:attachment":[{"href":"https:\/\/rostudio.lv\/lv\/wp-json\/wp\/v2\/media?parent=4266"}],"wp:term":[{"taxonomy":"product_brand","embeddable":true,"href":"https:\/\/rostudio.lv\/lv\/wp-json\/wp\/v2\/product_brand?post=4266"},{"taxonomy":"product_cat","embeddable":true,"href":"https:\/\/rostudio.lv\/lv\/wp-json\/wp\/v2\/product_cat?post=4266"},{"taxonomy":"product_tag","embeddable":true,"href":"https:\/\/rostudio.lv\/lv\/wp-json\/wp\/v2\/product_tag?post=4266"}],"curies":[{"name":"wp","href":"https:\/\/api.w.org\/{rel}","templated":true}]}}