{"id":4262,"date":"2025-09-04T11:53:52","date_gmt":"2025-09-04T09:53:52","guid":{"rendered":"https:\/\/rostudio.lv\/shop\/booblik\/"},"modified":"2026-04-02T15:57:56","modified_gmt":"2026-04-02T13:57:56","slug":"booblik","status":"publish","type":"product","link":"https:\/\/rostudio.lv\/lv\/shop\/booblik\/","title":{"rendered":"BOOBLIK"},"content":{"rendered":"","protected":false},"excerpt":{"rendered":"<p>mas\u012bvs sudraba gredzens<\/p>\n<p>___iedvesmots no Austrumeiropas maiz\u012bt\u0113m \u2014 t\u0101 skulptur\u0101lais dizains atdarina svaigi ceptas m\u012bklas bag\u0101t\u012bgo tekst\u016bru un izliekumus, radot m\u016b\u017e\u012bgu, tom\u0113r m\u016bsdien\u012bgu izteiksm\u012bgu rotu<\/p>\n","protected":false},"featured_media":4263,"template":"","meta":[],"product_brand":[],"product_cat":[180,177],"product_tag":[],"class_list":{"0":"post-4262","1":"product","2":"type-product","3":"status-publish","4":"has-post-thumbnail","6":"product_cat-gredzeni","7":"product_cat-visas-rotaslietas","9":"first","10":"instock","11":"sold-individually","12":"taxable","13":"shipping-taxable","14":"purchasable","15":"product-type-variable","16":"layout-style-2","17":"col-md-4 col-sm-4 col-xs-6","18":"col-lg-3","19":"product-style-quickview"},"_links":{"self":[{"href":"https:\/\/rostudio.lv\/lv\/wp-json\/wp\/v2\/product\/4262","targetHints":{"allow":["GET"]}}],"collection":[{"href":"https:\/\/rostudio.lv\/lv\/wp-json\/wp\/v2\/product"}],"about":[{"href":"https:\/\/rostudio.lv\/lv\/wp-json\/wp\/v2\/types\/product"}],"wp:featuredmedia":[{"embeddable":true,"href":"https:\/\/rostudio.lv\/lv\/wp-json\/wp\/v2\/media\/4263"}],"wp:attachment":[{"href":"https:\/\/rostudio.lv\/lv\/wp-json\/wp\/v2\/media?parent=4262"}],"wp:term":[{"taxonomy":"product_brand","embeddable":true,"href":"https:\/\/rostudio.lv\/lv\/wp-json\/wp\/v2\/product_brand?post=4262"},{"taxonomy":"product_cat","embeddable":true,"href":"https:\/\/rostudio.lv\/lv\/wp-json\/wp\/v2\/product_cat?post=4262"},{"taxonomy":"product_tag","embeddable":true,"href":"https:\/\/rostudio.lv\/lv\/wp-json\/wp\/v2\/product_tag?post=4262"}],"curies":[{"name":"wp","href":"https:\/\/api.w.org\/{rel}","templated":true}]}}