{"id":4246,"date":"2025-03-28T15:58:09","date_gmt":"2025-03-28T13:58:09","guid":{"rendered":"https:\/\/rostudio.lv\/shop\/booblik01\/"},"modified":"2025-03-28T15:58:09","modified_gmt":"2025-03-28T13:58:09","slug":"booblik01","status":"publish","type":"product","link":"https:\/\/rostudio.lv\/lv\/shop\/booblik01\/","title":{"rendered":"BOOBLIK+01"},"content":{"rendered":"","protected":false},"excerpt":{"rendered":"<p>drosm\u012bgs trad\u012bciju un elegances apvienojums.<br \/>\n\u0160is mas\u012bvais sudraba gredzens ir iedvesmots no Austrumeiropas maizes ru\u013c\u013ciem, t\u0101 skulptur\u0101lais dizains atdarina svaigi ceptas m\u012bklas bag\u0101t\u012bgo tekst\u016bru un izliekumus, radot m\u016b\u017e\u012bgu, tom\u0113r m\u016bsdien\u012bgu rotaslietu.<br \/>\nGredzena centr\u0101 mirdzo\u0161s moisan\u012bta akmens pie\u0161\u0137ir uguns un izsmalcin\u0101t\u012bbas piesk\u0101rienu, lieliski kontrast\u0113jot ar gludo, pul\u0113to sudrabu.<\/p>\n","protected":false},"featured_media":3460,"template":"","meta":[],"product_brand":[],"product_cat":[180,181,177],"product_tag":[],"class_list":{"0":"post-4246","1":"product","2":"type-product","3":"status-publish","4":"has-post-thumbnail","6":"product_cat-gredzeni","7":"product_cat-saderinasanas-gredzeni","8":"product_cat-visas-rotaslietas","10":"first","11":"instock","12":"featured","13":"sold-individually","14":"taxable","15":"shipping-taxable","16":"purchasable","17":"product-type-variable","18":"new","19":"layout-style-2","20":"col-md-4 col-sm-4 col-xs-6","21":"col-lg-3","22":"product-style-quickview"},"_links":{"self":[{"href":"https:\/\/rostudio.lv\/lv\/wp-json\/wp\/v2\/product\/4246","targetHints":{"allow":["GET"]}}],"collection":[{"href":"https:\/\/rostudio.lv\/lv\/wp-json\/wp\/v2\/product"}],"about":[{"href":"https:\/\/rostudio.lv\/lv\/wp-json\/wp\/v2\/types\/product"}],"wp:featuredmedia":[{"embeddable":true,"href":"https:\/\/rostudio.lv\/lv\/wp-json\/wp\/v2\/media\/3460"}],"wp:attachment":[{"href":"https:\/\/rostudio.lv\/lv\/wp-json\/wp\/v2\/media?parent=4246"}],"wp:term":[{"taxonomy":"product_brand","embeddable":true,"href":"https:\/\/rostudio.lv\/lv\/wp-json\/wp\/v2\/product_brand?post=4246"},{"taxonomy":"product_cat","embeddable":true,"href":"https:\/\/rostudio.lv\/lv\/wp-json\/wp\/v2\/product_cat?post=4246"},{"taxonomy":"product_tag","embeddable":true,"href":"https:\/\/rostudio.lv\/lv\/wp-json\/wp\/v2\/product_tag?post=4246"}],"curies":[{"name":"wp","href":"https:\/\/api.w.org\/{rel}","templated":true}]}}