{"id":5651,"date":"2020-11-08T13:33:42","date_gmt":"2020-11-08T11:33:42","guid":{"rendered":"https:\/\/rostudio.lv\/ieteikumi-par-kopsanu\/"},"modified":"2025-12-21T03:26:18","modified_gmt":"2025-12-21T01:26:18","slug":"ieteikumi-par-kopsanu","status":"publish","type":"page","link":"https:\/\/rostudio.lv\/lv\/ieteikumi-par-kopsanu\/","title":{"rendered":"ieteikumi par kop\u0161anu"},"content":{"rendered":"<div class=\"wpb-content-wrapper\"><p>[vc_row full_width=&#8221;stretch_row&#8221; parallax=&#8221;content-moving&#8221; css=&#8221;.vc_custom_1604829578990{padding-top: 70px !important;padding-bottom: 70px !important;}&#8221;][vc_column offset=&#8221;vc_col-lg-12 vc_col-md-12&#8243;][vc_column_text css=&#8221;.vc_custom_1604835111770{margin-bottom: 15px !important;}&#8221;]<strong>___ieteikumi par kop\u0161anu<\/strong><\/p>\n<p>&nbsp;<\/p>\n<p>Regul\u0101ra kop\u0161ana ir oblig\u0101ta, ja v\u0113laties, lai j\u016bsu rotaslietas izskat\u012btos vislab\u0101k.<\/p>\n<p>Sp\u0113c\u012bgas \u0137imik\u0101lijas, s\u0113rs, sviedri un transpir\u0101cija, hlors un skarba saules gaisma var aptraip\u012bt un korod\u0113t j\u016bsu iem\u012b\u013coto rotaslietu spo\u017eo sp\u012bdumu. T\u0101p\u0113c, l\u016bdzu, r\u016bp\u0113jieties par to, lai izvair\u012btos no nelaim\u0113m.<\/p>\n<p>ir optim\u0101li no\u0146emt rotaslietas \u0161\u0101du darb\u012bbu laik\u0101<\/p>\n<p>&nbsp;<\/p>\n<p>___m\u0101jas darbi, piem\u0113ram, trauku mazg\u0101\u0161ana, ve\u013ca un t\u012br\u012b\u0161anas l\u012bdzek\u013cu lieto\u0161ana<\/p>\n<p>___vingrojot, sporta z\u0101l\u0113 vai sp\u0113l\u0113jot kontakt sporta veidus<\/p>\n<p>___mazg\u0101joties du\u0161\u0101 vai vann\u0101<\/p>\n<p>___peld\u0113\u0161ana, karst\u0101s vannas vai saunas<\/p>\n<p>___\u013coti karst\u0101s viet\u0101s<\/p>\n<p>___uzkl\u0101jot losjonu, kosm\u0113tiku, matu produktus utt.<\/p>\n<p>___gatavojot, v\u0101rot vai \u0113dot p\u0101rtiku, kas satur s\u0113ru<\/p>\n<p>___\u0101rpus m\u0101jas darbi vai uzdevumi, piem\u0113ram, d\u0101rzkop\u012bba<\/p>\n<p>atcerieties, ka profilaktisk\u0101 apr\u016bpe vienm\u0113r ir viegl\u0101ka nek\u0101 p\u0113capr\u016bpe!<\/p>\n<p>Izmantojiet vienk\u0101r\u0161u mikro\u0161\u0137iedras dr\u0101nu vai speci\u0101lu rotaslietu dr\u0101nu, lai not\u012br\u012btu savas preces. Neizmantojiet pap\u012bra dvie\u013cus vai tualetes pap\u012bru.[\/vc_column_text][\/vc_column][\/vc_row][vc_row][vc_column width=&#8221;1\/2&#8243;][vc_empty_space height=&#8221;65px&#8221;]<div class=\"sober-banner4 horizontal-align-left vertical-align-top light-scheme  \">\n\t\t\t\t<img decoding=\"async\" class=\"\" src=\"https:\/\/rostudio.lv\/wp-content\/uploads\/2020\/11\/ro_110516_3-600x400.jpg\" width=\"600\" height=\"400\" alt=\"rostudio 110516\" title=\"ro_110516_3\" loading=\"lazy\" \/>\n\t\t\t\t<div class=\"banner-content\">\n\t\t\t\t\t<span class=\"banner-text\"><h2>remonts | izmai\u0146as<\/h2>\n<\/span>\n\t\t\t\t\t<span class=\"sober-button line-hover active button-color-light\">izm\u0113ra<\/span>\n\t\t\t\t<\/div>\n\t\t\t\t<a href=\"https:\/\/rostudio.lv\/lv\/izmera-maina-remonts\/\" target=\"\" rel=\"\" title=\"change of size | repairs\">Skat\u012bt s\u012bk\u0101k<\/a>\n\t\t\t<\/div>[vc_empty_space height=&#8221;75px&#8221;][\/vc_column][vc_column width=&#8221;1\/2&#8243;][vc_empty_space height=&#8221;65px&#8221;]<div class=\"sober-banner4 horizontal-align-left vertical-align-top light-scheme  \">\n\t\t\t\t<img decoding=\"async\" class=\"\" src=\"https:\/\/rostudio.lv\/wp-content\/uploads\/2020\/11\/ro_101130_3-600x400.jpg\" width=\"600\" height=\"400\" alt=\"rostudio 101130\" title=\"ro_101130_3\" loading=\"lazy\" \/>\n\t\t\t\t<div class=\"banner-content\">\n\t\t\t\t\t<span class=\"banner-text\"><h2>izm\u0113ru ce\u013cvedis<\/h2>\n<\/span>\n\t\t\t\t\t<span class=\"sober-button line-hover active button-color-light\">K\u0101 uzzin\u0101t savu izm\u0113ru<\/span>\n\t\t\t\t<\/div>\n\t\t\t\t<a href=\"https:\/\/rostudio.lv\/lv\/izmeru-celvedis\/\" target=\"\" rel=\"\" title=\"Size guide\">Skat\u012bt s\u012bk\u0101k<\/a>\n\t\t\t<\/div>[vc_empty_space height=&#8221;75px&#8221;][\/vc_column][\/vc_row]<\/p>\n<\/div>","protected":false},"excerpt":{"rendered":"<p>[vc_row full_width=&#8221;stretch_row&#8221; parallax=&#8221;content-moving&#8221; css=&#8221;.vc_custom_1604829578990{padding-top: 70px !important;padding-bottom: 70px !important;}&#8221;][vc_column offset=&#8221;vc_col-lg-12 vc_col-md-12&#8243;][vc_column_text css=&#8221;.vc_custom_1604835111770{margin-bottom: 15px !important;}&#8221;]___ieteikumi par kop\u0161anu &nbsp; Regul\u0101ra kop\u0161ana ir oblig\u0101ta, ja v\u0113laties, lai j\u016bsu rotaslietas izskat\u012btos vislab\u0101k. Sp\u0113c\u012bgas \u0137imik\u0101lijas, s\u0113rs, sviedri un transpir\u0101cija, hlors un skarba saules gaisma var aptraip\u012bt un korod\u0113t j\u016bsu iem\u012b\u013coto rotaslietu spo\u017eo sp\u012bdumu. T\u0101p\u0113c, l\u016bdzu, r\u016bp\u0113jieties&hellip;<\/p>\n","protected":false},"author":1,"featured_media":0,"parent":0,"menu_order":0,"comment_status":"closed","ping_status":"closed","template":"","meta":{"footnotes":""},"class_list":["post-5651","page","type-page","status-publish","hentry"],"_links":{"self":[{"href":"https:\/\/rostudio.lv\/lv\/wp-json\/wp\/v2\/pages\/5651","targetHints":{"allow":["GET"]}}],"collection":[{"href":"https:\/\/rostudio.lv\/lv\/wp-json\/wp\/v2\/pages"}],"about":[{"href":"https:\/\/rostudio.lv\/lv\/wp-json\/wp\/v2\/types\/page"}],"author":[{"embeddable":true,"href":"https:\/\/rostudio.lv\/lv\/wp-json\/wp\/v2\/users\/1"}],"replies":[{"embeddable":true,"href":"https:\/\/rostudio.lv\/lv\/wp-json\/wp\/v2\/comments?post=5651"}],"version-history":[{"count":6,"href":"https:\/\/rostudio.lv\/lv\/wp-json\/wp\/v2\/pages\/5651\/revisions"}],"predecessor-version":[{"id":5689,"href":"https:\/\/rostudio.lv\/lv\/wp-json\/wp\/v2\/pages\/5651\/revisions\/5689"}],"wp:attachment":[{"href":"https:\/\/rostudio.lv\/lv\/wp-json\/wp\/v2\/media?parent=5651"}],"curies":[{"name":"wp","href":"https:\/\/api.w.org\/{rel}","templated":true}]}}