{"id":5638,"date":"2020-11-08T13:36:38","date_gmt":"2020-11-08T11:36:38","guid":{"rendered":"https:\/\/rostudio.lv\/izmera-maina-remonts\/"},"modified":"2025-12-21T03:20:58","modified_gmt":"2025-12-21T01:20:58","slug":"izmera-maina-remonts","status":"publish","type":"page","link":"https:\/\/rostudio.lv\/lv\/izmera-maina-remonts\/","title":{"rendered":"izm\u0113ra mai\u0146a | remonts"},"content":{"rendered":"<div class=\"wpb-content-wrapper\"><p>[vc_row full_width=&#8221;stretch_row&#8221; parallax=&#8221;content-moving&#8221; css=&#8221;.vc_custom_1604829578990{padding-top: 70px !important;padding-bottom: 70px !important;}&#8221;][vc_column offset=&#8221;vc_col-lg-12 vc_col-md-12&#8243;][vc_column_text css=&#8221;.vc_custom_1622621763411{margin-bottom: 15px !important;}&#8221;]<strong>___izm\u0113ra mai\u0146a<\/strong><\/p>\n<p>Ja v\u0113laties main\u012bt sava gredzena izm\u0113ru, m\u0113s ar prieku nodro\u0161in\u0101sim vienreiz\u0113ju izm\u0113ra mai\u0146u nevalk\u0101t\u0101m, nemain\u012bt\u0101m, neizp\u0101rdo\u0161anas prec\u0113m, kas tiek atgrieztas 14 dienu laik\u0101 no pas\u016bt\u012bjuma sa\u0146em\u0161anas br\u012b\u017ea. L\u016bdzu, \u0146emiet v\u0113r\u0101, ka m\u0113s neapmain\u012bsim p\u0113c pas\u016bt\u012bjuma izgatavotus pas\u016bt\u012bjumus, laul\u012bbas gredzenus, izstr\u0101d\u0101jumus ar grav\u0113jumiem un rotaslietas, kas ir valk\u0101tas vai kur\u0101m ir ac\u012bmredzamas valk\u0101\u0161anas paz\u012bmes. Ar\u012b nodok\u013cu, nodevu un jebk\u0101du papildu maks\u0101jumu atmaksa, kas var rasties \u0161\u012bs proced\u016bras rezult\u0101t\u0101, b\u016bs j\u016bsu atbild\u012bba.<\/p>\n<p>Izm\u0113ra mai\u0146a var ilgt 1\u20133 ned\u0113\u013cas.<\/p>\n<p>&nbsp;<\/p>\n<p><strong>___remonts<\/strong><\/p>\n<p>Ja j\u016bsu RO STUDIO rotaslietai ir nepiecie\u0161ams remonts, l\u016bdzu, sazinieties ar mums, rakstot e-pastu uz <a href=\"mailto:info@rostudio.lv\">info@rostudio.lv<\/a>, lai m\u0113s var\u0113tu iepaz\u012bties ar visu saisto\u0161o inform\u0101ciju par \u0161o gad\u012bjumu un j\u016bsu v\u0113lm\u0113m.<\/p>\n<p>Ja iesp\u0113jams, l\u016bdzu, nos\u016btiet fotoatt\u0113lus ar rotasliet\u0101m, kur\u0101m nepiecie\u0161ams remonts, vai vienk\u0101r\u0161i apmekl\u0113jiet m\u016bsu studiju, lai m\u0113s var\u0113tu apskat\u012bt un apspriest n\u0101kamos so\u013cus.<\/p>\n<p>Jums j\u0101\u0146em v\u0113r\u0101, ka par pieg\u0101des izmaks\u0101m ir atbild\u012bgs klients.<\/p>\n<p>Remonts var ilgt 1\u20133 ned\u0113\u013cas.[\/vc_column_text][\/vc_column][\/vc_row][vc_row][vc_column width=&#8221;1\/2&#8243;][vc_empty_space height=&#8221;65px&#8221;]<div class=\"sober-banner4 horizontal-align-left vertical-align-top light-scheme  \">\n\t\t\t\t<img decoding=\"async\" class=\"\" src=\"https:\/\/rostudio.lv\/wp-content\/uploads\/2020\/11\/ro_110516_3-600x400.jpg\" width=\"600\" height=\"400\" alt=\"rostudio 110516\" title=\"ro_110516_3\" loading=\"lazy\" \/>\n\t\t\t\t<div class=\"banner-content\">\n\t\t\t\t\t<span class=\"banner-text\"><h2>Pieg\u0101de | Atgrie\u0161ana<\/h2>\n<\/span>\n\t\t\t\t\t<span class=\"sober-button line-hover active button-color-light\">un atmaksa<\/span>\n\t\t\t\t<\/div>\n\t\t\t\t<a href=\"https:\/\/rostudio.lv\/lv\/piegade-atgriesana-naudas-atmaksa\/\" target=\"\" rel=\"\" title=\"pieg\u0101de | atgrie\u0161ana | naudas atmaksa\">Skat\u012bt s\u012bk\u0101k<\/a>\n\t\t\t<\/div>[vc_empty_space height=&#8221;75px&#8221;][\/vc_column][vc_column width=&#8221;1\/2&#8243;][vc_empty_space height=&#8221;65px&#8221;]<div class=\"sober-banner4 horizontal-align-left vertical-align-top light-scheme  \">\n\t\t\t\t<img decoding=\"async\" class=\"\" src=\"https:\/\/rostudio.lv\/wp-content\/uploads\/2020\/11\/ro_110920_3-600x400.jpg\" width=\"600\" height=\"400\" alt=\"rostudio 110920\" title=\"ro_110920_3\" loading=\"lazy\" \/>\n\t\t\t\t<div class=\"banner-content\">\n\t\t\t\t\t<span class=\"banner-text\"><h2>izm\u0113ru ce\u013cvedis<\/h2>\n<\/span>\n\t\t\t\t\t<span class=\"sober-button line-hover active button-color-light\">K\u0101 uzzin\u0101t savu izm\u0113ru<\/span>\n\t\t\t\t<\/div>\n\t\t\t\t<a href=\"https:\/\/rostudio.lv\/lv\/izmeru-celvedis\/\" target=\"\" rel=\"\" title=\"Izm\u0113ru ce\u013cvedis\">Skat\u012bt s\u012bk\u0101k<\/a>\n\t\t\t<\/div>[vc_empty_space height=&#8221;75px&#8221;][\/vc_column][\/vc_row]<\/p>\n<\/div>","protected":false},"excerpt":{"rendered":"<p>[vc_row full_width=&#8221;stretch_row&#8221; parallax=&#8221;content-moving&#8221; css=&#8221;.vc_custom_1604829578990{padding-top: 70px !important;padding-bottom: 70px !important;}&#8221;][vc_column offset=&#8221;vc_col-lg-12 vc_col-md-12&#8243;][vc_column_text css=&#8221;.vc_custom_1622621763411{margin-bottom: 15px !important;}&#8221;]___izm\u0113ra mai\u0146a Ja v\u0113laties main\u012bt sava gredzena izm\u0113ru, m\u0113s ar prieku nodro\u0161in\u0101sim vienreiz\u0113ju izm\u0113ra mai\u0146u nevalk\u0101t\u0101m, nemain\u012bt\u0101m, neizp\u0101rdo\u0161anas prec\u0113m, kas tiek atgrieztas 14 dienu laik\u0101 no pas\u016bt\u012bjuma sa\u0146em\u0161anas br\u012b\u017ea. L\u016bdzu, \u0146emiet v\u0113r\u0101, ka m\u0113s neapmain\u012bsim p\u0113c pas\u016bt\u012bjuma izgatavotus&hellip;<\/p>\n","protected":false},"author":1,"featured_media":0,"parent":0,"menu_order":0,"comment_status":"closed","ping_status":"closed","template":"","meta":{"footnotes":""},"class_list":["post-5638","page","type-page","status-publish","hentry"],"_links":{"self":[{"href":"https:\/\/rostudio.lv\/lv\/wp-json\/wp\/v2\/pages\/5638","targetHints":{"allow":["GET"]}}],"collection":[{"href":"https:\/\/rostudio.lv\/lv\/wp-json\/wp\/v2\/pages"}],"about":[{"href":"https:\/\/rostudio.lv\/lv\/wp-json\/wp\/v2\/types\/page"}],"author":[{"embeddable":true,"href":"https:\/\/rostudio.lv\/lv\/wp-json\/wp\/v2\/users\/1"}],"replies":[{"embeddable":true,"href":"https:\/\/rostudio.lv\/lv\/wp-json\/wp\/v2\/comments?post=5638"}],"version-history":[{"count":2,"href":"https:\/\/rostudio.lv\/lv\/wp-json\/wp\/v2\/pages\/5638\/revisions"}],"predecessor-version":[{"id":5644,"href":"https:\/\/rostudio.lv\/lv\/wp-json\/wp\/v2\/pages\/5638\/revisions\/5644"}],"wp:attachment":[{"href":"https:\/\/rostudio.lv\/lv\/wp-json\/wp\/v2\/media?parent=5638"}],"curies":[{"name":"wp","href":"https:\/\/api.w.org\/{rel}","templated":true}]}}