{"id":4327,"date":"2017-06-07T04:29:17","date_gmt":"2017-06-07T02:29:17","guid":{"rendered":"https:\/\/rostudio.lv\/izmeru-celvedis\/"},"modified":"2025-12-21T02:11:02","modified_gmt":"2025-12-21T00:11:02","slug":"izmeru-celvedis","status":"publish","type":"page","link":"https:\/\/rostudio.lv\/lv\/izmeru-celvedis\/","title":{"rendered":"Izm\u0113ru ce\u013cvedis"},"content":{"rendered":"<div class=\"wpb-content-wrapper\"><p>[vc_row][vc_column width=&#8221;1\/2&#8243;]<div class=\"sober-banner4 horizontal-align-left vertical-align-top light-scheme  \">\n\t\t\t\t<img decoding=\"async\" class=\"\" src=\"https:\/\/rostudio.lv\/wp-content\/uploads\/2025\/03\/baranka_ar_moissanitu-scaled-600x400.jpg\" width=\"600\" height=\"400\" alt=\"baranka_ar_moissan\u012btu\" title=\"baranka_ar_moissan\u012btu\" loading=\"lazy\" \/>\n\t\t\t\t<div class=\"banner-content\">\n\t\t\t\t\t<span class=\"banner-text\"><h2>Gredzenu izm\u0113ru ce\u013cvedis<\/h2>\n<\/span>\n\t\t\t\t\t<span class=\"sober-button line-hover active button-color-light\">K\u0101 izm\u0113r\u012bt savu izm\u0113ru<\/span>\n\t\t\t\t<\/div>\n\t\t\t\t<a href=\"#rings\" target=\"\" rel=\"\" title=\"\">Skat\u012bt s\u012bk\u0101k<\/a>\n\t\t\t<\/div>[\/vc_column][vc_column width=&#8221;1\/2&#8243;]<div class=\"sober-banner4 horizontal-align-left vertical-align-top light-scheme  \">\n\t\t\t\t<img decoding=\"async\" class=\"\" src=\"https:\/\/rostudio.lv\/wp-content\/uploads\/2025\/07\/wire_bracelet_silver-4-scaled-600x400.jpg\" width=\"600\" height=\"400\" alt=\"wire_bracelet_silver-4\" title=\"wire_bracelet_silver-4\" loading=\"lazy\" \/>\n\t\t\t\t<div class=\"banner-content\">\n\t\t\t\t\t<span class=\"banner-text\"><p style=\"font-weight: 600;\">JAUN\u0100 KOLEKCIJA<\/p>\n<h2>Aproces izm\u0113ru ce\u013cvedis<\/h2>\n<\/span>\n\t\t\t\t\t<span class=\"sober-button line-hover active button-color-light\">K\u0101 uzzin\u0101t savu izm\u0113ru<\/span>\n\t\t\t\t<\/div>\n\t\t\t\t<a href=\"#cuffs\" target=\"\" rel=\"\" title=\"\">Skat\u012bt s\u012bk\u0101k<\/a>\n\t\t\t<\/div>[\/vc_column][\/vc_row][vc_row full_width=&#8221;stretch_row&#8221; parallax=&#8221;content-moving&#8221; css=&#8221;.vc_custom_1604829578990{padding-top: 70px !important;padding-bottom: 70px !important;}&#8221;][vc_column offset=&#8221;vc_col-lg-12 vc_col-md-12&#8243;][vc_empty_space height=&#8221;50px&#8221;][vc_custom_heading text=&#8221;GREDZENI<br \/>\nK\u0101 izm\u0113r\u012bt savu izm\u0113ru&#8221; font_container=&#8221;tag:h2|font_size:24|text_align:left&#8221; use_theme_fonts=&#8221;yes&#8221; css=&#8221;.vc_custom_1604829540311{margin-bottom: 15px !important;}&#8221; el_id=&#8221;rings&#8221;][vc_column_text css=&#8221;.vc_custom_1753956072989{margin-bottom: 15px !important;}&#8221;]Gredzena izm\u0113ra noteik\u0161ana ir sare\u017e\u0123\u012bta!<\/p>\n<p>Ja J\u016bs nezin\u0101t savu gredzena izm\u0113ru, m\u0113s ar prieku J\u016bs sagaid\u012bsim m\u016bsu veikal\u0101 un pal\u012bdz\u0113sim noskaidrot J\u016bsu n\u0101kamajam iecien\u012bt\u0101kajam gredzenam piem\u0113rot\u0101ko izm\u0113ru! \u0160aubu gad\u012bjum\u0101, l\u016bdzu, sazinieties ar mums, un m\u0113s Jums pal\u012bdz\u0113sim!<\/p>\n<p><strong>___Pirksta m\u0113r\u012b\u0161ana<\/strong><\/p>\n<p>Gredzenam \u0113rti j\u0101piegu\u013c pirkstam, pietiekami cie\u0161i, lai tas nenokristu, bet pietiekami br\u012bvi, lai ar nelielu pretest\u012bbu sl\u012bd\u0113tu p\u0101ri pirksta loc\u012btavai.<\/p>\n<p>Pirksta izm\u0113rs main\u0101s atkar\u012bb\u0101 no diennakts laika un laikapst\u0101k\u013ciem. Lai ieg\u016btu vislab\u0101kos rezult\u0101tus, m\u0113riet pirkstu dienas beig\u0101s un tad, kad pirksti ir silti. Turkl\u0101t, lai nov\u0113rstu neprec\u012bzus r\u0101d\u012bjumus, l\u016bdzu, pirms pas\u016bt\u012b\u0161anas m\u0113riet pirksta izm\u0113ru tr\u012bs l\u012bdz \u010detras reizes.  <\/p>\n<p>Ja J\u016bsu pirksta loc\u012btava ir daudz liel\u0101ka par pirksta pamatni, izm\u0113riet abus un izv\u0113lieties izm\u0113ru, kas ir pa vidu abiem.<\/p>\n<p><strong>___Temperat\u016bra ir svar\u012bga<\/strong><\/p>\n<p>Nem\u0113riet, ja J\u016bsu \u0137erme\u0146a temperat\u016bra ir p\u0101r\u0101k zema vai p\u0101r\u0101k augsta. Auksts pirksts sar\u016bk, bet karsts pirksts izple\u0161as, izraisot neprec\u012bzus r\u0101d\u012bjumus. M\u0113riet tikai tad, kad pirksti ir istabas temperat\u016br\u0101.  <\/p>\n<p><strong>___Kad, \u0161\u0137iet, der divi izm\u0113ri<\/strong><\/p>\n<p>Ja J\u016bs vilcin\u0101ties starp diviem izm\u0113riem, vienm\u0113r izv\u0113lieties liel\u0101ko.<\/p>\n<p><strong>___Plat\u0101kai joslai nepiecie\u0161ams liel\u0101ks izm\u0113rs<\/strong><\/p>\n<p>Ja J\u016bs ieg\u0101d\u0101jaties gredzenu ar platu joslu, m\u0113s iesak\u0101m palielin\u0101t izm\u0113ru par pusi no J\u016bsu m\u0113r\u012bjuma, lai justos \u0113rt\u0101k.<\/p>\n<p><strong>___Skat\u012bt izm\u0113ru tabulu zem\u0101k<\/strong><\/p>\n<table style=\"height: 877px;\" width=\"615\">\n<tbody>\n<tr>\n<td width=\"90\">Iek\u0161\u0113jais diametrs (mm)<\/td>\n<td width=\"90\">ASV un Kan\u0101da<\/td>\n<td width=\"90\">Lielbrit\u0101nija un Austr\u0101lija<\/td>\n<\/tr>\n<tr>\n<td>12<\/td>\n<td>1\/2<\/td>\n<td>A<\/td>\n<\/tr>\n<tr>\n<td>12.5<\/td>\n<td>1 1\/4<\/td>\n<td>B 1\/2<\/td>\n<\/tr>\n<tr>\n<td>13<\/td>\n<td>1 3\/4<\/td>\n<td>C 1\/2<\/td>\n<\/tr>\n<tr>\n<td>13.5<\/td>\n<td>2 1\/4<\/td>\n<td>D 1\/2<\/td>\n<\/tr>\n<tr>\n<td>14<\/td>\n<td>3<\/td>\n<td>F<\/td>\n<\/tr>\n<tr>\n<td>14.5<\/td>\n<td>3 1\/2<\/td>\n<td>G<\/td>\n<\/tr>\n<tr>\n<td>15<\/td>\n<td>4<\/td>\n<td>H 1\/2<\/td>\n<\/tr>\n<tr>\n<td>15.5<\/td>\n<td>4 1\/2<\/td>\n<td>J<\/td>\n<\/tr>\n<tr>\n<td>16<\/td>\n<td>5 1\/2<\/td>\n<td>K 1\/2<\/td>\n<\/tr>\n<tr>\n<td>16.5<\/td>\n<td>6<\/td>\n<td>L 1\/2<\/td>\n<\/tr>\n<tr>\n<td>17<\/td>\n<td>6 1\/2<\/td>\n<td>M 1\/2<\/td>\n<\/tr>\n<tr>\n<td>17.5<\/td>\n<td>7<\/td>\n<td>O<\/td>\n<\/tr>\n<tr>\n<td>18<\/td>\n<td>8<\/td>\n<td>P 1\/2<\/td>\n<\/tr>\n<tr>\n<td>18.5<\/td>\n<td>8 1\/2<\/td>\n<td>Q 1\/2<\/td>\n<\/tr>\n<tr>\n<td>19<\/td>\n<td>9<\/td>\n<td>R 1\/2<\/td>\n<\/tr>\n<tr>\n<td>19.5<\/td>\n<td>9 1\/2<\/td>\n<td>S 1\/2<\/td>\n<\/tr>\n<tr>\n<td>20<\/td>\n<td>10<\/td>\n<td>U<\/td>\n<\/tr>\n<tr>\n<td>20.5<\/td>\n<td>11<\/td>\n<td>V 1\/2<\/td>\n<\/tr>\n<tr>\n<td>21<\/td>\n<td>11 1\/2<\/td>\n<td>W 1\/2<\/td>\n<\/tr>\n<tr>\n<td>21.5<\/td>\n<td>12<\/td>\n<td>X 1\/2<\/td>\n<\/tr>\n<tr>\n<td>22<\/td>\n<td>12 1\/2<\/td>\n<td>Z 1\/2<\/td>\n<\/tr>\n<\/tbody>\n<\/table>\n<p>[\/vc_column_text][\/vc_column][\/vc_row][vc_row full_width=&#8221;stretch_row&#8221; parallax=&#8221;content-moving&#8221; css=&#8221;.vc_custom_1604830777539{padding-top: 70px !important;padding-bottom: 70px !important;}&#8221; el_id=&#8221;Aproces&#8221;][vc_column width=&#8221;2\/3&#8243; offset=&#8221;vc_col-lg-8 vc_col-md-8&#8243;][vc_empty_space height=&#8221;50px&#8221;][vc_custom_heading text=&#8221;APROCES<br \/>\nK\u0101 izv\u0113l\u0113ties savu izm\u0113ru&#8221; font_container=&#8221;tag:h2|font_size:24|text_align:left&#8221; use_theme_fonts=&#8221;yes&#8221; css=&#8221;.vc_custom_1604830710819{margin-bottom: 15px !important;}&#8221;][vc_column_text css=&#8221;.vc_custom_1753956852119{margin-bottom: 15px !important;}&#8221;]<strong>___Apro\u010du\/rokasspr\u0101d\u017eu izm\u0113ri<\/strong><\/p>\n<p>Izm\u0113riet savu plaukstas loc\u012btavu zem plaukstas kaula vai viet\u0101, kur parasti valk\u0101jat savu rokasspr\u0101dzi.<\/p>\n<p>Ja J\u016bs atrodaties starp izm\u0113riem, pajaut\u0101jiet sev, k\u0101 J\u016bs v\u0113l\u0113tos valk\u0101t savu rokasspr\u0101dzi\/aproci. Ja J\u016bs to valk\u0101jat cie\u0161i, izv\u0113lieties maz\u0101ku izm\u0113ru, un, ja Jums pat\u012bk to valk\u0101t br\u012bvi, izv\u0113lieties n\u0101kamo izm\u0113ru. <\/p>\n<p>Ja J\u016bs j\u016btaties apmulsis, m\u0113s ar prieku J\u016bs sagaid\u012bsim m\u016bsu studij\u0101 un pal\u012bdz\u0113sim atrast J\u016bsu n\u0101kamajai iecien\u012bt\u0101kajai rokasspr\u0101dzei piem\u0113rot\u0101ko izm\u0113ru! \u0160aubu gad\u012bjum\u0101, l\u016bdzu, sazinieties ar mums, un m\u0113s Jums pal\u012bdz\u0113sim.<\/p>\n<p><strong>___Skat\u012bt izm\u0113ru tabulu zem\u0101k<\/strong><\/p>\n<table width=\"435\">\n<tbody>\n<tr>\n<td width=\"123\">Izm\u0113rs<\/td>\n<td width=\"145\">Milimetri<\/td>\n<td width=\"167\">Collas<\/td>\n<\/tr>\n<tr>\n<td>xxs<\/td>\n<td>130 +\/- 5 mm<\/td>\n<td>4.76 \u2013 5.25 in.<\/td>\n<\/tr>\n<tr>\n<td>xs<\/td>\n<td>140 +\/- 5 mm<\/td>\n<td>5.26 \u2013 5.75 in.<\/td>\n<\/tr>\n<tr>\n<td>s<\/td>\n<td>150 +\/- 5 mm<\/td>\n<td>5.76 \u2013 6.25 in.<\/td>\n<\/tr>\n<tr>\n<td>m<\/td>\n<td>160 +\/- 5 mm<\/td>\n<td>6.26 \u2013 6.75 in.<\/td>\n<\/tr>\n<tr>\n<td>l<\/td>\n<td>170 +\/- 5 mm<\/td>\n<td>6.76 \u2013 7.25 in.<\/td>\n<\/tr>\n<tr>\n<td>xl<\/td>\n<td>180 +\/- 5 mm<\/td>\n<td>7.26 \u2013 7.75 in.<\/td>\n<\/tr>\n<tr>\n<td>xxl<\/td>\n<td>190 +\/- 5 mm<\/td>\n<td>7.76 \u2013 8.25 in.<\/td>\n<\/tr>\n<\/tbody>\n<\/table>\n<p>[\/vc_column_text][\/vc_column][vc_column width=&#8221;1\/3&#8243;][\/vc_column][\/vc_row][vc_row full_width=&#8221;stretch_row&#8221; parallax=&#8221;content-moving&#8221; disable_element=&#8221;yes&#8221; css=&#8221;.vc_custom_1604835745495{padding-top: 70px !important;padding-bottom: 70px !important;background-color: #f1f2f4 !important;}&#8221;][vc_column width=&#8221;2\/3&#8243; offset=&#8221;vc_col-lg-8 vc_col-md-8&#8243;][vc_custom_heading text=&#8221;Dr\u012bzum\u0101<br \/>\n\u012apa\u0161as rotaslietas pa\u0161iem maz\u0101kajiem&#8221; font_container=&#8221;tag:h2|font_size:24|text_align:left&#8221; use_theme_fonts=&#8221;yes&#8221; css=&#8221;.vc_custom_1604831067044{margin-bottom: 15px !important;}&#8221;][vc_column_text css=&#8221;.vc_custom_1604831085026{margin-bottom: 15px !important;}&#8221;]Nepalaidiet gar\u0101m jaunumus, piesakoties \u0161eit[\/vc_column_text][vc_column_text][mc4wp_form id=&#8221;195&#8243;][\/vc_column_text][\/vc_column][vc_column width=&#8221;1\/3&#8243;][\/vc_column][\/vc_row][vc_row][vc_column width=&#8221;1\/2&#8243;][vc_empty_space height=&#8221;65px&#8221;]<div class=\"sober-banner4 horizontal-align-left vertical-align-top light-scheme  \">\n\t\t\t\t<img decoding=\"async\" class=\"\" src=\"https:\/\/rostudio.lv\/wp-content\/uploads\/2021\/11\/RO-photoshoot-744-of-804-scaled-e1743236517344-600x400.jpg\" width=\"600\" height=\"400\" alt=\"RO fotosesija (744 no 804)\" title=\"RO fotosesija (744 no 804)\" loading=\"lazy\" \/>\n\t\t\t\t<div class=\"banner-content\">\n\t\t\t\t\t<span class=\"banner-text\"><h2>Main\u012bt izm\u0113ru<\/h2>\n<\/span>\n\t\t\t\t\t<span class=\"sober-button line-hover active button-color-light\">Un remonts<\/span>\n\t\t\t\t<\/div>\n\t\t\t\t<a href=\"https:\/\/rostudio.lv\/change-repairs\/\" target=\"\" rel=\"\" title=\"izm\u0113ra mai\u0146a | remonts\">Skat\u012bt s\u012bk\u0101k<\/a>\n\t\t\t<\/div>[vc_empty_space height=&#8221;75px&#8221;][\/vc_column][vc_column width=&#8221;1\/2&#8243;][vc_empty_space height=&#8221;65px&#8221;]<div class=\"sober-banner4 horizontal-align-left vertical-align-top light-scheme  \">\n\t\t\t\t<img decoding=\"async\" class=\"\" src=\"https:\/\/rostudio.lv\/wp-content\/uploads\/2025\/03\/RO-photoshoot-797-of-804-scaled-e1743166690387-600x400.jpg\" width=\"600\" height=\"400\" alt=\"RO photoshoot (797 of 804)\" title=\"RO photoshoot (797 of 804)\" loading=\"lazy\" \/>\n\t\t\t\t<div class=\"banner-content\">\n\t\t\t\t\t<span class=\"banner-text\"><h2>Kop\u0161ana<\/h2>\n<\/span>\n\t\t\t\t\t<span class=\"sober-button line-hover active button-color-light\">Ieteikumi<\/span>\n\t\t\t\t<\/div>\n\t\t\t\t<a href=\"https:\/\/rostudio.lv\/care\/\" target=\"\" rel=\"\" title=\"ieteikumi par kop\u0161anu\">Skat\u012bt s\u012bk\u0101k<\/a>\n\t\t\t<\/div>[\/vc_column][\/vc_row][vc_row full_width=&#8221;stretch_row&#8221; disable_element=&#8221;yes&#8221; css=&#8221;.vc_custom_1604830968983{background-color: #f1f2f4 !important;}&#8221;][vc_column][vc_custom_heading text=&#8221;Aiz RO STUDIO&#8221; font_container=&#8221;tag:h2|text_align:center&#8221; use_theme_fonts=&#8221;yes&#8221; css=&#8221;.vc_custom_1604830872883{margin-bottom: 80px !important;}&#8221;]<div class=\"sober-post-grid post-grid sober-post-grid post-grid columns-3  \">\n\t\t\t\t<div class=\"row\"><div class=\"col-sm-6 col-md-4 post-4477 post type-post status-publish format-standard has-post-thumbnail hentry category-ro-studio category-stasti tag-rostudio tag-rotaslietas\">\n\t\t\t\t\t<a href=\"https:\/\/rostudio.lv\/lv\/2021\/04\/16\/ro-studio-juvelierizstradajumu-radisanas-intimais-process\/\" class=\"post-thumbnail\"><img loading=\"lazy\" decoding=\"async\" width=\"360\" height=\"240\" src=\"https:\/\/rostudio.lv\/wp-content\/uploads\/2021\/04\/Screen-Shot-2021-04-16-at-13.32.53-360x240.png\" class=\"attachment-sober-blog-grid size-sober-blog-grid wp-post-image\" alt=\"\" \/><\/a>\n\t\t\t\t\t<div class=\"post-summary\">\n\t\t\t\t\t\t<div class=\"entry-meta\"><\/div>\n\t\t\t\t\t\t<h3 class=\"entry-title\"><a href=\"https:\/\/rostudio.lv\/lv\/2021\/04\/16\/ro-studio-juvelierizstradajumu-radisanas-intimais-process\/\" rel=\"bookmark\">RO STUDIO juvelierizstr\u0101d\u0101jumu rad\u012b\u0161anas int\u012bmais process<\/a><\/h3>\n\t\t\t\t\t\t<div class=\"entry-summary\">Noskatieties m\u016bsu jaun\u0101ko video, lai redz\u0113tu int\u012bmo un nedaudz kosmisko procesu, k\u0101 tiek rad\u012bts gredzens 281120.<\/div>\n\t\t\t\t\t\t<a class=\"line-hover read-more active\" href=\"https:\/\/rostudio.lv\/lv\/2021\/04\/16\/ro-studio-juvelierizstradajumu-radisanas-intimais-process\/\">Read More<\/a>\n\t\t\t\t\t<\/div>\n\t\t\t\t<\/div><\/div>\n\t\t\t<\/div><div class=\"sober-partners plain-layout \"><div class=\"partner\"><a href=\"#\" target=\"_self\" class=\"partner-logo\"><img decoding=\"async\"  src=\"https:\/\/ik.imagekit.io\/vn49p9jmnnv7g\/sober\/logos\/partner-logo-1_jMqv0e8VTF.png\" \/><\/a><\/div> <div class=\"partner\"><a href=\"#\" target=\"_self\" class=\"partner-logo\"><img decoding=\"async\"  src=\"https:\/\/ik.imagekit.io\/vn49p9jmnnv7g\/sober\/logos\/partner-logo-2_lZuPbm-LB.png\" \/><\/a><\/div> <div class=\"partner\"><a href=\"#\" target=\"_self\" class=\"partner-logo\"><img decoding=\"async\"  src=\"https:\/\/ik.imagekit.io\/vn49p9jmnnv7g\/sober\/logos\/partner-logo-3_KBc99KGmiqy.png\" \/><\/a><\/div> <div class=\"partner\"><a href=\"#\" target=\"_self\" class=\"partner-logo\"><img decoding=\"async\"  src=\"https:\/\/ik.imagekit.io\/vn49p9jmnnv7g\/sober\/logos\/partner-logo-4_wzDK7nKlJk.png\" \/><\/a><\/div> <div class=\"partner\"><a href=\"#\" target=\"_self\" class=\"partner-logo\"><img decoding=\"async\"  src=\"https:\/\/ik.imagekit.io\/vn49p9jmnnv7g\/sober\/logos\/partner-logo-5_97-_7xKmKz42.png\" \/><\/a><\/div><\/div>[vc_empty_space height=&#8221;65px&#8221;][\/vc_column][\/vc_row]<\/p>\n<\/div>","protected":false},"excerpt":{"rendered":"<p>[vc_row][vc_column width=&#8221;1\/2&#8243;][\/vc_column][vc_column width=&#8221;1\/2&#8243;][\/vc_column][\/vc_row][vc_row full_width=&#8221;stretch_row&#8221; parallax=&#8221;content-moving&#8221; css=&#8221;.vc_custom_1604829578990{padding-top: 70px !important;padding-bottom: 70px !important;}&#8221;][vc_column offset=&#8221;vc_col-lg-12 vc_col-md-12&#8243;][vc_empty_space height=&#8221;50px&#8221;][vc_custom_heading text=&#8221;GREDZENI K\u0101 izm\u0113r\u012bt savu izm\u0113ru&#8221; font_container=&#8221;tag:h2|font_size:24|text_align:left&#8221; use_theme_fonts=&#8221;yes&#8221; css=&#8221;.vc_custom_1604829540311{margin-bottom: 15px !important;}&#8221; el_id=&#8221;rings&#8221;][vc_column_text css=&#8221;.vc_custom_1753956072989{margin-bottom: 15px !important;}&#8221;]Gredzena izm\u0113ra noteik\u0161ana ir sare\u017e\u0123\u012bta! Ja J\u016bs nezin\u0101t savu gredzena izm\u0113ru, m\u0113s ar prieku J\u016bs sagaid\u012bsim m\u016bsu veikal\u0101 un pal\u012bdz\u0113sim noskaidrot J\u016bsu n\u0101kamajam iecien\u012bt\u0101kajam&hellip;<\/p>\n","protected":false},"author":1,"featured_media":0,"parent":0,"menu_order":0,"comment_status":"closed","ping_status":"closed","template":"","meta":{"footnotes":""},"class_list":["post-4327","page","type-page","status-publish","hentry"],"_links":{"self":[{"href":"https:\/\/rostudio.lv\/lv\/wp-json\/wp\/v2\/pages\/4327","targetHints":{"allow":["GET"]}}],"collection":[{"href":"https:\/\/rostudio.lv\/lv\/wp-json\/wp\/v2\/pages"}],"about":[{"href":"https:\/\/rostudio.lv\/lv\/wp-json\/wp\/v2\/types\/page"}],"author":[{"embeddable":true,"href":"https:\/\/rostudio.lv\/lv\/wp-json\/wp\/v2\/users\/1"}],"replies":[{"embeddable":true,"href":"https:\/\/rostudio.lv\/lv\/wp-json\/wp\/v2\/comments?post=4327"}],"version-history":[{"count":8,"href":"https:\/\/rostudio.lv\/lv\/wp-json\/wp\/v2\/pages\/4327\/revisions"}],"predecessor-version":[{"id":4422,"href":"https:\/\/rostudio.lv\/lv\/wp-json\/wp\/v2\/pages\/4327\/revisions\/4422"}],"wp:attachment":[{"href":"https:\/\/rostudio.lv\/lv\/wp-json\/wp\/v2\/media?parent=4327"}],"curies":[{"name":"wp","href":"https:\/\/api.w.org\/{rel}","templated":true}]}}