{"id":4313,"date":"2020-10-07T11:34:58","date_gmt":"2020-10-07T09:34:58","guid":{"rendered":"https:\/\/rostudio.lv\/privatuma-politika\/"},"modified":"2025-12-21T02:09:44","modified_gmt":"2025-12-21T00:09:44","slug":"privatuma-politika","status":"publish","type":"page","link":"https:\/\/rostudio.lv\/lv\/privatuma-politika\/","title":{"rendered":"Priv\u0101tuma politika"},"content":{"rendered":"<div class=\"wpb-content-wrapper\"><p>[vc_row][vc_column][vc_column_text]<\/p>\n<h1>Priv\u0101tuma politika<\/h1>\n<p>M\u016bsu m\u0101jaslapas adrese ir https:\/\/rostudio.lv\/.<\/p>\n<h2>Saist\u012bbas<\/h2>\n<p>\u0160\u012b Priv\u0101tuma politika paskaidro, k\u0101 \u201crostudio.lv\u201d iev\u0101c par Jums person\u012bgos datus, k\u0101 tos glab\u0101, izmanto un kad izpau\u017e \u0161os datus.<\/p>\n<p>\u201crostudio.lv\u201d ap\u0146emas aizsarg\u0101t J\u016bsu person\u012bgo datu priv\u0101tumu, kuri tiek ieg\u016bti no Jums, taj\u0101 skait\u0101 datus, kas tiek ieg\u016bti, kad J\u016bs apmekl\u0113jat \u201crostudio.lv\u201d m\u0101jaslapu. M\u0113s augsti nov\u0113rt\u0113jam J\u016bsu priv\u0101tumu, un t\u0101p\u0113c \u0161\u012b politika ir viegli pieejama m\u016bsu m\u0101jaslap\u0101s, lai pal\u012bdz\u0113tu Jums izprast, k\u0101 tiek izmantota inform\u0101cija, kas ieg\u016bta m\u0101jaslapu izmanto\u0161anas laik\u0101. Priv\u0101tuma politika apraksta person\u012bg\u0101s inform\u0101cijas apstr\u0101d\u0101\u0161anas pamatprincipus.  <\/p>\n<h2>Inform\u0101cija, ko m\u0113s iev\u0101cam<\/h2>\n<p>Ir divu veidu inform\u0101cija, ko \u201crostudio.lv\u201d var iev\u0101kt par Jums: \u201cAnon\u012bmie dati\u201d un \u201cPerson\u012bgie dati\u201d.<\/p>\n<h2>Anon\u012bmie dati<\/h2>\n<p>Anon\u012bmie dati sast\u0101v no re\u0123istra datn\u0113m un s\u012bkdatn\u0113m \u2013 \u0161ie dati nav personiski identific\u0113jami, k\u0101 J\u016bsu Interneta Protocola (\u201cIP\u201d) adrese, dom\u0113ns vai inform\u0101cija par \u201crostudio.lv\u201d m\u0101jaslapas izmanto\u0161anu, kas tiks izmantota tikai administrat\u012bv\u0101m vajadz\u012bb\u0101m. \u0160\u012b m\u0101jaslapa izmanto nozares standarta anal\u012btisk\u0101s pakas, kas autom\u0101tiski iev\u0101c ierobe\u017eotu inform\u0101ciju par m\u0101jaslapas apmekl\u0113t\u0101jiem un saglab\u0101 \u0161o inform\u0101ciju servera re\u0123istru arh\u012bv\u0101. \u0160\u012b inform\u0101cija var satur\u0113t IP adresi, p\u0101rl\u016bka veidu, pamat IP inform\u0101ciju, atsauces lapas, izmantoto operat\u012bvo sist\u0113mu un datuma\/laika kodus. \u0160\u012b inform\u0101cija neidentific\u0113 individu\u0101lus apmekl\u0113t\u0101jus, t\u0101 tiek izmantota lapas administr\u0113\u0161anai, k\u0101 ar\u012b lapas pielietojuma un tenden\u010du anal\u012bzei.   <\/p>\n<p>S\u012bkdatnes var tikt izmantotas, lai atvieglotu un pa\u0101trin\u0101tu piek\u013cuvi m\u0101jaslapas iesp\u0113j\u0101m, t\u0101d\u0101m k\u0101 autoriz\u0113\u0161an\u0101s un\/vai atk\u0101rtotai apmekl\u0113\u0161anai. S\u012bkdatnes ir \u013coti mazi teksta faili, kas tiek saglab\u0101ti person\u0101lajos datoros atsau\u010du vajadz\u012bb\u0101m. M\u0113s nesasaist\u0101m inform\u0101ciju, kas glab\u0101jas s\u012bkdatn\u0113s, ar person\u012bgi identific\u0113jamu inform\u0101ciju, ko esat sniegu\u0161i m\u016bsu lap\u0101.  <\/p>\n<p>Mums nav administrat\u012bv\u0101s pieejas, un m\u0113s nesp\u0113jam ietekm\u0113t s\u012bkdatnes, ko izmanto rekl\u0101mdev\u0113ji m\u016bsu m\u0101jaslap\u0101.<\/p>\n<h2>S\u012bkdatnes<\/h2>\n<p>\u0160\u012b m\u0101jaslapa izmanto programmas, kas tiek sauktas par s\u012bkdatn\u0113m, kas \u013cauj lietot\u0101jam \u0161\u0137irst\u012bt p\u0101rl\u016bku un uzglab\u0101 inform\u0101ciju par apmekl\u0113taj\u0101m m\u0101jaslap\u0101m. \u0160ie faili netiek izmantoti, lai apstr\u0101d\u0101tu person\u012bgo inform\u0101ciju, \u0161ie dati ir anon\u012bmi, un inform\u0101cija, kas tiek sav\u0101kta ar s\u012bkdat\u0146u pal\u012bdz\u012bbu, tiek nos\u016bt\u012bta Google, lai izveidotu m\u0101jaslapas statistisk\u0101s atskaites. Laik\u0101, kad apmekl\u0113jat m\u016bsu m\u0101jaslapu, s\u012bkdatnes autom\u0101tiski sav\u0101c inform\u0101ciju par J\u016bsu apmekl\u0113jumu, piem\u0113ram, IP adresi, dom\u0113na nosaukumu, p\u0101rl\u016bka veidu, operat\u012bv\u0101s sist\u0113mas veidu. Lietot\u0101jam ir iesp\u0113ja blo\u0137\u0113t s\u012bkdat\u0146u izmanto\u0161anu.   <\/p>\n<h2>Google Analytics<\/h2>\n<p>\u0160\u012b m\u0101jaslapa izmanto Google Analytics, kas pal\u012bdz analiz\u0113t to, k\u0101 apmekl\u0113t\u0101ji izmanto m\u0101jaslapu. \u0160is instruments izmanto \u201cs\u012bkdatnes,\u201d teksta failus, kas tiek izvietoti j\u016bsu dator\u0101, lai anon\u012bmi sav\u0101ktu standarta Interneta re\u0123istr\u0101ciju un apmekl\u0113t\u0101ju uzved\u012bbu inform\u0101ciju. Inform\u0101cija, ko iev\u0101c s\u012bkdatne par to, k\u0101 J\u016bs izmantojat m\u0101jaslapu, taj\u0101 skait\u0101 J\u016bsu IP adrese, tiek nos\u016bt\u012bta Google. \u0160\u012b inform\u0101cija tiek izmantota, lai nov\u0113rt\u0113tu, k\u0101 apmekl\u0113t\u0101ji izmanto m\u0101jaslapu, un lai veidotu statistisk\u0101s atskaites par lapas aktivit\u0101ti \u201crostudio.lv\u201d.   <\/p>\n<p>M\u0113s nekad neizmantosim un ar\u012b ne\u013causim k\u0101dai tre\u0161ai pusei izmantot \u0161o statistikas anal\u012bzes instrumentu, lai izsekotu un ieg\u016btu priv\u0101tu inform\u0101ciju par m\u016bsu m\u0101jaslapas apmekl\u0113t\u0101jiem. Google nesasaist\u012bs J\u016bsu IP adresi ar jebk\u0101diem citiem datiem, kas pieejami Google. Ne m\u0113s, ne Google nem\u0113\u0123in\u0101sim sasaist\u012bt IP adresi ar individu\u0101lo datora lietot\u0101ju. M\u0113s nesasaist\u012bsim jebk\u0101dus datus, kas ieg\u016bti \u0161aj\u0101 m\u0101jaslap\u0101, ar personiski identific\u0113jamu inform\u0101ciju, iz\u0146emot gad\u012bjumus, kad J\u016bs iesniegsiet inform\u0101ciju m\u016bsu m\u0101jaslapas aizpild\u0101maj\u0101 form\u0101.   <\/p>\n<h2>Person\u012bgie dati<\/h2>\n<p>Person\u012bgie dati ir jebkuri dati, kas J\u016bs personiski identific\u0113, piem\u0113ram, J\u016bsu v\u0101rds, adrese, e-pasta adrese vai telefona numurs. M\u0113s iev\u0101cam \u0161\u0101du inform\u0101ciju tad, kad J\u016bs piedal\u0101ties konkurs\u0101, pierakst\u0101ties m\u016bsu apk\u0101rtrakstam vai iesaistieties cit\u0101s tie\u0161saistes aktivit\u0101t\u0113s, piem\u0113ram, forumos. <\/p>\n<p>Kad m\u0113s iev\u0101cam personiski identific\u0113jamu inform\u0101ciju, Jums ir iesp\u0113ja pieteikties sa\u0146emt e-pastu vai cita veida digit\u0101lu komunik\u0101ciju no mums vai m\u016bsu biznesa partneriem.<\/p>\n<p>Ja J\u016bs esat iesniegu\u0161i personiski identific\u0113jamu inform\u0101ciju \u2018\u2019rostudio.lv\u2019\u2019 m\u0101jaslap\u0101, Jums ir iesp\u0113ja to labot, izmain\u012bt vai izdz\u0113st to, ja t\u0101 neatbilst paties\u012bbai.<\/p>\n<p>Re\u0123istr\u0101cija nav nepiecie\u0161ama, lai piek\u013c\u016btu vai izmantotu \u0161o m\u0101jaslapu. Tom\u0113r \u0161\u012b m\u0101jaslapa var izveidot forumus, blogus, zi\u0146ojuma d\u0113\u013cus un citas lietas, kas b\u016bs pieejamas m\u0101jaslapas izmantot\u0101jiem. Jums, iesp\u0113jams, b\u016bs j\u0101piere\u0123istr\u0113jas, lai izmantotu \u0161\u012bs iesp\u0113jas, it \u012bpa\u0161i tad, ja v\u0113laties atst\u0101t koment\u0101rus vai pievienot rakstus.  <\/p>\n<p>Ja J\u016bs re\u0123istr\u0113jaties un \u0161\u012b procesa laik\u0101 iesniedzat personiski identific\u0113jamu inform\u0101ciju, esat dro\u0161i, ka \u0161\u012b inform\u0101cija netiks izplat\u012bta k\u0101dai tre\u0161ai pusei bez J\u016bsu at\u013caujas.<\/p>\n<p>L\u016bdzu, \u0146emiet v\u0113r\u0101, ja J\u016bs ievietojat koment\u0101rus vai rakstus k\u0101d\u0101 no forumiem, blogiem vai zi\u0146ojumu d\u0113\u013ciem \u0161aj\u0101 m\u0101jaslap\u0101, tad jebkura personiski identific\u0113jama inform\u0101cija, kas b\u016bs min\u0113ta, b\u016bs pieejama un izmantojama ikvienam, kas lasa vai skat\u0101s \u0161os koment\u0101rus vai rakstus. \u0160aj\u0101 gad\u012bjum\u0101 m\u0113s neesam atbild\u012bgi par personiski identific\u0113jamo inform\u0101ciju, ko esat izl\u0113mu\u0161i sniegt caur \u0161\u0101diem kan\u0101liem.<br \/>\nM\u0113s pied\u0101v\u0101jam m\u016bsu m\u0101jaslapas apmekl\u0113t\u0101jiem iesp\u0113ju pieteikties zi\u0146u sa\u0146em\u0161anai no mums. \u0160aj\u0101 gad\u012bjum\u0101 m\u0113s no apmekl\u0113t\u0101ja pieprasam e-pasta adresi un v\u0101rdu. \u0160\u012bs komunik\u0101cijas sast\u0101v\u0101 ir m\u016bsu regul\u0101rais apk\u0101rtraksts, produktu rekl\u0101mas un jebk\u0101da cita inform\u0101cija, kas p\u0113c m\u016bsu dom\u0101m var\u0113tu b\u016bt svar\u012bga apmekl\u0113t\u0101jam. J\u016bs varat atteikties no k\u0101das \u0161\u012b pakalpojuma sast\u0101vda\u013cas vai visp\u0101r no \u0161\u012b pakalpojuma, uzklik\u0161\u0137inot uz \u2018\u2019atteikties\u2019\u2019 saites, kas ir atrodama katr\u0101 e-past\u0101, ko m\u0113s Jums nos\u016bt\u0101m.    <\/p>\n<p>Ja J\u016bs iesniedzat savu e-pasta adresi un\/vai v\u0101rdu, lai sa\u0146emtu zi\u0146as no mums, tad \u0161\u012b inform\u0101cija netiks izplat\u012bta tre\u0161ai pusei bez J\u016bsu at\u013caujas.<\/p>\n<h2>Pieeja personiski identific\u0113jamai inform\u0101cijai<\/h2>\n<p>Ja J\u016bsu personiski identific\u0113jam\u0101 inform\u0101cija main\u0101s vai ja J\u016bs v\u0113laties, lai mums vairs neb\u016btu pieejama J\u016bsu personiski identific\u0113jam\u0101 inform\u0101cija, tad J\u016bs varat piepras\u012bt to izlabot, atjaunin\u0101t vai izdz\u0113st, nos\u016btot mums e-pastu uz info@rostudio.lv.<\/p>\n<h2>Tre\u0161\u0101s puses un tre\u0161o pu\u0161u m\u0101jaslapas<\/h2>\n<p>M\u0113s respekt\u0113jam J\u016bsu konfidencialit\u0101ti, un t\u0101p\u0113c jebkura inform\u0101cija, kas tiks iev\u0101kta \u0161aj\u0101 m\u0101jaslap\u0101, tiks tur\u0113ta slepen\u012bb\u0101. T\u0101 netiks p\u0101rdota vai izmantota k\u0101d\u0101 veid\u0101, kas var\u0113tu Jums kait\u0113t. <\/p>\n<p>\u0160\u012b m\u0101jaslapa var satur\u0113t saites uz cit\u0101m m\u0101jaslap\u0101m, kur\u0101s mums nav piln\u012bgi nek\u0101das kontroles. L\u016bdzu, \u0146emiet to v\u0113r\u0101, kad J\u016bs klik\u0161\u0137in\u0101t uz sait\u0113m; m\u0113s neesam atbild\u012bgi par priv\u0101tuma praktiku un politik\u0101m cit\u0101s m\u0101jaslap\u0101s. T\u0101p\u0113c iesak\u0101m apskat\u012bt katras m\u0101jaslapas priv\u0101tuma politiku neatkar\u012bgi no t\u0101, vai m\u016bsu m\u0101jaslap\u0101 ir vai nav saites uz t\u0101m.  <\/p>\n<h2>Piekri\u0161ana un labojumi<\/h2>\n<p>Izmantojot rostudio.lv un\/vai piedaloties rostudio.lv aktivit\u0101t\u0113s, J\u016bs apliecin\u0101t savu piekri\u0161anu Priv\u0101tuma politikas noteikumiem. Ja J\u016bs nepiekr\u012btat \u0161ai Priv\u0101tuma politikai, l\u016bdzu, neiesniedziet priv\u0101tu inform\u0101ciju \u0161aj\u0101 m\u0101jaslap\u0101. <\/p>\n<p>M\u0113s sekojam nozares standartiem, lai aizsarg\u0101tu jebk\u0101du inform\u0101ciju, ko esat mums iesniegu\u0161i. Tom\u0113r ir j\u0101\u0146em v\u0113r\u0101, ka neviena no elektronisk\u0101s uzglab\u0101\u0161anas metod\u0113m nekad neb\u016bs 100% dro\u0161a. L\u012bdz ar to, k\u0101 jebkura cita organiz\u0101cija, m\u0113s nevaram garant\u0113t absol\u016btu dro\u0161\u012bbu J\u016bsu inform\u0101cijai.  <\/p>\n<p>\u201crostudio.lv\u201d var veikt izmai\u0146as Priv\u0101tuma politik\u0101 jebkur\u0101 br\u012bd\u012b un p\u0113c saviem ieskatiem. Labojumi st\u0101jas sp\u0113k\u0101 p\u0113c to public\u0113\u0161anas m\u0101jaslap\u0101. J\u016bs esat atbild\u012bgs periodiski p\u0101rlas\u012bt \u0161o Priv\u0101tuma politiku, lai b\u016btu p\u0101rliecin\u0101ts, ka esat iepazinies ar izmai\u0146\u0101m.  <\/p>\n<h2>Juridisk\u0101 atbild\u012bba<\/h2>\n<p>M\u0113s saglab\u0101jam ties\u012bbas izpaust J\u016bsu personiski identific\u0113jamo inform\u0101ciju, k\u0101 to pieprasa likumdo\u0161ana, un gad\u012bjumos, kad m\u0113s uzskat\u0101m, ka izpau\u0161ana ir nepiecie\u0161ama, lai aizsarg\u0101tu m\u016bsu ties\u012bbas un\/vai pak\u013caujoties juridisk\u0101m r\u012bc\u012bb\u0101m, tiesas pav\u0113st\u0113m vai juridiskiem procesiem.<\/p>\n<h2>Atgrie\u0161anas politika<\/h2>\n<p>Jums ir ties\u012bbas piepras\u012bt pilnu samaks\u0101t\u0101s naudas atmaksu 14 dienu laik\u0101 p\u0113c preces sa\u0146em\u0161anas, ja nav noteikts sav\u0101d\u0101k preces vai pakalpojuma aprakst\u0101. Lai atgrieztu samaks\u0101to naudu, Jums j\u0101v\u0113r\u0161as pie Pakalpojuma sniedz\u0113ja, rakstot uz e-pastu: info@rostudio, \u0161im e-pastam pievienojot apliecino\u0161u dokumentu par apmaksas veik\u0161anu un aicin\u0101jumu atgriezt samaks\u0101to naudu. <\/p>\n<p>Jums tiks atmaks\u0101ta summa, kas neietver s\u016bt\u012b\u0161anas izmaksas un jebk\u0101das citas izmaksas, kas radu\u0161\u0101s pie J\u016bsu pas\u016bt\u012bjuma, k\u0101, piem\u0113ram, ievedmuitas nodok\u013ci un citi.<\/p>\n<p>we will not exchange custom-made orders, wedding rings, pieces with engraving and jewelry that have been worn or show obvious signs of wear.<\/p>\n<p>Atgriezt nav iesp\u0113jams \u012bpa\u0161i p\u0113c pas\u016bt\u012bjuma veidotas rotas, k\u0101 laul\u012bbu gredzeni, rotas ar \u012bpa\u0161u grav\u0113jumu, k\u0101 ar\u012b rotas, kas tiku\u0161as n\u0113s\u0101tas un par\u0101da man\u0101mas lieto\u0161anas paz\u012bmes.<\/p>\n<p>Ja prece ir tikusi lietota un\/vai boj\u0101ta, respekt\u012bvi, nav ori\u0123in\u0101l\u0101 jaunas rotas st\u0101vokl\u012b un man\u0101mas ir lieto\u0161anas paz\u012bmes, preces tiks atgrieztas atpaka\u013c pirc\u0113jam, izmaksas atgrie\u0161anai sedz pirc\u0113js. Rostudio.lv patur ties\u012bbas nepie\u0146emt atgrieztas rotas, ja t\u0101s nesakr\u012bt ar augst\u0101k min\u0113taj\u0101m pras\u012bb\u0101m. <\/p>\n<p>Vis\u0101m rot\u0101m, kas tiek atgrieztas, j\u0101b\u016bt ori\u0123in\u0101laj\u0101 iepakojum\u0101.<\/p>\n<p>Lai samain\u012btu rotas, s\u016btiet e-pastu uz info@rostudio.lv, nor\u0101diet pas\u016bt\u012bjuma numuru un iemeslu, k\u0101p\u0113c v\u0113laties apmain\u012bt rotas. M\u0113s ar Jums sazin\u0101simies caur e-pastu, lai veiktu apmai\u0146as procesu un aprun\u0101tu deta\u013cas. <\/p>\n<p>Atmaksa var ilgt l\u012bdz 15 dien\u0101m.<\/p>\n<p>&nbsp;<\/p>\n<h2>Uz\u0146\u0113muma kontakti<\/h2>\n<p>RO STUDIO, SIA<\/p>\n<p>A\/S &#8220;SEB banka&#8221;, kods UNLALV2X<\/p>\n<p>LV77UNLA0055001987698<\/p>\n<p>Akotu iela 3, R\u012bga, Latvija, LV-1082<\/p>\n<p>Re\u0123. Nr. 40203273087 <\/p>\n<p>info@rostudio.lv<\/p>\n<p><a href=\"tel:+37129133118\">+371 29 133 118<\/a><\/p>\n<h3>\u0160\u012b Priv\u0101tuma politika p\u0113d\u0113jo reizi tika atjaunin\u0101ta [18.11.2020.].<\/h3>\n<p>[\/vc_column_text][\/vc_column][\/vc_row]<\/p>\n<\/div>","protected":false},"excerpt":{"rendered":"<p>[vc_row][vc_column][vc_column_text] Priv\u0101tuma politika M\u016bsu m\u0101jaslapas adrese ir https:\/\/rostudio.lv\/. Saist\u012bbas \u0160\u012b Priv\u0101tuma politika paskaidro, k\u0101 \u201crostudio.lv\u201d iev\u0101c par Jums person\u012bgos datus, k\u0101 tos glab\u0101, izmanto un kad izpau\u017e \u0161os datus. \u201crostudio.lv\u201d ap\u0146emas aizsarg\u0101t J\u016bsu person\u012bgo datu priv\u0101tumu, kuri tiek ieg\u016bti no Jums, taj\u0101 skait\u0101 datus, kas tiek ieg\u016bti, kad J\u016bs apmekl\u0113jat&hellip;<\/p>\n","protected":false},"author":1,"featured_media":0,"parent":0,"menu_order":0,"comment_status":"closed","ping_status":"open","template":"","meta":{"footnotes":""},"class_list":["post-4313","page","type-page","status-publish","hentry"],"_links":{"self":[{"href":"https:\/\/rostudio.lv\/lv\/wp-json\/wp\/v2\/pages\/4313","targetHints":{"allow":["GET"]}}],"collection":[{"href":"https:\/\/rostudio.lv\/lv\/wp-json\/wp\/v2\/pages"}],"about":[{"href":"https:\/\/rostudio.lv\/lv\/wp-json\/wp\/v2\/types\/page"}],"author":[{"embeddable":true,"href":"https:\/\/rostudio.lv\/lv\/wp-json\/wp\/v2\/users\/1"}],"replies":[{"embeddable":true,"href":"https:\/\/rostudio.lv\/lv\/wp-json\/wp\/v2\/comments?post=4313"}],"version-history":[{"count":5,"href":"https:\/\/rostudio.lv\/lv\/wp-json\/wp\/v2\/pages\/4313\/revisions"}],"predecessor-version":[{"id":4326,"href":"https:\/\/rostudio.lv\/lv\/wp-json\/wp\/v2\/pages\/4313\/revisions\/4326"}],"wp:attachment":[{"href":"https:\/\/rostudio.lv\/lv\/wp-json\/wp\/v2\/media?parent=4313"}],"curies":[{"name":"wp","href":"https:\/\/api.w.org\/{rel}","templated":true}]}}