{"id":3845,"date":"2017-06-07T14:30:24","date_gmt":"2017-06-07T12:30:24","guid":{"rendered":"https:\/\/rostudio.lv\/mums\/"},"modified":"2026-04-01T12:25:48","modified_gmt":"2026-04-01T10:25:48","slug":"mums","status":"publish","type":"page","link":"https:\/\/rostudio.lv\/lv\/mums\/","title":{"rendered":"m\u0113s"},"content":{"rendered":"<div class=\"wpb-content-wrapper\"><p>[vc_row full_width=&#8221;stretch_row_content_no_spaces&#8221; full_height=&#8221;yes&#8221; columns_placement=&#8221;bottom&#8221; content_placement=&#8221;bottom&#8221; css_animation=&#8221;fadeIn&#8221; el_class=&#8221;text-light&#8221; css=&#8221;.vc_custom_1742392472139{background-image: url(https:\/\/rostudio.lv\/wp-content\/uploads\/2025\/03\/RO-photoshoot-509-of-804-scaled.jpg?id=3350) !important;background-position: center !important;background-repeat: no-repeat !important;background-size: cover !important;}&#8221;][vc_column][\/vc_column][\/vc_row][vc_row css=&#8221;.vc_custom_1775038177137{margin-top: 50px !important;}&#8221;][vc_column][vc_column_text css=&#8221;&#8221;]<span style=\"font-weight: 300;\">strauj\u0101 pasaules pulsa iedvesmots, RO STUDIO ir dzimis rado\u0161\u0101 savien\u012bb\u0101 starp Ter\u0113zei un Robertu \u2013 p\u0101ri, kas roku rok\u0101 iet cauri k\u0101 dz\u012bvei, t\u0101 biznesam. \u0161is st\u0101sts s\u0101k\u0101s ar Roberta degsmi rad\u012bt rotaslietas Ter\u0113zei, kas t\u0101s p\u0101rv\u0113rta starptautiska juvelierizstr\u0101d\u0101jumu z\u012bmola pamatos. <\/span><\/p>\n<p><span style=\"font-weight: 300;\">RO STUDIO ir laikmet\u012bgas elegances un drosm\u012bga minim\u0101lisma apvienojums, ko raksturo t\u012bras l\u012bnijas, skulptur\u0101las formas un izteiksm\u012bgi materi\u0101lu kontrasti. katra RO STUDIO darbn\u012bc\u0101 rad\u012bt\u0101 rota tiek ar rok\u0101m izgatavota sudrab\u0101 vai zelt\u0101 un papildin\u0101ta ar dab\u012bgiem akme\u0146iem un d\u0101rgakme\u0146iem, pie\u0161\u0137irot skrupulozu autentiskumu katrai deta\u013cai. <\/span><\/p>\n<p><span style=\"font-weight: 300;\">s\u0101kot ar pirmaj\u0101m skic\u0113m l\u012bdz pat nosl\u0113dzo\u0161ajam piesk\u0101rienam, rotai non\u0101kot pie klienta, katrs ra\u017eo\u0161anas posms tiek veikts Ter\u0113zes, Roberta un vi\u0146u komandas rok\u0101s. Roberts vada ra\u017eo\u0161anas procesu, savuk\u0101rt Ter\u0113ze veido m\u0101ksliniecisko redz\u0113jumu, padarot RO STUDIO par nevainojamu meistar\u012bbas un rado\u0161uma simbiozi. <\/span><\/p>\n<p><span style=\"font-weight: 300;\">RO STUDIO durvis ir atv\u0113rtas, gaidot Tevi, lai iepaz\u012bstin\u0101tu ar savu pasauli.<\/span>[\/vc_column_text][\/vc_column][\/vc_row][vc_row][vc_column][vc_column_text css=&#8221;.vc_custom_1770586455977{margin-top: 20px !important;margin-bottom: 20px !important;}&#8221;]<\/p>\n<h2 style=\"text-align: center;\"><span style=\"color: #000000;\">m\u0113s rad\u0101m ma\u0123iju!<\/span><\/h2>\n<p>[\/vc_column_text][\/vc_column][\/vc_row][vc_row full_width=&#8221;stretch_row_content&#8221; css=&#8221;.vc_custom_1775038831244{margin-bottom: 20px !important;}&#8221;][vc_column]<div class=\"sober-product-grid sober-products sober-product-grid sober-products\"><div class=\"woocommerce columns-6 \"><ul class=\"products columns-6\">\n<li class=\"layout-style-2 col-md-4 col-sm-4 col-xs-6 col-lg-2 product-style-quickview product type-product post-4284 status-publish first instock product_cat-auskari product_cat-visas-rotaslietas has-post-thumbnail sold-individually taxable shipping-taxable purchasable product-type-variable has-default-attributes\">\n\t<div class=\"product-header\"><a href=\"https:\/\/rostudio.lv\/lv\/shop\/arc-360\/\" class=\"woocommerce-LoopProduct-link woocommerce-loop-product__link\"><img loading=\"lazy\" decoding=\"async\" width=\"433\" height=\"516\" src=\"https:\/\/rostudio.lv\/wp-content\/uploads\/2025\/12\/ARC-360-earrings-2-433x516.jpg\" class=\"attachment-woocommerce_thumbnail size-woocommerce_thumbnail\" alt=\"ARC \u2014 360 sudraba auskari\" \/><\/a>\n\t\t\n\t\t\t<div class=\"buttons-icon\">\n\t\t\t\t<a href=\"\/lv\/wp-json\/wp\/v2\/pages\/3845?add_to_wishlist=4284\" data-product_id=\"4284\" data-product_type=\"variable\" class=\"button add-to-wishlist-button add-to-wishlist-4284 \" rel=\"nofollow\">\n\t\t\t<svg role=\"img\" viewBox=\"0 0 20 20\" width=\"20\" height=\"20\" class=\"like\" > <use href=\"#heart-wishlist-like\" xlink:href=\"#heart-wishlist-like\"><\/use> <\/svg><svg role=\"img\" viewBox=\"0 0 20 20\" width=\"20\" height=\"20\" class=\"liked\" > <use href=\"#heart-wishlist-liked\" xlink:href=\"#heart-wishlist-liked\"><\/use> <\/svg>\n\t\t\t<span class=\"indent-text\">Pievienot v\u0113lmju sarakstam<\/span>\n\t\t<\/a>\t\t\t<\/div>\n\n\t\t\n\t\t\n\t\t\t<div class=\"buttons\">\n\t\t\t\t<a href=\"https:\/\/rostudio.lv\/lv\/shop\/arc-360\/\" data-quantity=\"1\" class=\"button product_type_variable add_to_cart_button sober-loop-atc-button\" data-product_id=\"4284\" data-product_sku=\"ARC\u2014360\" aria-label=\"Izv\u0113lieties opcijas priek\u0161 &ldquo;ARC \u2014 360&rdquo;\" rel=\"nofollow\">\n\t\t\t\t<svg role=\"img\" viewBox=\"0 0 20 20\" width=\"20\" height=\"20\" > <use href=\"#basket-addtocart\" xlink:href=\"#basket-addtocart\"><\/use> <\/svg>\n\t\t\t\t<span class=\"screen-reader-text\">Izv\u0113lieties<\/span>\n\t\t\t<\/a>\t<span id=\"woocommerce_loop_add_to_cart_link_describedby_4284\" class=\"screen-reader-text\">\n\t\t\u0160im produktam ir vair\u0101ki varianti. Opcijas var izv\u0113l\u0113ties produkta lap\u0101 \t<\/span>\n<a href=\"https:\/\/rostudio.lv\/lv\/shop\/arc-360\/\" class=\"quick_view_button button\" data-product_id=\"4284\"><svg role=\"img\" viewBox=\"0 0 20 20\" width=\"20\" height=\"20\" > <use href=\"#quickview-eye\" xlink:href=\"#quickview-eye\"><\/use> <\/svg><\/a>\t\t\t<\/div>\n\n\t\t\n\t\t<\/div>\n\t\t<h3 class=\"woocommerce-loop-product__title\"><a href=\"https:\/\/rostudio.lv\/lv\/shop\/arc-360\/\">ARC \u2014 360<\/a><\/h3>\n\n\t\t\n\n\t\n\t\t<span class=\"price\"><span class=\"wcpbc-price wcpbc-price-4284\" data-product-id=\"4284\"><span class=\"woocommerce-Price-amount amount\"><span class=\"woocommerce-Price-currencySymbol\">&euro;<\/span>250,00<\/span><\/span><\/span>\n\n\t\n<\/li>\n<li class=\"layout-style-2 col-md-4 col-sm-4 col-xs-6 col-lg-2 product-style-quickview product type-product post-5692 status-publish instock product_cat-gredzeni product_cat-visas-rotaslietas has-post-thumbnail sold-individually taxable shipping-taxable purchasable product-type-variable has-default-attributes\">\n\t<div class=\"product-header\"><a href=\"https:\/\/rostudio.lv\/lv\/shop\/131124\/\" class=\"woocommerce-LoopProduct-link woocommerce-loop-product__link\"><img loading=\"lazy\" decoding=\"async\" width=\"433\" height=\"516\" src=\"https:\/\/rostudio.lv\/wp-content\/uploads\/2025\/10\/45_mm_sirds-433x516.jpg\" class=\"attachment-woocommerce_thumbnail size-woocommerce_thumbnail\" alt=\"131124\" srcset=\"https:\/\/rostudio.lv\/wp-content\/uploads\/2025\/10\/45_mm_sirds-433x516.jpg 433w, https:\/\/rostudio.lv\/wp-content\/uploads\/2025\/10\/45_mm_sirds-9x12.jpg 9w\" sizes=\"auto, (max-width: 433px) 100vw, 433px\" \/><\/a>\n\t\t\n\t\t\t<div class=\"buttons-icon\">\n\t\t\t\t<a href=\"\/lv\/wp-json\/wp\/v2\/pages\/3845?add_to_wishlist=5692\" data-product_id=\"5692\" data-product_type=\"variable\" class=\"button add-to-wishlist-button add-to-wishlist-5692 \" rel=\"nofollow\">\n\t\t\t<svg role=\"img\" viewBox=\"0 0 20 20\" width=\"20\" height=\"20\" class=\"like\" > <use href=\"#heart-wishlist-like\" xlink:href=\"#heart-wishlist-like\"><\/use> <\/svg><svg role=\"img\" viewBox=\"0 0 20 20\" width=\"20\" height=\"20\" class=\"liked\" > <use href=\"#heart-wishlist-liked\" xlink:href=\"#heart-wishlist-liked\"><\/use> <\/svg>\n\t\t\t<span class=\"indent-text\">Pievienot v\u0113lmju sarakstam<\/span>\n\t\t<\/a>\t\t\t<\/div>\n\n\t\t\n\t\t\n\t\t\t<div class=\"buttons\">\n\t\t\t\t<a href=\"https:\/\/rostudio.lv\/lv\/shop\/131124\/\" data-quantity=\"1\" class=\"button product_type_variable add_to_cart_button sober-loop-atc-button\" data-product_id=\"5692\" data-product_sku=\"131124\" aria-label=\"Izv\u0113lieties opcijas priek\u0161 &ldquo;131124&rdquo;\" rel=\"nofollow\">\n\t\t\t\t<svg role=\"img\" viewBox=\"0 0 20 20\" width=\"20\" height=\"20\" > <use href=\"#basket-addtocart\" xlink:href=\"#basket-addtocart\"><\/use> <\/svg>\n\t\t\t\t<span class=\"screen-reader-text\">Izv\u0113lieties<\/span>\n\t\t\t<\/a>\t<span id=\"woocommerce_loop_add_to_cart_link_describedby_5692\" class=\"screen-reader-text\">\n\t\t\u0160im produktam ir vair\u0101ki varianti. Opcijas var izv\u0113l\u0113ties produkta lap\u0101 \t<\/span>\n<a href=\"https:\/\/rostudio.lv\/lv\/shop\/131124\/\" class=\"quick_view_button button\" data-product_id=\"5692\"><svg role=\"img\" viewBox=\"0 0 20 20\" width=\"20\" height=\"20\" > <use href=\"#quickview-eye\" xlink:href=\"#quickview-eye\"><\/use> <\/svg><\/a>\t\t\t<\/div>\n\n\t\t\n\t\t<\/div>\n\t\t<h3 class=\"woocommerce-loop-product__title\"><a href=\"https:\/\/rostudio.lv\/lv\/shop\/131124\/\">131124<\/a><\/h3>\n\n\t\t\n\n\t\n\t\t<span class=\"price\"><span class=\"wcpbc-price wcpbc-price-5692\" data-product-id=\"5692\"><span class=\"woocommerce-Price-amount amount\"><span class=\"woocommerce-Price-currencySymbol\">&euro;<\/span>520,00<\/span><\/span><\/span>\n\n\t\n<\/li>\n<li class=\"layout-style-2 col-md-4 col-sm-4 col-xs-6 col-lg-2 product-style-quickview product type-product post-5923 status-publish instock product_cat-gredzeni product_cat-visas-rotaslietas has-post-thumbnail sold-individually taxable shipping-taxable purchasable product-type-variable has-default-attributes\">\n\t<div class=\"product-header\"><a href=\"https:\/\/rostudio.lv\/lv\/shop\/221022\/\" class=\"woocommerce-LoopProduct-link woocommerce-loop-product__link\"><img loading=\"lazy\" decoding=\"async\" width=\"433\" height=\"516\" src=\"https:\/\/rostudio.lv\/wp-content\/uploads\/2025\/10\/chess-433x516.jpg\" class=\"attachment-woocommerce_thumbnail size-woocommerce_thumbnail\" alt=\"221022\" srcset=\"https:\/\/rostudio.lv\/wp-content\/uploads\/2025\/10\/chess-433x516.jpg 433w, https:\/\/rostudio.lv\/wp-content\/uploads\/2025\/10\/chess-9x12.jpg 9w\" sizes=\"auto, (max-width: 433px) 100vw, 433px\" \/><\/a>\n\t\t\n\t\t\t<div class=\"buttons-icon\">\n\t\t\t\t<a href=\"\/lv\/wp-json\/wp\/v2\/pages\/3845?add_to_wishlist=5923\" data-product_id=\"5923\" data-product_type=\"variable\" class=\"button add-to-wishlist-button add-to-wishlist-5923 \" rel=\"nofollow\">\n\t\t\t<svg role=\"img\" viewBox=\"0 0 20 20\" width=\"20\" height=\"20\" class=\"like\" > <use href=\"#heart-wishlist-like\" xlink:href=\"#heart-wishlist-like\"><\/use> <\/svg><svg role=\"img\" viewBox=\"0 0 20 20\" width=\"20\" height=\"20\" class=\"liked\" > <use href=\"#heart-wishlist-liked\" xlink:href=\"#heart-wishlist-liked\"><\/use> <\/svg>\n\t\t\t<span class=\"indent-text\">Pievienot v\u0113lmju sarakstam<\/span>\n\t\t<\/a>\t\t\t<\/div>\n\n\t\t\n\t\t\n\t\t\t<div class=\"buttons\">\n\t\t\t\t<a href=\"https:\/\/rostudio.lv\/lv\/shop\/221022\/\" data-quantity=\"1\" class=\"button product_type_variable add_to_cart_button sober-loop-atc-button\" data-product_id=\"5923\" data-product_sku=\"221022\" aria-label=\"Izv\u0113lieties opcijas priek\u0161 &ldquo;221022&rdquo;\" rel=\"nofollow\">\n\t\t\t\t<svg role=\"img\" viewBox=\"0 0 20 20\" width=\"20\" height=\"20\" > <use href=\"#basket-addtocart\" xlink:href=\"#basket-addtocart\"><\/use> <\/svg>\n\t\t\t\t<span class=\"screen-reader-text\">Izv\u0113lieties<\/span>\n\t\t\t<\/a>\t<span id=\"woocommerce_loop_add_to_cart_link_describedby_5923\" class=\"screen-reader-text\">\n\t\t\u0160im produktam ir vair\u0101ki varianti. Opcijas var izv\u0113l\u0113ties produkta lap\u0101 \t<\/span>\n<a href=\"https:\/\/rostudio.lv\/lv\/shop\/221022\/\" class=\"quick_view_button button\" data-product_id=\"5923\"><svg role=\"img\" viewBox=\"0 0 20 20\" width=\"20\" height=\"20\" > <use href=\"#quickview-eye\" xlink:href=\"#quickview-eye\"><\/use> <\/svg><\/a>\t\t\t<\/div>\n\n\t\t\n\t\t<\/div>\n\t\t<h3 class=\"woocommerce-loop-product__title\"><a href=\"https:\/\/rostudio.lv\/lv\/shop\/221022\/\">221022<\/a><\/h3>\n\n\t\t\n\n\t\n\t\t<span class=\"price\"><span class=\"wcpbc-price wcpbc-price-5923\" data-product-id=\"5923\"><span class=\"woocommerce-Price-amount amount\"><span class=\"woocommerce-Price-currencySymbol\">&euro;<\/span>560,00<\/span><\/span><\/span>\n\n\t\n<\/li>\n<li class=\"layout-style-2 col-md-4 col-sm-4 col-xs-6 col-lg-2 product-style-quickview product type-product post-5939 status-publish instock product_cat-auskari product_cat-visas-rotaslietas has-post-thumbnail featured sold-individually taxable shipping-taxable purchasable product-type-variable has-default-attributes\">\n\t<div class=\"product-header\"><a href=\"https:\/\/rostudio.lv\/lv\/shop\/apzeltiti-umbrella-auskari\/\" class=\"woocommerce-LoopProduct-link woocommerce-loop-product__link\"><img loading=\"lazy\" decoding=\"async\" width=\"433\" height=\"516\" src=\"https:\/\/rostudio.lv\/wp-content\/uploads\/2025\/09\/umberella_gold-copy-433x516.jpg\" class=\"attachment-woocommerce_thumbnail size-woocommerce_thumbnail\" alt=\"UMBRELLA ar zelta p\u0101rkl\u0101jumu\" srcset=\"https:\/\/rostudio.lv\/wp-content\/uploads\/2025\/09\/umberella_gold-copy-433x516.jpg 433w, https:\/\/rostudio.lv\/wp-content\/uploads\/2025\/09\/umberella_gold-copy-9x12.jpg 9w\" sizes=\"auto, (max-width: 433px) 100vw, 433px\" \/><\/a>\n\t\t\n\t\t\t<div class=\"buttons-icon\">\n\t\t\t\t<a href=\"\/lv\/wp-json\/wp\/v2\/pages\/3845?add_to_wishlist=5939\" data-product_id=\"5939\" data-product_type=\"variable\" class=\"button add-to-wishlist-button add-to-wishlist-5939 \" rel=\"nofollow\">\n\t\t\t<svg role=\"img\" viewBox=\"0 0 20 20\" width=\"20\" height=\"20\" class=\"like\" > <use href=\"#heart-wishlist-like\" xlink:href=\"#heart-wishlist-like\"><\/use> <\/svg><svg role=\"img\" viewBox=\"0 0 20 20\" width=\"20\" height=\"20\" class=\"liked\" > <use href=\"#heart-wishlist-liked\" xlink:href=\"#heart-wishlist-liked\"><\/use> <\/svg>\n\t\t\t<span class=\"indent-text\">Pievienot v\u0113lmju sarakstam<\/span>\n\t\t<\/a>\t\t\t<\/div>\n\n\t\t\n\t\t\n\t\t\t<div class=\"buttons\">\n\t\t\t\t<a href=\"https:\/\/rostudio.lv\/lv\/shop\/apzeltiti-umbrella-auskari\/\" data-quantity=\"1\" class=\"button product_type_variable add_to_cart_button sober-loop-atc-button\" data-product_id=\"5939\" data-product_sku=\"the golden UMBRELLA earrings\" aria-label=\"Izv\u0113lieties opcijas priek\u0161 &ldquo;UMBRELLA ar zelta p\u0101rkl\u0101jumu&rdquo;\" rel=\"nofollow\">\n\t\t\t\t<svg role=\"img\" viewBox=\"0 0 20 20\" width=\"20\" height=\"20\" > <use href=\"#basket-addtocart\" xlink:href=\"#basket-addtocart\"><\/use> <\/svg>\n\t\t\t\t<span class=\"screen-reader-text\">Izv\u0113lieties<\/span>\n\t\t\t<\/a>\t<span id=\"woocommerce_loop_add_to_cart_link_describedby_5939\" class=\"screen-reader-text\">\n\t\t\u0160im produktam ir vair\u0101ki varianti. Opcijas var izv\u0113l\u0113ties produkta lap\u0101 \t<\/span>\n<a href=\"https:\/\/rostudio.lv\/lv\/shop\/apzeltiti-umbrella-auskari\/\" class=\"quick_view_button button\" data-product_id=\"5939\"><svg role=\"img\" viewBox=\"0 0 20 20\" width=\"20\" height=\"20\" > <use href=\"#quickview-eye\" xlink:href=\"#quickview-eye\"><\/use> <\/svg><\/a>\t\t\t<\/div>\n\n\t\t\n\t\t<\/div>\n\t\t<h3 class=\"woocommerce-loop-product__title\"><a href=\"https:\/\/rostudio.lv\/lv\/shop\/apzeltiti-umbrella-auskari\/\">UMBRELLA ar zelta p\u0101rkl\u0101jumu<\/a><\/h3>\n\n\t\t\n\n\t\n\t\t<span class=\"price\"><span class=\"wcpbc-price wcpbc-price-5939\" data-product-id=\"5939\"><span class=\"woocommerce-Price-amount amount\"><span class=\"woocommerce-Price-currencySymbol\">&euro;<\/span>300,00<\/span><\/span><\/span>\n\n\t\n<\/li>\n<li class=\"layout-style-2 col-md-4 col-sm-4 col-xs-6 col-lg-2 product-style-quickview product type-product post-5946 status-publish instock product_cat-gredzeni product_cat-visas-rotaslietas has-post-thumbnail sold-individually taxable shipping-taxable purchasable product-type-variable\">\n\t<div class=\"product-header\"><a href=\"https:\/\/rostudio.lv\/lv\/shop\/240925\/\" class=\"woocommerce-LoopProduct-link woocommerce-loop-product__link\"><img loading=\"lazy\" decoding=\"async\" width=\"433\" height=\"516\" src=\"https:\/\/rostudio.lv\/wp-content\/uploads\/2025\/09\/240925_sudraba_truba-6-433x516.jpg\" class=\"attachment-woocommerce_thumbnail size-woocommerce_thumbnail\" alt=\"240925\" srcset=\"https:\/\/rostudio.lv\/wp-content\/uploads\/2025\/09\/240925_sudraba_truba-6-433x516.jpg 433w, https:\/\/rostudio.lv\/wp-content\/uploads\/2025\/09\/240925_sudraba_truba-6-9x12.jpg 9w\" sizes=\"auto, (max-width: 433px) 100vw, 433px\" \/><\/a>\n\t\t\n\t\t\t<div class=\"buttons-icon\">\n\t\t\t\t<a href=\"\/lv\/wp-json\/wp\/v2\/pages\/3845?add_to_wishlist=5946\" data-product_id=\"5946\" data-product_type=\"variable\" class=\"button add-to-wishlist-button add-to-wishlist-5946 \" rel=\"nofollow\">\n\t\t\t<svg role=\"img\" viewBox=\"0 0 20 20\" width=\"20\" height=\"20\" class=\"like\" > <use href=\"#heart-wishlist-like\" xlink:href=\"#heart-wishlist-like\"><\/use> <\/svg><svg role=\"img\" viewBox=\"0 0 20 20\" width=\"20\" height=\"20\" class=\"liked\" > <use href=\"#heart-wishlist-liked\" xlink:href=\"#heart-wishlist-liked\"><\/use> <\/svg>\n\t\t\t<span class=\"indent-text\">Pievienot v\u0113lmju sarakstam<\/span>\n\t\t<\/a>\t\t\t<\/div>\n\n\t\t\n\t\t\n\t\t\t<div class=\"buttons\">\n\t\t\t\t<a href=\"https:\/\/rostudio.lv\/lv\/shop\/240925\/\" data-quantity=\"1\" class=\"button product_type_variable add_to_cart_button sober-loop-atc-button\" data-product_id=\"5946\" data-product_sku=\"240925\" aria-label=\"Izv\u0113lieties opcijas priek\u0161 &ldquo;240925&rdquo;\" rel=\"nofollow\">\n\t\t\t\t<svg role=\"img\" viewBox=\"0 0 20 20\" width=\"20\" height=\"20\" > <use href=\"#basket-addtocart\" xlink:href=\"#basket-addtocart\"><\/use> <\/svg>\n\t\t\t\t<span class=\"screen-reader-text\">Izv\u0113lieties<\/span>\n\t\t\t<\/a>\t<span id=\"woocommerce_loop_add_to_cart_link_describedby_5946\" class=\"screen-reader-text\">\n\t\t\u0160im produktam ir vair\u0101ki varianti. Opcijas var izv\u0113l\u0113ties produkta lap\u0101 \t<\/span>\n<a href=\"https:\/\/rostudio.lv\/lv\/shop\/240925\/\" class=\"quick_view_button button\" data-product_id=\"5946\"><svg role=\"img\" viewBox=\"0 0 20 20\" width=\"20\" height=\"20\" > <use href=\"#quickview-eye\" xlink:href=\"#quickview-eye\"><\/use> <\/svg><\/a>\t\t\t<\/div>\n\n\t\t\n\t\t<\/div>\n\t\t<h3 class=\"woocommerce-loop-product__title\"><a href=\"https:\/\/rostudio.lv\/lv\/shop\/240925\/\">240925<\/a><\/h3>\n\n\t\t\n\n\t\n\t\t<span class=\"price\"><span class=\"wcpbc-price wcpbc-price-5946\" data-product-id=\"5946\"><span class=\"woocommerce-Price-amount amount\"><span class=\"woocommerce-Price-currencySymbol\">&euro;<\/span>210,00<\/span><\/span><\/span>\n\n\t\n<\/li>\n<li class=\"new layout-style-2 col-md-4 col-sm-4 col-xs-6 col-lg-2 product-style-quickview product type-product post-5924 status-publish last instock product_cat-gredzeni product_cat-saderinasanas-gredzeni product_cat-visas-rotaslietas has-post-thumbnail sold-individually taxable shipping-taxable purchasable product-type-variable\">\n\t<div class=\"product-header\"><a href=\"https:\/\/rostudio.lv\/lv\/shop\/220625\/\" class=\"woocommerce-LoopProduct-link woocommerce-loop-product__link\"><img loading=\"lazy\" decoding=\"async\" width=\"433\" height=\"516\" src=\"https:\/\/rostudio.lv\/wp-content\/uploads\/2025\/09\/TULPE-8-433x516.jpg\" class=\"attachment-woocommerce_thumbnail size-woocommerce_thumbnail\" alt=\"220625\" srcset=\"https:\/\/rostudio.lv\/wp-content\/uploads\/2025\/09\/TULPE-8-433x516.jpg 433w, https:\/\/rostudio.lv\/wp-content\/uploads\/2025\/09\/TULPE-8-9x12.jpg 9w\" sizes=\"auto, (max-width: 433px) 100vw, 433px\" \/><\/a>\n\t\t\n\t\t\t<div class=\"buttons-icon\">\n\t\t\t\t<a href=\"\/lv\/wp-json\/wp\/v2\/pages\/3845?add_to_wishlist=5924\" data-product_id=\"5924\" data-product_type=\"variable\" class=\"button add-to-wishlist-button add-to-wishlist-5924 \" rel=\"nofollow\">\n\t\t\t<svg role=\"img\" viewBox=\"0 0 20 20\" width=\"20\" height=\"20\" class=\"like\" > <use href=\"#heart-wishlist-like\" xlink:href=\"#heart-wishlist-like\"><\/use> <\/svg><svg role=\"img\" viewBox=\"0 0 20 20\" width=\"20\" height=\"20\" class=\"liked\" > <use href=\"#heart-wishlist-liked\" xlink:href=\"#heart-wishlist-liked\"><\/use> <\/svg>\n\t\t\t<span class=\"indent-text\">Pievienot v\u0113lmju sarakstam<\/span>\n\t\t<\/a>\t\t\t<\/div>\n\n\t\t\n\t\t\n\t\t\t<div class=\"buttons\">\n\t\t\t\t<a href=\"https:\/\/rostudio.lv\/lv\/shop\/220625\/\" data-quantity=\"1\" class=\"button product_type_variable add_to_cart_button sober-loop-atc-button\" data-product_id=\"5924\" data-product_sku=\"___220625\" aria-label=\"Izv\u0113lieties opcijas priek\u0161 &ldquo;220625&rdquo;\" rel=\"nofollow\">\n\t\t\t\t<svg role=\"img\" viewBox=\"0 0 20 20\" width=\"20\" height=\"20\" > <use href=\"#basket-addtocart\" xlink:href=\"#basket-addtocart\"><\/use> <\/svg>\n\t\t\t\t<span class=\"screen-reader-text\">Izv\u0113lieties<\/span>\n\t\t\t<\/a>\t<span id=\"woocommerce_loop_add_to_cart_link_describedby_5924\" class=\"screen-reader-text\">\n\t\t\u0160im produktam ir vair\u0101ki varianti. Opcijas var izv\u0113l\u0113ties produkta lap\u0101 \t<\/span>\n<a href=\"https:\/\/rostudio.lv\/lv\/shop\/220625\/\" class=\"quick_view_button button\" data-product_id=\"5924\"><svg role=\"img\" viewBox=\"0 0 20 20\" width=\"20\" height=\"20\" > <use href=\"#quickview-eye\" xlink:href=\"#quickview-eye\"><\/use> <\/svg><\/a>\t\t\t<\/div>\n\n\t\t\n\t\t<\/div>\n\t\t<h3 class=\"woocommerce-loop-product__title\"><a href=\"https:\/\/rostudio.lv\/lv\/shop\/220625\/\">220625<\/a><\/h3>\n\n\t\t\n\n\t\n\t\t<span class=\"price\"><span class=\"wcpbc-price wcpbc-price-5924\" data-product-id=\"5924\"><span class=\"woocommerce-Price-amount amount\"><span class=\"woocommerce-Price-currencySymbol\">&euro;<\/span>210,00<\/span><\/span><\/span>\n\n\t\n<\/li>\n<\/ul>\n<\/div><\/div>[\/vc_column][\/vc_row]<\/p>\n<\/div>","protected":false},"excerpt":{"rendered":"<p>[vc_row full_width=&#8221;stretch_row_content_no_spaces&#8221; full_height=&#8221;yes&#8221; columns_placement=&#8221;bottom&#8221; content_placement=&#8221;bottom&#8221; css_animation=&#8221;fadeIn&#8221; el_class=&#8221;text-light&#8221; css=&#8221;.vc_custom_1742392472139{background-image: url(https:\/\/rostudio.lv\/wp-content\/uploads\/2025\/03\/RO-photoshoot-509-of-804-scaled.jpg?id=3350) !important;background-position: center !important;background-repeat: no-repeat !important;background-size: cover !important;}&#8221;][vc_column][\/vc_column][\/vc_row][vc_row css=&#8221;.vc_custom_1775038177137{margin-top: 50px !important;}&#8221;][vc_column][vc_column_text css=&#8221;&#8221;]strauj\u0101 pasaules pulsa iedvesmots, RO STUDIO ir dzimis rado\u0161\u0101 savien\u012bb\u0101 starp Ter\u0113zei un Robertu \u2013 p\u0101ri, kas roku rok\u0101 iet cauri k\u0101 dz\u012bvei, t\u0101 biznesam. \u0161is st\u0101sts s\u0101k\u0101s ar Roberta degsmi&hellip;<\/p>\n","protected":false},"author":1,"featured_media":0,"parent":0,"menu_order":0,"comment_status":"closed","ping_status":"closed","template":"","meta":{"footnotes":""},"class_list":["post-3845","page","type-page","status-publish","hentry"],"_links":{"self":[{"href":"https:\/\/rostudio.lv\/lv\/wp-json\/wp\/v2\/pages\/3845","targetHints":{"allow":["GET"]}}],"collection":[{"href":"https:\/\/rostudio.lv\/lv\/wp-json\/wp\/v2\/pages"}],"about":[{"href":"https:\/\/rostudio.lv\/lv\/wp-json\/wp\/v2\/types\/page"}],"author":[{"embeddable":true,"href":"https:\/\/rostudio.lv\/lv\/wp-json\/wp\/v2\/users\/1"}],"replies":[{"embeddable":true,"href":"https:\/\/rostudio.lv\/lv\/wp-json\/wp\/v2\/comments?post=3845"}],"version-history":[{"count":29,"href":"https:\/\/rostudio.lv\/lv\/wp-json\/wp\/v2\/pages\/3845\/revisions"}],"predecessor-version":[{"id":6110,"href":"https:\/\/rostudio.lv\/lv\/wp-json\/wp\/v2\/pages\/3845\/revisions\/6110"}],"wp:attachment":[{"href":"https:\/\/rostudio.lv\/lv\/wp-json\/wp\/v2\/media?parent=3845"}],"curies":[{"name":"wp","href":"https:\/\/api.w.org\/{rel}","templated":true}]}}