{"id":3840,"date":"2020-08-04T10:37:54","date_gmt":"2020-08-04T08:37:54","guid":{"rendered":"https:\/\/rostudio.lv\/velmju-saraksts\/"},"modified":"2026-02-09T00:15:07","modified_gmt":"2026-02-08T22:15:07","slug":"velmju-saraksts","status":"publish","type":"page","link":"https:\/\/rostudio.lv\/lv\/velmju-saraksts\/","title":{"rendered":"v\u0113lmju saraksts"},"content":{"rendered":"<div class=\"woocommerce soo-wishlist\">\r\n\r\n<div class=\"wishlist-empty\">\r\n\t<p>J\u016bsu v\u0113lmju saraksts pa\u0161laik ir tuk\u0161s.<\/p>\r\n<\/div>\r\n\r\n\r\n<\/div>\n","protected":false},"excerpt":{"rendered":"J\u016bsu v\u0113lmju saraksts pa\u0161laik ir tuk\u0161s.","protected":false},"author":1,"featured_media":0,"parent":0,"menu_order":0,"comment_status":"closed","ping_status":"closed","template":"","meta":{"footnotes":""},"class_list":["post-3840","page","type-page","status-publish","hentry"],"_links":{"self":[{"href":"https:\/\/rostudio.lv\/lv\/wp-json\/wp\/v2\/pages\/3840","targetHints":{"allow":["GET"]}}],"collection":[{"href":"https:\/\/rostudio.lv\/lv\/wp-json\/wp\/v2\/pages"}],"about":[{"href":"https:\/\/rostudio.lv\/lv\/wp-json\/wp\/v2\/types\/page"}],"author":[{"embeddable":true,"href":"https:\/\/rostudio.lv\/lv\/wp-json\/wp\/v2\/users\/1"}],"replies":[{"embeddable":true,"href":"https:\/\/rostudio.lv\/lv\/wp-json\/wp\/v2\/comments?post=3840"}],"version-history":[{"count":2,"href":"https:\/\/rostudio.lv\/lv\/wp-json\/wp\/v2\/pages\/3840\/revisions"}],"predecessor-version":[{"id":6077,"href":"https:\/\/rostudio.lv\/lv\/wp-json\/wp\/v2\/pages\/3840\/revisions\/6077"}],"wp:attachment":[{"href":"https:\/\/rostudio.lv\/lv\/wp-json\/wp\/v2\/media?parent=3840"}],"curies":[{"name":"wp","href":"https:\/\/api.w.org\/{rel}","templated":true}]}}