{"id":3819,"date":"2017-06-07T04:29:49","date_gmt":"2017-06-07T02:29:49","guid":{"rendered":"https:\/\/rostudio.lv\/kontakti\/"},"modified":"2026-02-08T23:40:22","modified_gmt":"2026-02-08T21:40:22","slug":"kontakti","status":"publish","type":"page","link":"https:\/\/rostudio.lv\/lv\/kontakti\/","title":{"rendered":"kontakti"},"content":{"rendered":"<div class=\"wpb-content-wrapper\"><p>[vc_row full_width=&#8221;stretch_row&#8221; content_placement=&#8221;middle&#8221;][vc_column width=&#8221;1\/3&#8243;][vc_custom_heading text=&#8221;apmekl\u0113 m\u016bs&#8221; font_container=&#8221;tag:h2|text_align:center&#8221; google_fonts=&#8221;font_family:Open%20Sans%20Condensed%3A300%2C300italic%2C700|font_style:700%20bold%20regular%3A700%3Anormal&#8221;][vc_column_text css=&#8221;.vc_custom_1742393941444{margin-bottom: 55px !important;}&#8221;]<\/p>\n<div>\n<div style=\"text-align: center;\"><\/div>\n<div style=\"text-align: center;\">no otrdienas l\u012bdz piektdienai 11:00 \u2013 18:00<\/div>\n<div style=\"text-align: center;\">sestdien\u0101s 11:00 \u2013 15:00<\/div>\n<\/div>\n<div>\n<div><\/div>\n<p style=\"text-align: center;\">un citos laikos p\u0113c vieno\u0161an\u0101s<\/p>\n<div style=\"text-align: center;\"><a href=\"tel:+371%20282033333\">RO STUDIO<\/a><\/div>\n<\/div>\n<div style=\"text-align: center;\"><a href=\"https:\/\/goo.gl\/maps\/3nCArfR7zLBodrnc8\" rel=\"nofollow noopener\" target=\"_blank\">Miera iela 50, R\u012bga<\/a><\/div>\n<div class=\"contact-info\" style=\"text-align: center;\"><span class=\"info-value\"><a href=\"tel:+371%2028033333\">+371 28033333<\/a><\/span><\/div>\n<div class=\"contact-info\" style=\"text-align: center;\"><span class=\"info-value\"><a href=\"mailto:info@rostudio.lv\">info@rostudio.lv<\/a><\/span><\/div>\n<div style=\"text-align: center;\"><\/div>\n<p>[\/vc_column_text][vc_row_inner content_placement=&#8221;middle&#8221;][vc_column_inner width=&#8221;1\/5&#8243; offset=&#8221;vc_col-xs-1\/5&#8243;][\/vc_column_inner][vc_column_inner width=&#8221;1\/5&#8243; offset=&#8221;vc_col-xs-1\/5&#8243;][vc_icon icon_fontawesome=&#8221;fab fa-facebook-f&#8221; color=&#8221;black&#8221; size=&#8221;xs&#8221; link=&#8221;url:https%3A%2F%2Fwww.facebook.com%2Frostudio.jewelry%2F|title:facebook|target:_blank|&#8221;][\/vc_column_inner][vc_column_inner width=&#8221;1\/5&#8243; offset=&#8221;vc_col-xs-1\/5&#8243;][vc_icon icon_fontawesome=&#8221;fab fa-instagram&#8221; color=&#8221;black&#8221; size=&#8221;xs&#8221; link=&#8221;url:https%3A%2F%2Fwww.instagram.com%2Frostudio___%2F|title:instagram|target:_blank|&#8221;][\/vc_column_inner][vc_column_inner width=&#8221;1\/5&#8243; offset=&#8221;vc_col-xs-1\/5&#8243;][vc_icon icon_fontawesome=&#8221;fab fa-youtube&#8221; color=&#8221;black&#8221; size=&#8221;xs&#8221; link=&#8221;url:https%3A%2F%2Fwww.youtube.com%2F%40ro_studio|title:youtube|target:_blank|&#8221;][\/vc_column_inner][vc_column_inner width=&#8221;1\/5&#8243; offset=&#8221;vc_col-xs-1\/5&#8243;][\/vc_column_inner][\/vc_row_inner][\/vc_column][vc_column width=&#8221;1\/3&#8243;][\/vc_column][vc_column css_animation=&#8221;none&#8221; width=&#8221;1\/3&#8243;][vc_custom_heading text=&#8221;raksti&#8221; font_container=&#8221;tag:h2|text_align:center&#8221; google_fonts=&#8221;font_family:Open%20Sans%20Condensed%3A300%2C300italic%2C700|font_style:700%20bold%20regular%3A700%3Anormal&#8221;]<div class=\"wpforms-container wpforms-container-full\" id=\"wpforms-2753\"><form id=\"wpforms-form-2753\" class=\"wpforms-validate wpforms-form wpforms-ajax-form\" data-formid=\"2753\" method=\"post\" enctype=\"multipart\/form-data\" action=\"\/lv\/wp-json\/wp\/v2\/pages\/3819\" data-token=\"38799b814c6ecfb154c04905116d8b15\" data-token-time=\"1776387813\"><noscript class=\"wpforms-error-noscript\">L\u016bdzu, aktiviz\u0113jiet JavaScript sav\u0101 p\u0101rl\u016bkprogramm\u0101, lai aizpild\u012btu \u0161o veidlapu.<\/noscript><div class=\"wpforms-field-container\"><div id=\"wpforms-2753-field_0-container\" class=\"wpforms-field wpforms-field-name\" data-field-id=\"0\"><label class=\"wpforms-field-label\" for=\"wpforms-2753-field_0\">V\u0101rds <span class=\"wpforms-required-label\">*<\/span><\/label><input type=\"text\" id=\"wpforms-2753-field_0\" class=\"wpforms-field-medium wpforms-field-required\" name=\"wpforms[fields][0]\" required><\/div><div id=\"wpforms-2753-field_1-container\" class=\"wpforms-field wpforms-field-email\" data-field-id=\"1\"><label class=\"wpforms-field-label\" for=\"wpforms-2753-field_1\">E-pasts <span class=\"wpforms-required-label\">*<\/span><\/label><input type=\"email\" id=\"wpforms-2753-field_1\" class=\"wpforms-field-medium wpforms-field-required\" name=\"wpforms[fields][1]\" spellcheck=\"false\" required><\/div><div id=\"wpforms-2753-field_2-container\" class=\"wpforms-field wpforms-field-textarea\" data-field-id=\"2\"><label class=\"wpforms-field-label\" for=\"wpforms-2753-field_2\">Zi\u0146a <span class=\"wpforms-required-label\">*<\/span><\/label><textarea id=\"wpforms-2753-field_2\" class=\"wpforms-field-medium wpforms-field-required\" name=\"wpforms[fields][2]\" required><\/textarea><\/div><\/div><!-- .wpforms-field-container --><div class=\"wpforms-submit-container\" ><input type=\"hidden\" name=\"wpforms[id]\" value=\"2753\"><input type=\"hidden\" name=\"page_title\" value=\"\"><input type=\"hidden\" name=\"page_url\" value=\"https:\/\/rostudio.lv\/lv\/wp-json\/wp\/v2\/pages\/3819\"><input type=\"hidden\" name=\"url_referer\" value=\"\"><button type=\"submit\" name=\"wpforms[submit]\" id=\"wpforms-submit-2753\" class=\"wpforms-submit\" data-alt-text=\"S\u016bt\u012b\u0161ana...\" data-submit-text=\"S\u016bt\u012bt\" aria-live=\"assertive\" value=\"wpforms-submit\">S\u016bt\u012bt<\/button><img loading=\"lazy\" decoding=\"async\" src=\"https:\/\/rostudio.lv\/wp-content\/plugins\/wpforms-lite\/assets\/images\/submit-spin.svg\" class=\"wpforms-submit-spinner\" style=\"display: none;\" width=\"26\" height=\"26\" alt=\"Loading\"><\/div><\/form><\/div>  <!-- .wpforms-container -->[\/vc_column][\/vc_row]<\/p>\n<\/div>","protected":false},"excerpt":{"rendered":"<p>[vc_row full_width=&#8221;stretch_row&#8221; content_placement=&#8221;middle&#8221;][vc_column width=&#8221;1\/3&#8243;][vc_custom_heading text=&#8221;apmekl\u0113 m\u016bs&#8221; font_container=&#8221;tag:h2|text_align:center&#8221; google_fonts=&#8221;font_family:Open%20Sans%20Condensed%3A300%2C300italic%2C700|font_style:700%20bold%20regular%3A700%3Anormal&#8221;][vc_column_text css=&#8221;.vc_custom_1742393941444{margin-bottom: 55px !important;}&#8221;] no otrdienas l\u012bdz piektdienai 11:00 \u2013 18:00 sestdien\u0101s 11:00 \u2013 15:00 un citos laikos p\u0113c vieno\u0161an\u0101s RO STUDIO Miera iela 50, R\u012bga +371 28033333 info@rostudio.lv [\/vc_column_text][vc_row_inner content_placement=&#8221;middle&#8221;][vc_column_inner width=&#8221;1\/5&#8243; offset=&#8221;vc_col-xs-1\/5&#8243;][\/vc_column_inner][vc_column_inner width=&#8221;1\/5&#8243; offset=&#8221;vc_col-xs-1\/5&#8243;][vc_icon icon_fontawesome=&#8221;fab fa-facebook-f&#8221; color=&#8221;black&#8221; size=&#8221;xs&#8221; link=&#8221;url:https%3A%2F%2Fwww.facebook.com%2Frostudio.jewelry%2F|title:facebook|target:_blank|&#8221;][\/vc_column_inner][vc_column_inner width=&#8221;1\/5&#8243; offset=&#8221;vc_col-xs-1\/5&#8243;][vc_icon icon_fontawesome=&#8221;fab&hellip;<\/p>\n","protected":false},"author":1,"featured_media":0,"parent":0,"menu_order":0,"comment_status":"closed","ping_status":"closed","template":"","meta":{"footnotes":""},"class_list":["post-3819","page","type-page","status-publish","hentry"],"_links":{"self":[{"href":"https:\/\/rostudio.lv\/lv\/wp-json\/wp\/v2\/pages\/3819","targetHints":{"allow":["GET"]}}],"collection":[{"href":"https:\/\/rostudio.lv\/lv\/wp-json\/wp\/v2\/pages"}],"about":[{"href":"https:\/\/rostudio.lv\/lv\/wp-json\/wp\/v2\/types\/page"}],"author":[{"embeddable":true,"href":"https:\/\/rostudio.lv\/lv\/wp-json\/wp\/v2\/users\/1"}],"replies":[{"embeddable":true,"href":"https:\/\/rostudio.lv\/lv\/wp-json\/wp\/v2\/comments?post=3819"}],"version-history":[{"count":17,"href":"https:\/\/rostudio.lv\/lv\/wp-json\/wp\/v2\/pages\/3819\/revisions"}],"predecessor-version":[{"id":6073,"href":"https:\/\/rostudio.lv\/lv\/wp-json\/wp\/v2\/pages\/3819\/revisions\/6073"}],"wp:attachment":[{"href":"https:\/\/rostudio.lv\/lv\/wp-json\/wp\/v2\/media?parent=3819"}],"curies":[{"name":"wp","href":"https:\/\/api.w.org\/{rel}","templated":true}]}}