{"id":5956,"date":"2025-09-26T07:43:13","date_gmt":"2025-09-26T05:43:13","guid":{"rendered":"https:\/\/rostudio.lv\/shop\/240925\/"},"modified":"2026-04-02T15:22:50","modified_gmt":"2026-04-02T13:22:50","slug":"240925","status":"publish","type":"product","link":"https:\/\/rostudio.lv\/fr\/shop\/240925\/","title":{"rendered":"240925"},"content":{"rendered":"","protected":false},"excerpt":{"rendered":"<p>un objet d\u2019\u00e9quilibre, con\u00e7u pour \u00eatre port\u00e9 comme une \u0153uvre d\u2019art \u2014 une ligne et une courbe \u2014 la simplicit\u00e9 dessin\u00e9e dans l\u2019argent<br \/>\naudacieuse mais raffin\u00e9e, cette bague en argent sterling incarne l\u2019\u00e9l\u00e9gance g\u00e9om\u00e9trique dans sa forme la plus pure___<\/p>\n","protected":false},"featured_media":5959,"template":"","meta":[],"product_brand":[],"product_cat":[184,176],"product_tag":[],"class_list":{"0":"post-5956","1":"product","2":"type-product","3":"status-publish","4":"has-post-thumbnail","6":"product_cat-bagues","7":"product_cat-tous-les-bijoux","9":"first","10":"instock","11":"sold-individually","12":"taxable","13":"shipping-taxable","14":"purchasable","15":"product-type-variable","16":"layout-style-2","17":"col-md-4 col-sm-4 col-xs-6","18":"col-lg-3","19":"product-style-quickview"},"_links":{"self":[{"href":"https:\/\/rostudio.lv\/fr\/wp-json\/wp\/v2\/product\/5956","targetHints":{"allow":["GET"]}}],"collection":[{"href":"https:\/\/rostudio.lv\/fr\/wp-json\/wp\/v2\/product"}],"about":[{"href":"https:\/\/rostudio.lv\/fr\/wp-json\/wp\/v2\/types\/product"}],"wp:featuredmedia":[{"embeddable":true,"href":"https:\/\/rostudio.lv\/fr\/wp-json\/wp\/v2\/media\/5959"}],"wp:attachment":[{"href":"https:\/\/rostudio.lv\/fr\/wp-json\/wp\/v2\/media?parent=5956"}],"wp:term":[{"taxonomy":"product_brand","embeddable":true,"href":"https:\/\/rostudio.lv\/fr\/wp-json\/wp\/v2\/product_brand?post=5956"},{"taxonomy":"product_cat","embeddable":true,"href":"https:\/\/rostudio.lv\/fr\/wp-json\/wp\/v2\/product_cat?post=5956"},{"taxonomy":"product_tag","embeddable":true,"href":"https:\/\/rostudio.lv\/fr\/wp-json\/wp\/v2\/product_tag?post=5956"}],"curies":[{"name":"wp","href":"https:\/\/api.w.org\/{rel}","templated":true}]}}