{"id":5945,"date":"2025-03-28T12:54:24","date_gmt":"2025-03-28T10:54:24","guid":{"rendered":"https:\/\/rostudio.lv\/shop\/270225\/"},"modified":"2025-03-28T12:54:24","modified_gmt":"2025-03-28T10:54:24","slug":"270225","status":"publish","type":"product","link":"https:\/\/rostudio.lv\/fr\/shop\/270225\/","title":{"rendered":"270225"},"content":{"rendered":"","protected":false},"excerpt":{"rendered":"<p>Con\u00e7ue pour ceux qui appr\u00e9cient le luxe intemporel avec une touche de modernit\u00e9, cette bague en or jaune <span data-sheets-value=\"{\"1\":2,\"2\":\"this 14K (585\u00b0) solid gold ring mixed with 3 mm brilliant is a standout and will stack beautifully on the hand with other bands on neighboring fingers.\"}\" data-sheets-userformat=\"{\"2\":4739,\"3\":{\"1\":0},\"4\":[null,2,16777215],\"10\":2,\"12\":0,\"15\":\"Arial\"}\">14 carats (585\u00b0)<\/span> est une d\u00e9claration d&rsquo;\u00e9l\u00e9gance et de design contemporain.<\/p>\n<p>Dot\u00e9e d&rsquo;un audacieux diamant rond de 6 mm serti clos, la bague offre \u00e0 la fois un classique royal et une esth\u00e9tique moderne. L&rsquo;anneau en or poli rehausse l&rsquo;\u00e9clat du diamant, tandis que sa forme \u00e9l\u00e9gante et minimaliste ajoute une touche de sophistication.<\/p>\n","protected":false},"featured_media":3438,"template":"","meta":[],"product_brand":[],"product_cat":[184,185,176],"product_tag":[],"class_list":{"0":"post-5945","1":"product","2":"type-product","3":"status-publish","4":"has-post-thumbnail","6":"product_cat-bagues","7":"product_cat-bagues-de-fiancailles","8":"product_cat-tous-les-bijoux","10":"first","11":"instock","12":"sold-individually","13":"taxable","14":"shipping-taxable","15":"purchasable","16":"product-type-variable","17":"has-default-attributes","18":"new","19":"layout-style-2","20":"col-md-4 col-sm-4 col-xs-6","21":"col-lg-3","22":"product-style-quickview"},"_links":{"self":[{"href":"https:\/\/rostudio.lv\/fr\/wp-json\/wp\/v2\/product\/5945","targetHints":{"allow":["GET"]}}],"collection":[{"href":"https:\/\/rostudio.lv\/fr\/wp-json\/wp\/v2\/product"}],"about":[{"href":"https:\/\/rostudio.lv\/fr\/wp-json\/wp\/v2\/types\/product"}],"wp:featuredmedia":[{"embeddable":true,"href":"https:\/\/rostudio.lv\/fr\/wp-json\/wp\/v2\/media\/3438"}],"wp:attachment":[{"href":"https:\/\/rostudio.lv\/fr\/wp-json\/wp\/v2\/media?parent=5945"}],"wp:term":[{"taxonomy":"product_brand","embeddable":true,"href":"https:\/\/rostudio.lv\/fr\/wp-json\/wp\/v2\/product_brand?post=5945"},{"taxonomy":"product_cat","embeddable":true,"href":"https:\/\/rostudio.lv\/fr\/wp-json\/wp\/v2\/product_cat?post=5945"},{"taxonomy":"product_tag","embeddable":true,"href":"https:\/\/rostudio.lv\/fr\/wp-json\/wp\/v2\/product_tag?post=5945"}],"curies":[{"name":"wp","href":"https:\/\/api.w.org\/{rel}","templated":true}]}}