{"id":5940,"date":"2025-05-27T12:47:56","date_gmt":"2025-05-27T10:47:56","guid":{"rendered":"https:\/\/rostudio.lv\/shop\/tour-doreille-l\/"},"modified":"2025-05-27T12:47:56","modified_gmt":"2025-05-27T10:47:56","slug":"tour-doreille-l","status":"publish","type":"product","link":"https:\/\/rostudio.lv\/fr\/shop\/tour-doreille-l\/","title":{"rendered":"TOUR D&rsquo;OREILLE | L"},"content":{"rendered":"","protected":false},"excerpt":{"rendered":"<p>forme minimaliste et pr\u00e9sence audacieuse<\/p>\n<p>une interpr\u00e9tation originale du minimalisme ___ce tour d&rsquo;oreille tubulaire audacieux enveloppe votre oreille d&rsquo;un m\u00e9tal froid et \u00e9pur\u00e9. pas besoin de piercing, juste de l&rsquo;attitude. tient bien en place. sensation de l\u00e9g\u00e8ret\u00e9. un look tout sauf ordinaire.    <span class=\"Apple-converted-space\"> <\/span><\/p>\n","protected":false},"featured_media":3549,"template":"","meta":[],"product_brand":[],"product_cat":[189,233,176],"product_tag":[],"class_list":{"0":"post-5940","1":"product","2":"type-product","3":"status-publish","4":"has-post-thumbnail","6":"product_cat-boucles-doreilles","7":"product_cat-tours-doreille","8":"product_cat-tous-les-bijoux","10":"first","11":"instock","12":"sold-individually","13":"taxable","14":"shipping-taxable","15":"purchasable","16":"product-type-variable","17":"has-default-attributes","18":"layout-style-2","19":"col-md-4 col-sm-4 col-xs-6","20":"col-lg-3","21":"product-style-quickview"},"_links":{"self":[{"href":"https:\/\/rostudio.lv\/fr\/wp-json\/wp\/v2\/product\/5940","targetHints":{"allow":["GET"]}}],"collection":[{"href":"https:\/\/rostudio.lv\/fr\/wp-json\/wp\/v2\/product"}],"about":[{"href":"https:\/\/rostudio.lv\/fr\/wp-json\/wp\/v2\/types\/product"}],"wp:featuredmedia":[{"embeddable":true,"href":"https:\/\/rostudio.lv\/fr\/wp-json\/wp\/v2\/media\/3549"}],"wp:attachment":[{"href":"https:\/\/rostudio.lv\/fr\/wp-json\/wp\/v2\/media?parent=5940"}],"wp:term":[{"taxonomy":"product_brand","embeddable":true,"href":"https:\/\/rostudio.lv\/fr\/wp-json\/wp\/v2\/product_brand?post=5940"},{"taxonomy":"product_cat","embeddable":true,"href":"https:\/\/rostudio.lv\/fr\/wp-json\/wp\/v2\/product_cat?post=5940"},{"taxonomy":"product_tag","embeddable":true,"href":"https:\/\/rostudio.lv\/fr\/wp-json\/wp\/v2\/product_tag?post=5940"}],"curies":[{"name":"wp","href":"https:\/\/api.w.org\/{rel}","templated":true}]}}