{"id":5892,"date":"2021-09-12T15:28:35","date_gmt":"2021-09-12T13:28:35","guid":{"rendered":"https:\/\/rostudio.lv\/shop\/310821\/"},"modified":"2026-03-03T16:47:34","modified_gmt":"2026-03-03T14:47:34","slug":"310821","status":"publish","type":"product","link":"https:\/\/rostudio.lv\/fr\/shop\/310821\/","title":{"rendered":"310821"},"content":{"rendered":"","protected":false},"excerpt":{"rendered":"<p>Opale cacholong laiteuse et lignes \u00e9pur\u00e9es et sensuelles en argent sterling, le tout combin\u00e9 sous la forme d&rsquo;une bague<\/p>\n","protected":false},"featured_media":6094,"template":"","meta":[],"product_brand":[],"product_cat":[184,176],"product_tag":[],"class_list":{"0":"post-5892","1":"product","2":"type-product","3":"status-publish","4":"has-post-thumbnail","6":"product_cat-bagues","7":"product_cat-tous-les-bijoux","9":"first","10":"instock","11":"sold-individually","12":"taxable","13":"shipping-taxable","14":"purchasable","15":"product-type-variable","16":"has-default-attributes","17":"layout-style-2","18":"col-md-4 col-sm-4 col-xs-6","19":"col-lg-3","20":"product-style-quickview"},"_links":{"self":[{"href":"https:\/\/rostudio.lv\/fr\/wp-json\/wp\/v2\/product\/5892","targetHints":{"allow":["GET"]}}],"collection":[{"href":"https:\/\/rostudio.lv\/fr\/wp-json\/wp\/v2\/product"}],"about":[{"href":"https:\/\/rostudio.lv\/fr\/wp-json\/wp\/v2\/types\/product"}],"wp:featuredmedia":[{"embeddable":true,"href":"https:\/\/rostudio.lv\/fr\/wp-json\/wp\/v2\/media\/6094"}],"wp:attachment":[{"href":"https:\/\/rostudio.lv\/fr\/wp-json\/wp\/v2\/media?parent=5892"}],"wp:term":[{"taxonomy":"product_brand","embeddable":true,"href":"https:\/\/rostudio.lv\/fr\/wp-json\/wp\/v2\/product_brand?post=5892"},{"taxonomy":"product_cat","embeddable":true,"href":"https:\/\/rostudio.lv\/fr\/wp-json\/wp\/v2\/product_cat?post=5892"},{"taxonomy":"product_tag","embeddable":true,"href":"https:\/\/rostudio.lv\/fr\/wp-json\/wp\/v2\/product_tag?post=5892"}],"curies":[{"name":"wp","href":"https:\/\/api.w.org\/{rel}","templated":true}]}}