{"id":5888,"date":"2021-02-23T12:42:50","date_gmt":"2021-02-23T10:42:50","guid":{"rendered":"https:\/\/rostudio.lv\/shop\/081220\/"},"modified":"2021-02-23T12:42:50","modified_gmt":"2021-02-23T10:42:50","slug":"081220","status":"publish","type":"product","link":"https:\/\/rostudio.lv\/fr\/shop\/081220\/","title":{"rendered":"081220"},"content":{"rendered":"","protected":false},"excerpt":{"rendered":"<p><span data-sheets-value=\"{\"1\":2,\"2\":\"contemporary simplicity of clean lines cut onyx goes to the next level with its 14K (585\u00b0) solid gold frame.\"}\" data-sheets-userformat=\"{\"2\":4737,\"3\":{\"1\":0},\"10\":2,\"12\":0,\"15\":\"Arial\"}\">La simplicit\u00e9 contemporaine des lignes \u00e9pur\u00e9es de l&rsquo;onyx taill\u00e9 passe au niveau sup\u00e9rieur avec son cadre en or massif 14K (585\u00b0).<\/span><\/p>\n","protected":false},"featured_media":1369,"template":"","meta":[],"product_brand":[],"product_cat":[184,176],"product_tag":[],"class_list":{"0":"post-5888","1":"product","2":"type-product","3":"status-publish","4":"has-post-thumbnail","6":"product_cat-bagues","7":"product_cat-tous-les-bijoux","9":"first","10":"instock","11":"sold-individually","12":"taxable","13":"shipping-taxable","14":"purchasable","15":"product-type-variable","16":"has-default-attributes","17":"new","18":"layout-style-2","19":"col-md-4 col-sm-4 col-xs-6","20":"col-lg-3","21":"product-style-quickview"},"_links":{"self":[{"href":"https:\/\/rostudio.lv\/fr\/wp-json\/wp\/v2\/product\/5888","targetHints":{"allow":["GET"]}}],"collection":[{"href":"https:\/\/rostudio.lv\/fr\/wp-json\/wp\/v2\/product"}],"about":[{"href":"https:\/\/rostudio.lv\/fr\/wp-json\/wp\/v2\/types\/product"}],"wp:featuredmedia":[{"embeddable":true,"href":"https:\/\/rostudio.lv\/fr\/wp-json\/wp\/v2\/media\/1369"}],"wp:attachment":[{"href":"https:\/\/rostudio.lv\/fr\/wp-json\/wp\/v2\/media?parent=5888"}],"wp:term":[{"taxonomy":"product_brand","embeddable":true,"href":"https:\/\/rostudio.lv\/fr\/wp-json\/wp\/v2\/product_brand?post=5888"},{"taxonomy":"product_cat","embeddable":true,"href":"https:\/\/rostudio.lv\/fr\/wp-json\/wp\/v2\/product_cat?post=5888"},{"taxonomy":"product_tag","embeddable":true,"href":"https:\/\/rostudio.lv\/fr\/wp-json\/wp\/v2\/product_tag?post=5888"}],"curies":[{"name":"wp","href":"https:\/\/api.w.org\/{rel}","templated":true}]}}