{"id":5866,"date":"2022-03-30T17:09:42","date_gmt":"2022-03-30T15:09:42","guid":{"rendered":"https:\/\/rostudio.lv\/shop\/231250\/"},"modified":"2022-03-30T17:09:42","modified_gmt":"2022-03-30T15:09:42","slug":"231250","status":"publish","type":"product","link":"https:\/\/rostudio.lv\/fr\/shop\/231250\/","title":{"rendered":"231250"},"content":{"rendered":"","protected":false},"excerpt":{"rendered":"<p>un cercle qui \u00e9voque la pl\u00e9nitude.<\/p>\n<p>Deux pierres d&rsquo;onyx polies de 7 mm, serties dans de l&rsquo;argent sterling, apportant une touche d&rsquo;\u00e9l\u00e9gance concentr\u00e9e \u00e0 votre look.<br data-start=\"526\" data-end=\"529\">Con\u00e7ues pour s&rsquo;associer sans effort \u00e0 la bague 160820.<\/p>\n","protected":false},"featured_media":2956,"template":"","meta":[],"product_brand":[],"product_cat":[189,176],"product_tag":[],"class_list":{"0":"post-5866","1":"product","2":"type-product","3":"status-publish","4":"has-post-thumbnail","6":"product_cat-boucles-doreilles","7":"product_cat-tous-les-bijoux","9":"first","10":"instock","11":"sold-individually","12":"taxable","13":"shipping-taxable","14":"purchasable","15":"product-type-variable","16":"has-default-attributes","17":"layout-style-2","18":"col-md-4 col-sm-4 col-xs-6","19":"col-lg-3","20":"product-style-quickview"},"_links":{"self":[{"href":"https:\/\/rostudio.lv\/fr\/wp-json\/wp\/v2\/product\/5866","targetHints":{"allow":["GET"]}}],"collection":[{"href":"https:\/\/rostudio.lv\/fr\/wp-json\/wp\/v2\/product"}],"about":[{"href":"https:\/\/rostudio.lv\/fr\/wp-json\/wp\/v2\/types\/product"}],"wp:featuredmedia":[{"embeddable":true,"href":"https:\/\/rostudio.lv\/fr\/wp-json\/wp\/v2\/media\/2956"}],"wp:attachment":[{"href":"https:\/\/rostudio.lv\/fr\/wp-json\/wp\/v2\/media?parent=5866"}],"wp:term":[{"taxonomy":"product_brand","embeddable":true,"href":"https:\/\/rostudio.lv\/fr\/wp-json\/wp\/v2\/product_brand?post=5866"},{"taxonomy":"product_cat","embeddable":true,"href":"https:\/\/rostudio.lv\/fr\/wp-json\/wp\/v2\/product_cat?post=5866"},{"taxonomy":"product_tag","embeddable":true,"href":"https:\/\/rostudio.lv\/fr\/wp-json\/wp\/v2\/product_tag?post=5866"}],"curies":[{"name":"wp","href":"https:\/\/api.w.org\/{rel}","templated":true}]}}