{"id":5817,"date":"2025-05-27T13:20:40","date_gmt":"2025-05-27T11:20:40","guid":{"rendered":"https:\/\/rostudio.lv\/shop\/les-boucles-doreilles-umbrella\/"},"modified":"2026-02-24T12:25:45","modified_gmt":"2026-02-24T10:25:45","slug":"les-boucles-doreilles-umbrella","status":"publish","type":"product","link":"https:\/\/rostudio.lv\/fr\/shop\/les-boucles-doreilles-umbrella\/","title":{"rendered":"Les boucles d&rsquo;oreilles UMBRELLA"},"content":{"rendered":"","protected":false},"excerpt":{"rendered":"<p>Captez l&rsquo;attention avec des courbes qui captent la lumi\u00e8re sous tous les angles.<\/p>\n<p>Ces boucles d&rsquo;oreilles d\u00f4me surdimensionn\u00e9es donnent vie \u00e0 un minimalisme audacieux. \u00c9pur\u00e9es, fluides et r\u00e9solument r\u00e9fl\u00e9chissantes. Cette pi\u00e8ce ne chuchote pas, elle r\u00e9sonne.  <\/p>\n","protected":false},"featured_media":4234,"template":"","meta":[],"product_brand":[],"product_cat":[189,176],"product_tag":[],"class_list":{"0":"post-5817","1":"product","2":"type-product","3":"status-publish","4":"has-post-thumbnail","6":"product_cat-boucles-doreilles","7":"product_cat-tous-les-bijoux","9":"first","10":"instock","11":"featured","12":"sold-individually","13":"taxable","14":"shipping-taxable","15":"purchasable","16":"product-type-variable","17":"has-default-attributes","18":"layout-style-2","19":"col-md-4 col-sm-4 col-xs-6","20":"col-lg-3","21":"product-style-quickview"},"_links":{"self":[{"href":"https:\/\/rostudio.lv\/fr\/wp-json\/wp\/v2\/product\/5817","targetHints":{"allow":["GET"]}}],"collection":[{"href":"https:\/\/rostudio.lv\/fr\/wp-json\/wp\/v2\/product"}],"about":[{"href":"https:\/\/rostudio.lv\/fr\/wp-json\/wp\/v2\/types\/product"}],"wp:featuredmedia":[{"embeddable":true,"href":"https:\/\/rostudio.lv\/fr\/wp-json\/wp\/v2\/media\/4234"}],"wp:attachment":[{"href":"https:\/\/rostudio.lv\/fr\/wp-json\/wp\/v2\/media?parent=5817"}],"wp:term":[{"taxonomy":"product_brand","embeddable":true,"href":"https:\/\/rostudio.lv\/fr\/wp-json\/wp\/v2\/product_brand?post=5817"},{"taxonomy":"product_cat","embeddable":true,"href":"https:\/\/rostudio.lv\/fr\/wp-json\/wp\/v2\/product_cat?post=5817"},{"taxonomy":"product_tag","embeddable":true,"href":"https:\/\/rostudio.lv\/fr\/wp-json\/wp\/v2\/product_tag?post=5817"}],"curies":[{"name":"wp","href":"https:\/\/api.w.org\/{rel}","templated":true}]}}