{"id":5794,"date":"2025-08-20T17:10:27","date_gmt":"2025-08-20T15:10:27","guid":{"rendered":"https:\/\/rostudio.lv\/shop\/241250\/"},"modified":"2025-08-20T17:10:27","modified_gmt":"2025-08-20T15:10:27","slug":"241250","status":"publish","type":"product","link":"https:\/\/rostudio.lv\/fr\/shop\/241250\/","title":{"rendered":"241250"},"content":{"rendered":"","protected":false},"excerpt":{"rendered":"<p>nos boucles d&rsquo;oreilles best-seller en argent sterling (925\u00b0) ne sont pas de simples accessoires, ce sont des d\u00e9clarations.<span class=\"Apple-converted-space\"> <\/span><\/p>\n<p>audacieux, pr\u00e9cis et sans compromis ___ils d\u00e9gagent une \u00e9nergie que m\u00eame les plus durs ne peuvent s&#8217;emp\u00eacher d&rsquo;admirer.<span class=\"Apple-converted-space\"> <\/span><\/p>\n","protected":false},"featured_media":3597,"template":"","meta":[],"product_brand":[],"product_cat":[189,176],"product_tag":[],"class_list":{"0":"post-5794","1":"product","2":"type-product","3":"status-publish","4":"has-post-thumbnail","6":"product_cat-boucles-doreilles","7":"product_cat-tous-les-bijoux","9":"first","10":"instock","11":"sold-individually","12":"taxable","13":"shipping-taxable","14":"purchasable","15":"product-type-variable","16":"has-default-attributes","17":"layout-style-2","18":"col-md-4 col-sm-4 col-xs-6","19":"col-lg-3","20":"product-style-quickview"},"_links":{"self":[{"href":"https:\/\/rostudio.lv\/fr\/wp-json\/wp\/v2\/product\/5794","targetHints":{"allow":["GET"]}}],"collection":[{"href":"https:\/\/rostudio.lv\/fr\/wp-json\/wp\/v2\/product"}],"about":[{"href":"https:\/\/rostudio.lv\/fr\/wp-json\/wp\/v2\/types\/product"}],"wp:featuredmedia":[{"embeddable":true,"href":"https:\/\/rostudio.lv\/fr\/wp-json\/wp\/v2\/media\/3597"}],"wp:attachment":[{"href":"https:\/\/rostudio.lv\/fr\/wp-json\/wp\/v2\/media?parent=5794"}],"wp:term":[{"taxonomy":"product_brand","embeddable":true,"href":"https:\/\/rostudio.lv\/fr\/wp-json\/wp\/v2\/product_brand?post=5794"},{"taxonomy":"product_cat","embeddable":true,"href":"https:\/\/rostudio.lv\/fr\/wp-json\/wp\/v2\/product_cat?post=5794"},{"taxonomy":"product_tag","embeddable":true,"href":"https:\/\/rostudio.lv\/fr\/wp-json\/wp\/v2\/product_tag?post=5794"}],"curies":[{"name":"wp","href":"https:\/\/api.w.org\/{rel}","templated":true}]}}