{"id":5783,"date":"2025-08-25T21:57:20","date_gmt":"2025-08-25T19:57:20","guid":{"rendered":"https:\/\/rostudio.lv\/shop\/le-pendentif-abc\/"},"modified":"2025-08-25T21:57:20","modified_gmt":"2025-08-25T19:57:20","slug":"le-pendentif-abc","status":"publish","type":"product","link":"https:\/\/rostudio.lv\/fr\/shop\/le-pendentif-abc\/","title":{"rendered":"le pendentif ABC"},"content":{"rendered":"","protected":false},"excerpt":{"rendered":"<p>chaque pendentif lettre est sculpt\u00e9 \u00e0 la main en argent sterling, portant son propre bord imparfait et sa texture indompt\u00e9e \u2014 portez votre histoire \u2014 un nom, un mot, ou juste la lettre qui vous ressemble<\/p>\n<p>\/\/ les cha\u00eenes en argent ne sont pas incluses et doivent \u00eatre achet\u00e9es s\u00e9par\u00e9ment<\/p>\n","protected":false},"featured_media":3617,"template":"","meta":[],"product_brand":[],"product_cat":[215,176],"product_tag":[],"class_list":{"0":"post-5783","1":"product","2":"type-product","3":"status-publish","4":"has-post-thumbnail","6":"product_cat-pendentifs","7":"product_cat-tous-les-bijoux","9":"first","10":"instock","11":"sold-individually","12":"taxable","13":"shipping-taxable","14":"purchasable","15":"product-type-variable","16":"layout-style-2","17":"col-md-4 col-sm-4 col-xs-6","18":"col-lg-3","19":"product-style-quickview"},"_links":{"self":[{"href":"https:\/\/rostudio.lv\/fr\/wp-json\/wp\/v2\/product\/5783","targetHints":{"allow":["GET"]}}],"collection":[{"href":"https:\/\/rostudio.lv\/fr\/wp-json\/wp\/v2\/product"}],"about":[{"href":"https:\/\/rostudio.lv\/fr\/wp-json\/wp\/v2\/types\/product"}],"wp:featuredmedia":[{"embeddable":true,"href":"https:\/\/rostudio.lv\/fr\/wp-json\/wp\/v2\/media\/3617"}],"wp:attachment":[{"href":"https:\/\/rostudio.lv\/fr\/wp-json\/wp\/v2\/media?parent=5783"}],"wp:term":[{"taxonomy":"product_brand","embeddable":true,"href":"https:\/\/rostudio.lv\/fr\/wp-json\/wp\/v2\/product_brand?post=5783"},{"taxonomy":"product_cat","embeddable":true,"href":"https:\/\/rostudio.lv\/fr\/wp-json\/wp\/v2\/product_cat?post=5783"},{"taxonomy":"product_tag","embeddable":true,"href":"https:\/\/rostudio.lv\/fr\/wp-json\/wp\/v2\/product_tag?post=5783"}],"curies":[{"name":"wp","href":"https:\/\/api.w.org\/{rel}","templated":true}]}}