{"id":5775,"date":"2025-08-25T11:23:50","date_gmt":"2025-08-25T09:23:50","guid":{"rendered":"https:\/\/rostudio.lv\/shop\/la-bague-surface-lunaire\/"},"modified":"2026-02-24T12:37:49","modified_gmt":"2026-02-24T10:37:49","slug":"la-bague-surface-lunaire","status":"publish","type":"product","link":"https:\/\/rostudio.lv\/fr\/shop\/la-bague-surface-lunaire\/","title":{"rendered":"la bague SURFACE LUNAIRE"},"content":{"rendered":"","protected":false},"excerpt":{"rendered":"<p>une bague audacieuse en argent sterling (925\u00b0) fabriqu\u00e9e avec des textures brutes et organiques qui font \u00e9cho \u00e0 la beaut\u00e9 sauvage des surfaces lunaires<\/p>\n","protected":false},"featured_media":5782,"template":"","meta":[],"product_brand":[],"product_cat":[184,176],"product_tag":[],"class_list":{"0":"post-5775","1":"product","2":"type-product","3":"status-publish","4":"has-post-thumbnail","6":"product_cat-bagues","7":"product_cat-tous-les-bijoux","9":"first","10":"instock","11":"sold-individually","12":"taxable","13":"shipping-taxable","14":"purchasable","15":"product-type-variable","16":"has-default-attributes","17":"layout-style-2","18":"col-md-4 col-sm-4 col-xs-6","19":"col-lg-3","20":"product-style-quickview"},"_links":{"self":[{"href":"https:\/\/rostudio.lv\/fr\/wp-json\/wp\/v2\/product\/5775","targetHints":{"allow":["GET"]}}],"collection":[{"href":"https:\/\/rostudio.lv\/fr\/wp-json\/wp\/v2\/product"}],"about":[{"href":"https:\/\/rostudio.lv\/fr\/wp-json\/wp\/v2\/types\/product"}],"wp:featuredmedia":[{"embeddable":true,"href":"https:\/\/rostudio.lv\/fr\/wp-json\/wp\/v2\/media\/5782"}],"wp:attachment":[{"href":"https:\/\/rostudio.lv\/fr\/wp-json\/wp\/v2\/media?parent=5775"}],"wp:term":[{"taxonomy":"product_brand","embeddable":true,"href":"https:\/\/rostudio.lv\/fr\/wp-json\/wp\/v2\/product_brand?post=5775"},{"taxonomy":"product_cat","embeddable":true,"href":"https:\/\/rostudio.lv\/fr\/wp-json\/wp\/v2\/product_cat?post=5775"},{"taxonomy":"product_tag","embeddable":true,"href":"https:\/\/rostudio.lv\/fr\/wp-json\/wp\/v2\/product_tag?post=5775"}],"curies":[{"name":"wp","href":"https:\/\/api.w.org\/{rel}","templated":true}]}}