{"id":5763,"date":"2025-08-25T21:34:11","date_gmt":"2025-08-25T19:34:11","guid":{"rendered":"https:\/\/rostudio.lv\/shop\/chaine-ancre-fine\/"},"modified":"2025-08-25T21:34:11","modified_gmt":"2025-08-25T19:34:11","slug":"chaine-ancre-fine","status":"publish","type":"product","link":"https:\/\/rostudio.lv\/fr\/shop\/chaine-ancre-fine\/","title":{"rendered":"Cha\u00eene ANCRE fine"},"content":{"rendered":"","protected":false},"excerpt":{"rendered":"<p>Robuste, brut et pr\u00eat \u00e0 \u00eatre port\u00e9 seul ou superpos\u00e9<\/p>\n<p>\/\/ maillons de cha\u00eene de 1,2 mm<\/p>\n","protected":false},"featured_media":3612,"template":"","meta":[],"product_brand":[],"product_cat":[218,176],"product_tag":[],"class_list":{"0":"post-5763","1":"product","2":"type-product","3":"status-publish","4":"has-post-thumbnail","6":"product_cat-chaines","7":"product_cat-tous-les-bijoux","9":"first","10":"instock","11":"sold-individually","12":"taxable","13":"shipping-taxable","14":"purchasable","15":"product-type-variable","16":"layout-style-2","17":"col-md-4 col-sm-4 col-xs-6","18":"col-lg-3","19":"product-style-quickview"},"_links":{"self":[{"href":"https:\/\/rostudio.lv\/fr\/wp-json\/wp\/v2\/product\/5763","targetHints":{"allow":["GET"]}}],"collection":[{"href":"https:\/\/rostudio.lv\/fr\/wp-json\/wp\/v2\/product"}],"about":[{"href":"https:\/\/rostudio.lv\/fr\/wp-json\/wp\/v2\/types\/product"}],"wp:featuredmedia":[{"embeddable":true,"href":"https:\/\/rostudio.lv\/fr\/wp-json\/wp\/v2\/media\/3612"}],"wp:attachment":[{"href":"https:\/\/rostudio.lv\/fr\/wp-json\/wp\/v2\/media?parent=5763"}],"wp:term":[{"taxonomy":"product_brand","embeddable":true,"href":"https:\/\/rostudio.lv\/fr\/wp-json\/wp\/v2\/product_brand?post=5763"},{"taxonomy":"product_cat","embeddable":true,"href":"https:\/\/rostudio.lv\/fr\/wp-json\/wp\/v2\/product_cat?post=5763"},{"taxonomy":"product_tag","embeddable":true,"href":"https:\/\/rostudio.lv\/fr\/wp-json\/wp\/v2\/product_tag?post=5763"}],"curies":[{"name":"wp","href":"https:\/\/api.w.org\/{rel}","templated":true}]}}