{"id":5716,"date":"2025-09-15T16:54:02","date_gmt":"2025-09-15T14:54:02","guid":{"rendered":"https:\/\/rostudio.lv\/shop\/le-talisman-grand\/"},"modified":"2025-09-15T16:54:02","modified_gmt":"2025-09-15T14:54:02","slug":"le-talisman-grand","status":"publish","type":"product","link":"https:\/\/rostudio.lv\/fr\/shop\/le-talisman-grand\/","title":{"rendered":"le TALISMAN | grand"},"content":{"rendered":"","protected":false},"excerpt":{"rendered":"<p>Con\u00e7u pour compl\u00e9ter notre <a href=\"https:\/\/rostudio.lv\/fr\/shop\/la-chaine-n-3\/\">cha\u00eene en argent audacieuse<\/a>, ce talisman en saphir brut ajoute une touche \u00e0 la fois forte et raffin\u00e9e \u00e0 votre collection de bijoux. ___Portez-le pour rehausser votre <a href=\"https:\/\/rostudio.lv\/fr\/shop\/la-chaine-n-3\/\">cha\u00eene<\/a> avec une touche brute, non polie et assum\u00e9e, ou gardez-le \u00e0 port\u00e9e de main pour changer de style sans effort.<\/p>\n<p> \/\/ la cha\u00eene n&rsquo;est pas incluse et doit \u00eatre achet\u00e9e s\u00e9par\u00e9ment<\/p>\n","protected":false},"featured_media":3671,"template":"","meta":[],"product_brand":[],"product_cat":[215,176],"product_tag":[],"class_list":{"0":"post-5716","1":"product","2":"type-product","3":"status-publish","4":"has-post-thumbnail","6":"product_cat-pendentifs","7":"product_cat-tous-les-bijoux","9":"first","10":"instock","11":"sold-individually","12":"taxable","13":"shipping-taxable","14":"purchasable","15":"product-type-variable","16":"layout-style-2","17":"col-md-4 col-sm-4 col-xs-6","18":"col-lg-3","19":"product-style-quickview"},"_links":{"self":[{"href":"https:\/\/rostudio.lv\/fr\/wp-json\/wp\/v2\/product\/5716","targetHints":{"allow":["GET"]}}],"collection":[{"href":"https:\/\/rostudio.lv\/fr\/wp-json\/wp\/v2\/product"}],"about":[{"href":"https:\/\/rostudio.lv\/fr\/wp-json\/wp\/v2\/types\/product"}],"wp:featuredmedia":[{"embeddable":true,"href":"https:\/\/rostudio.lv\/fr\/wp-json\/wp\/v2\/media\/3671"}],"wp:attachment":[{"href":"https:\/\/rostudio.lv\/fr\/wp-json\/wp\/v2\/media?parent=5716"}],"wp:term":[{"taxonomy":"product_brand","embeddable":true,"href":"https:\/\/rostudio.lv\/fr\/wp-json\/wp\/v2\/product_brand?post=5716"},{"taxonomy":"product_cat","embeddable":true,"href":"https:\/\/rostudio.lv\/fr\/wp-json\/wp\/v2\/product_cat?post=5716"},{"taxonomy":"product_tag","embeddable":true,"href":"https:\/\/rostudio.lv\/fr\/wp-json\/wp\/v2\/product_tag?post=5716"}],"curies":[{"name":"wp","href":"https:\/\/api.w.org\/{rel}","templated":true}]}}