{"id":5704,"date":"2025-09-09T17:21:10","date_gmt":"2025-09-09T15:21:10","guid":{"rendered":"https:\/\/rostudio.lv\/shop\/cheque-cadeau\/"},"modified":"2025-09-09T17:21:10","modified_gmt":"2025-09-09T15:21:10","slug":"cheque-cadeau","status":"publish","type":"product","link":"https:\/\/rostudio.lv\/fr\/shop\/cheque-cadeau\/","title":{"rendered":"CH\u00c8QUE-CADEAU"},"content":{"rendered":"","protected":false},"excerpt":{"rendered":"<p>Vous ne savez pas quelle pi\u00e8ce choisir&nbsp;? Offrez la libert\u00e9 de choisir. <\/p>\n<p>Avec le ch\u00e8que-cadeau RO STUDIO, votre proche peut choisir son bijou pr\u00e9f\u00e9r\u00e9 : intemporel, audacieux et fait pour durer.<span class=\"Apple-converted-space\"> <\/span><\/p>\n<p>Pas de pr\u00e9cipitation&nbsp;: il est valable ind\u00e9finiment.<\/p>\n","protected":false},"featured_media":3706,"template":"","meta":[],"product_brand":[],"product_cat":[230,176],"product_tag":[],"class_list":{"0":"post-5704","1":"product","2":"type-product","3":"status-publish","4":"has-post-thumbnail","6":"product_cat-carte-cadeau","7":"product_cat-tous-les-bijoux","9":"first","10":"instock","11":"sold-individually","12":"taxable","13":"shipping-taxable","14":"purchasable","15":"product-type-variable","16":"layout-style-2","17":"col-md-4 col-sm-4 col-xs-6","18":"col-lg-3","19":"product-style-quickview"},"_links":{"self":[{"href":"https:\/\/rostudio.lv\/fr\/wp-json\/wp\/v2\/product\/5704","targetHints":{"allow":["GET"]}}],"collection":[{"href":"https:\/\/rostudio.lv\/fr\/wp-json\/wp\/v2\/product"}],"about":[{"href":"https:\/\/rostudio.lv\/fr\/wp-json\/wp\/v2\/types\/product"}],"wp:featuredmedia":[{"embeddable":true,"href":"https:\/\/rostudio.lv\/fr\/wp-json\/wp\/v2\/media\/3706"}],"wp:attachment":[{"href":"https:\/\/rostudio.lv\/fr\/wp-json\/wp\/v2\/media?parent=5704"}],"wp:term":[{"taxonomy":"product_brand","embeddable":true,"href":"https:\/\/rostudio.lv\/fr\/wp-json\/wp\/v2\/product_brand?post=5704"},{"taxonomy":"product_cat","embeddable":true,"href":"https:\/\/rostudio.lv\/fr\/wp-json\/wp\/v2\/product_cat?post=5704"},{"taxonomy":"product_tag","embeddable":true,"href":"https:\/\/rostudio.lv\/fr\/wp-json\/wp\/v2\/product_tag?post=5704"}],"curies":[{"name":"wp","href":"https:\/\/api.w.org\/{rel}","templated":true}]}}