{"id":5700,"date":"2025-10-17T13:14:48","date_gmt":"2025-10-17T11:14:48","guid":{"rendered":"https:\/\/rostudio.lv\/shop\/131124\/"},"modified":"2026-04-02T14:44:21","modified_gmt":"2026-04-02T12:44:21","slug":"131124","status":"publish","type":"product","link":"https:\/\/rostudio.lv\/fr\/shop\/131124\/","title":{"rendered":"131124"},"content":{"rendered":"","protected":false},"excerpt":{"rendered":"<p>bague en argent massif orn\u00e9e d\u2019un imposant c\u0153ur en onyx de 45 mm \u2014 une affirmation de force et d\u2019\u00e9motion<\/p>\n<p>___sculpturale, audacieuse et profond\u00e9ment magn\u00e9tique, pour celles et ceux qui portent leur passion avec gr\u00e2ce<\/p>\n","protected":false},"featured_media":5703,"template":"","meta":[],"product_brand":[],"product_cat":[184,176],"product_tag":[],"class_list":{"0":"post-5700","1":"product","2":"type-product","3":"status-publish","4":"has-post-thumbnail","6":"product_cat-bagues","7":"product_cat-tous-les-bijoux","9":"first","10":"instock","11":"sold-individually","12":"taxable","13":"shipping-taxable","14":"purchasable","15":"product-type-variable","16":"has-default-attributes","17":"layout-style-2","18":"col-md-4 col-sm-4 col-xs-6","19":"col-lg-3","20":"product-style-quickview"},"_links":{"self":[{"href":"https:\/\/rostudio.lv\/fr\/wp-json\/wp\/v2\/product\/5700","targetHints":{"allow":["GET"]}}],"collection":[{"href":"https:\/\/rostudio.lv\/fr\/wp-json\/wp\/v2\/product"}],"about":[{"href":"https:\/\/rostudio.lv\/fr\/wp-json\/wp\/v2\/types\/product"}],"wp:featuredmedia":[{"embeddable":true,"href":"https:\/\/rostudio.lv\/fr\/wp-json\/wp\/v2\/media\/5703"}],"wp:attachment":[{"href":"https:\/\/rostudio.lv\/fr\/wp-json\/wp\/v2\/media?parent=5700"}],"wp:term":[{"taxonomy":"product_brand","embeddable":true,"href":"https:\/\/rostudio.lv\/fr\/wp-json\/wp\/v2\/product_brand?post=5700"},{"taxonomy":"product_cat","embeddable":true,"href":"https:\/\/rostudio.lv\/fr\/wp-json\/wp\/v2\/product_cat?post=5700"},{"taxonomy":"product_tag","embeddable":true,"href":"https:\/\/rostudio.lv\/fr\/wp-json\/wp\/v2\/product_tag?post=5700"}],"curies":[{"name":"wp","href":"https:\/\/api.w.org\/{rel}","templated":true}]}}