{"id":5631,"date":"2021-02-23T15:41:41","date_gmt":"2021-02-23T13:41:41","guid":{"rendered":"https:\/\/rostudio.lv\/shop\/241210\/"},"modified":"2021-02-23T15:41:41","modified_gmt":"2021-02-23T13:41:41","slug":"241210","status":"publish","type":"product","link":"https:\/\/rostudio.lv\/fr\/shop\/241210\/","title":{"rendered":"241210"},"content":{"rendered":"","protected":false},"excerpt":{"rendered":"<p>une pi\u00e8ce con\u00e7ue non pas pour impressionner, mais pour d\u00e9finir \u2014 manchette \u00e0 enfiler en or massif 14k (585\u00b0) qui incarne la puissance tranquille du vrai luxe \u2014 sa silhouette sans couture et son \u00e9clat dor\u00e9 chaleureux cr\u00e9ent une aura de sophistication naturelle<\/p>\n","protected":false},"featured_media":1429,"template":"","meta":[],"product_brand":[],"product_cat":[216,176],"product_tag":[],"class_list":{"0":"post-5631","1":"product","2":"type-product","3":"status-publish","4":"has-post-thumbnail","6":"product_cat-manchettes-et-bracelets","7":"product_cat-tous-les-bijoux","9":"first","10":"instock","11":"sold-individually","12":"taxable","13":"shipping-taxable","14":"purchasable","15":"product-type-variable","16":"layout-style-2","17":"col-md-4 col-sm-4 col-xs-6","18":"col-lg-3","19":"product-style-quickview"},"_links":{"self":[{"href":"https:\/\/rostudio.lv\/fr\/wp-json\/wp\/v2\/product\/5631","targetHints":{"allow":["GET"]}}],"collection":[{"href":"https:\/\/rostudio.lv\/fr\/wp-json\/wp\/v2\/product"}],"about":[{"href":"https:\/\/rostudio.lv\/fr\/wp-json\/wp\/v2\/types\/product"}],"wp:featuredmedia":[{"embeddable":true,"href":"https:\/\/rostudio.lv\/fr\/wp-json\/wp\/v2\/media\/1429"}],"wp:attachment":[{"href":"https:\/\/rostudio.lv\/fr\/wp-json\/wp\/v2\/media?parent=5631"}],"wp:term":[{"taxonomy":"product_brand","embeddable":true,"href":"https:\/\/rostudio.lv\/fr\/wp-json\/wp\/v2\/product_brand?post=5631"},{"taxonomy":"product_cat","embeddable":true,"href":"https:\/\/rostudio.lv\/fr\/wp-json\/wp\/v2\/product_cat?post=5631"},{"taxonomy":"product_tag","embeddable":true,"href":"https:\/\/rostudio.lv\/fr\/wp-json\/wp\/v2\/product_tag?post=5631"}],"curies":[{"name":"wp","href":"https:\/\/api.w.org\/{rel}","templated":true}]}}