{"id":5549,"date":"2021-02-23T17:14:15","date_gmt":"2021-02-23T15:14:15","guid":{"rendered":"https:\/\/rostudio.lv\/shop\/260910\/"},"modified":"2021-02-23T17:14:15","modified_gmt":"2021-02-23T15:14:15","slug":"260910","status":"publish","type":"product","link":"https:\/\/rostudio.lv\/fr\/shop\/260910\/","title":{"rendered":"260910"},"content":{"rendered":"","protected":false},"excerpt":{"rendered":"<p>une audacieuse simplicit\u00e9 \u2014 cette manchette massive en argent massif pr\u00e9sente une forme sculpturale embl\u00e9matique et un design ouvert qui inspire confiance, port\u00e9e seule ou superpos\u00e9e sans effort avec d&rsquo;autres pi\u00e8ces<\/p>\n","protected":false},"featured_media":1476,"template":"","meta":[],"product_brand":[],"product_cat":[216,176],"product_tag":[],"class_list":{"0":"post-5549","1":"product","2":"type-product","3":"status-publish","4":"has-post-thumbnail","6":"product_cat-manchettes-et-bracelets","7":"product_cat-tous-les-bijoux","9":"first","10":"instock","11":"sold-individually","12":"taxable","13":"shipping-taxable","14":"purchasable","15":"product-type-variable","16":"layout-style-2","17":"col-md-4 col-sm-4 col-xs-6","18":"col-lg-3","19":"product-style-quickview"},"_links":{"self":[{"href":"https:\/\/rostudio.lv\/fr\/wp-json\/wp\/v2\/product\/5549","targetHints":{"allow":["GET"]}}],"collection":[{"href":"https:\/\/rostudio.lv\/fr\/wp-json\/wp\/v2\/product"}],"about":[{"href":"https:\/\/rostudio.lv\/fr\/wp-json\/wp\/v2\/types\/product"}],"wp:featuredmedia":[{"embeddable":true,"href":"https:\/\/rostudio.lv\/fr\/wp-json\/wp\/v2\/media\/1476"}],"wp:attachment":[{"href":"https:\/\/rostudio.lv\/fr\/wp-json\/wp\/v2\/media?parent=5549"}],"wp:term":[{"taxonomy":"product_brand","embeddable":true,"href":"https:\/\/rostudio.lv\/fr\/wp-json\/wp\/v2\/product_brand?post=5549"},{"taxonomy":"product_cat","embeddable":true,"href":"https:\/\/rostudio.lv\/fr\/wp-json\/wp\/v2\/product_cat?post=5549"},{"taxonomy":"product_tag","embeddable":true,"href":"https:\/\/rostudio.lv\/fr\/wp-json\/wp\/v2\/product_tag?post=5549"}],"curies":[{"name":"wp","href":"https:\/\/api.w.org\/{rel}","templated":true}]}}