{"id":5483,"date":"2021-06-04T15:53:56","date_gmt":"2021-06-04T13:53:56","guid":{"rendered":"https:\/\/rostudio.lv\/shop\/071270\/"},"modified":"2021-06-04T15:53:56","modified_gmt":"2021-06-04T13:53:56","slug":"071270","status":"publish","type":"product","link":"https:\/\/rostudio.lv\/fr\/shop\/071270\/","title":{"rendered":"071270"},"content":{"rendered":"","protected":false},"excerpt":{"rendered":"<p><span data-sheets-value=\"{\"1\":2,\"2\":\"with an onyx set in the center of sterling silver frame, this pendant captures the perfect mix of old world charm and the mesmerizing power of a new world ___silver chains are not included and must be purchased separately.\"}\" data-sheets-userformat=\"{\"2\":4739,\"3\":{\"1\":0},\"4\":[null,2,16777215],\"10\":2,\"12\":0,\"15\":\"Arial\"}\">g\u00e9om\u00e9trie simple, forte pr\u00e9sence<\/span><\/p>\n<p><span data-sheets-value=\"{\"1\":2,\"2\":\"with an onyx set in the center of sterling silver frame, this pendant captures the perfect mix of old world charm and the mesmerizing power of a new world ___silver chains are not included and must be purchased separately.\"}\" data-sheets-userformat=\"{\"2\":4739,\"3\":{\"1\":0},\"4\":[null,2,16777215],\"10\":2,\"12\":0,\"15\":\"Arial\"}\">un onyx rond de 7 mm encadr\u00e9 d&rsquo;argent sterling<\/span><\/p>\n<p><span data-sheets-value=\"{\"1\":2,\"2\":\"with an onyx set in the center of sterling silver frame, this pendant captures the perfect mix of old world charm and the mesmerizing power of a new world ___silver chains are not included and must be purchased separately.\"}\" data-sheets-userformat=\"{\"2\":4739,\"3\":{\"1\":0},\"4\":[null,2,16777215],\"10\":2,\"12\":0,\"15\":\"Arial\"}\">\/\/ les cha\u00eenes en argent ne sont pas incluses et doivent \u00eatre achet\u00e9es s\u00e9par\u00e9ment<\/span><\/p>\n","protected":false},"featured_media":2172,"template":"","meta":[],"product_brand":[],"product_cat":[215,176],"product_tag":[],"class_list":{"0":"post-5483","1":"product","2":"type-product","3":"status-publish","4":"has-post-thumbnail","6":"product_cat-pendentifs","7":"product_cat-tous-les-bijoux","9":"first","10":"instock","11":"sold-individually","12":"taxable","13":"shipping-taxable","14":"purchasable","15":"product-type-variable","16":"has-default-attributes","17":"layout-style-2","18":"col-md-4 col-sm-4 col-xs-6","19":"col-lg-3","20":"product-style-quickview"},"_links":{"self":[{"href":"https:\/\/rostudio.lv\/fr\/wp-json\/wp\/v2\/product\/5483","targetHints":{"allow":["GET"]}}],"collection":[{"href":"https:\/\/rostudio.lv\/fr\/wp-json\/wp\/v2\/product"}],"about":[{"href":"https:\/\/rostudio.lv\/fr\/wp-json\/wp\/v2\/types\/product"}],"wp:featuredmedia":[{"embeddable":true,"href":"https:\/\/rostudio.lv\/fr\/wp-json\/wp\/v2\/media\/2172"}],"wp:attachment":[{"href":"https:\/\/rostudio.lv\/fr\/wp-json\/wp\/v2\/media?parent=5483"}],"wp:term":[{"taxonomy":"product_brand","embeddable":true,"href":"https:\/\/rostudio.lv\/fr\/wp-json\/wp\/v2\/product_brand?post=5483"},{"taxonomy":"product_cat","embeddable":true,"href":"https:\/\/rostudio.lv\/fr\/wp-json\/wp\/v2\/product_cat?post=5483"},{"taxonomy":"product_tag","embeddable":true,"href":"https:\/\/rostudio.lv\/fr\/wp-json\/wp\/v2\/product_tag?post=5483"}],"curies":[{"name":"wp","href":"https:\/\/api.w.org\/{rel}","templated":true}]}}