{"id":5404,"date":"2021-06-09T12:41:02","date_gmt":"2021-06-09T10:41:02","guid":{"rendered":"https:\/\/rostudio.lv\/shop\/020390\/"},"modified":"2021-06-09T12:41:02","modified_gmt":"2021-06-09T10:41:02","slug":"020390","status":"publish","type":"product","link":"https:\/\/rostudio.lv\/fr\/shop\/020390\/","title":{"rendered":"020390"},"content":{"rendered":"","protected":false},"excerpt":{"rendered":"<p><span data-sheets-value=\"{\"1\":2,\"2\":\"capture the power and sensuality of the femininity by choosing this sterling silver ring mixed with 7 mm cacholong opal. wear just one or mix with other RO STUDIO jewelry and create your own ring artwork.\"}\" data-sheets-userformat=\"{\"2\":4739,\"3\":{\"1\":0},\"4\":[null,2,16777215],\"10\":2,\"12\":0,\"15\":\"Arial\"}\">Capturez la puissance et la sensualit\u00e9 de la f\u00e9minit\u00e9 en choisissant cette bague en argent sterling plaqu\u00e9 or orn\u00e9e d&rsquo;une opale cacholong laiteuse de 7 mm. Portez-la seule ou associez-la \u00e0 d&rsquo;autres bijoux RO STUDIO pour cr\u00e9er votre propre \u0153uvre d&rsquo;art. <\/span><\/p>\n","protected":false},"featured_media":2241,"template":"","meta":[],"product_brand":[],"product_cat":[184,176],"product_tag":[],"class_list":{"0":"post-5404","1":"product","2":"type-product","3":"status-publish","4":"has-post-thumbnail","6":"product_cat-bagues","7":"product_cat-tous-les-bijoux","9":"first","10":"instock","11":"sold-individually","12":"taxable","13":"shipping-taxable","14":"purchasable","15":"product-type-variable","16":"has-default-attributes","17":"layout-style-2","18":"col-md-4 col-sm-4 col-xs-6","19":"col-lg-3","20":"product-style-quickview"},"_links":{"self":[{"href":"https:\/\/rostudio.lv\/fr\/wp-json\/wp\/v2\/product\/5404","targetHints":{"allow":["GET"]}}],"collection":[{"href":"https:\/\/rostudio.lv\/fr\/wp-json\/wp\/v2\/product"}],"about":[{"href":"https:\/\/rostudio.lv\/fr\/wp-json\/wp\/v2\/types\/product"}],"wp:featuredmedia":[{"embeddable":true,"href":"https:\/\/rostudio.lv\/fr\/wp-json\/wp\/v2\/media\/2241"}],"wp:attachment":[{"href":"https:\/\/rostudio.lv\/fr\/wp-json\/wp\/v2\/media?parent=5404"}],"wp:term":[{"taxonomy":"product_brand","embeddable":true,"href":"https:\/\/rostudio.lv\/fr\/wp-json\/wp\/v2\/product_brand?post=5404"},{"taxonomy":"product_cat","embeddable":true,"href":"https:\/\/rostudio.lv\/fr\/wp-json\/wp\/v2\/product_cat?post=5404"},{"taxonomy":"product_tag","embeddable":true,"href":"https:\/\/rostudio.lv\/fr\/wp-json\/wp\/v2\/product_tag?post=5404"}],"curies":[{"name":"wp","href":"https:\/\/api.w.org\/{rel}","templated":true}]}}