{"id":5395,"date":"2021-06-09T13:17:49","date_gmt":"2021-06-09T11:17:49","guid":{"rendered":"https:\/\/rostudio.lv\/shop\/100190\/"},"modified":"2021-06-09T13:17:49","modified_gmt":"2021-06-09T11:17:49","slug":"100190","status":"publish","type":"product","link":"https:\/\/rostudio.lv\/fr\/shop\/100190\/","title":{"rendered":"100190"},"content":{"rendered":"","protected":false},"excerpt":{"rendered":"<p>bague anneau en argent plaqu\u00e9 or. Simplicit\u00e9 et \u00e9l\u00e9gance dans la forme et le mat\u00e9riau. C&rsquo;est une valeur classique sur laquelle on peut compter. Portez-en une seule ou combinez plusieurs pi\u00e8ces et cr\u00e9ez votre propre \u0153uvre d&rsquo;art sp\u00e9ciale 100190 sur vos mains. Nous l&rsquo;appelons un classique moderne.    <\/p>\n","protected":false},"featured_media":2247,"template":"","meta":[],"product_brand":[],"product_cat":[184,176],"product_tag":[],"class_list":{"0":"post-5395","1":"product","2":"type-product","3":"status-publish","4":"has-post-thumbnail","6":"product_cat-bagues","7":"product_cat-tous-les-bijoux","9":"first","10":"instock","11":"sold-individually","12":"taxable","13":"shipping-taxable","14":"purchasable","15":"product-type-variable","16":"has-default-attributes","17":"layout-style-2","18":"col-md-4 col-sm-4 col-xs-6","19":"col-lg-3","20":"product-style-quickview"},"_links":{"self":[{"href":"https:\/\/rostudio.lv\/fr\/wp-json\/wp\/v2\/product\/5395","targetHints":{"allow":["GET"]}}],"collection":[{"href":"https:\/\/rostudio.lv\/fr\/wp-json\/wp\/v2\/product"}],"about":[{"href":"https:\/\/rostudio.lv\/fr\/wp-json\/wp\/v2\/types\/product"}],"wp:featuredmedia":[{"embeddable":true,"href":"https:\/\/rostudio.lv\/fr\/wp-json\/wp\/v2\/media\/2247"}],"wp:attachment":[{"href":"https:\/\/rostudio.lv\/fr\/wp-json\/wp\/v2\/media?parent=5395"}],"wp:term":[{"taxonomy":"product_brand","embeddable":true,"href":"https:\/\/rostudio.lv\/fr\/wp-json\/wp\/v2\/product_brand?post=5395"},{"taxonomy":"product_cat","embeddable":true,"href":"https:\/\/rostudio.lv\/fr\/wp-json\/wp\/v2\/product_cat?post=5395"},{"taxonomy":"product_tag","embeddable":true,"href":"https:\/\/rostudio.lv\/fr\/wp-json\/wp\/v2\/product_tag?post=5395"}],"curies":[{"name":"wp","href":"https:\/\/api.w.org\/{rel}","templated":true}]}}