{"id":5189,"date":"2021-11-25T15:16:19","date_gmt":"2021-11-25T13:16:19","guid":{"rendered":"https:\/\/rostudio.lv\/shop\/090621\/"},"modified":"2021-11-25T15:16:19","modified_gmt":"2021-11-25T13:16:19","slug":"090621","status":"publish","type":"product","link":"https:\/\/rostudio.lv\/fr\/shop\/090621\/","title":{"rendered":"090621"},"content":{"rendered":"","protected":false},"excerpt":{"rendered":"<p>une c\u00e9l\u00e9bration discr\u00e8te de la g\u00e9om\u00e9trie \u00e9pur\u00e9e<\/p>\n<p>Conception en onyx en deux parties qui repose sur la main avec un calme sculptural<br data-start=\"681\" data-end=\"684\"><\/p>\n","protected":false},"featured_media":2587,"template":"","meta":[],"product_brand":[],"product_cat":[184,176],"product_tag":[],"class_list":{"0":"post-5189","1":"product","2":"type-product","3":"status-publish","4":"has-post-thumbnail","6":"product_cat-bagues","7":"product_cat-tous-les-bijoux","9":"first","10":"instock","11":"sold-individually","12":"taxable","13":"shipping-taxable","14":"purchasable","15":"product-type-variable","16":"layout-style-2","17":"col-md-4 col-sm-4 col-xs-6","18":"col-lg-3","19":"product-style-quickview"},"_links":{"self":[{"href":"https:\/\/rostudio.lv\/fr\/wp-json\/wp\/v2\/product\/5189","targetHints":{"allow":["GET"]}}],"collection":[{"href":"https:\/\/rostudio.lv\/fr\/wp-json\/wp\/v2\/product"}],"about":[{"href":"https:\/\/rostudio.lv\/fr\/wp-json\/wp\/v2\/types\/product"}],"wp:featuredmedia":[{"embeddable":true,"href":"https:\/\/rostudio.lv\/fr\/wp-json\/wp\/v2\/media\/2587"}],"wp:attachment":[{"href":"https:\/\/rostudio.lv\/fr\/wp-json\/wp\/v2\/media?parent=5189"}],"wp:term":[{"taxonomy":"product_brand","embeddable":true,"href":"https:\/\/rostudio.lv\/fr\/wp-json\/wp\/v2\/product_brand?post=5189"},{"taxonomy":"product_cat","embeddable":true,"href":"https:\/\/rostudio.lv\/fr\/wp-json\/wp\/v2\/product_cat?post=5189"},{"taxonomy":"product_tag","embeddable":true,"href":"https:\/\/rostudio.lv\/fr\/wp-json\/wp\/v2\/product_tag?post=5189"}],"curies":[{"name":"wp","href":"https:\/\/api.w.org\/{rel}","templated":true}]}}