{"id":5149,"date":"2021-11-26T15:10:56","date_gmt":"2021-11-26T13:10:56","guid":{"rendered":"https:\/\/rostudio.lv\/shop\/091021\/"},"modified":"2021-11-26T15:10:56","modified_gmt":"2021-11-26T13:10:56","slug":"091021","status":"publish","type":"product","link":"https:\/\/rostudio.lv\/fr\/shop\/091021\/","title":{"rendered":"091021"},"content":{"rendered":"","protected":false},"excerpt":{"rendered":"<p>Une \u00e9tude de proportion, d&rsquo;\u00e9quilibre et de g\u00e9om\u00e9trie raffin\u00e9e<\/p>\n<p>Onyx rond de 30 mm en argent sterling<\/p>\n","protected":false},"featured_media":2603,"template":"","meta":[],"product_brand":[],"product_cat":[184,176],"product_tag":[],"class_list":{"0":"post-5149","1":"product","2":"type-product","3":"status-publish","4":"has-post-thumbnail","6":"product_cat-bagues","7":"product_cat-tous-les-bijoux","9":"first","10":"instock","11":"sold-individually","12":"taxable","13":"shipping-taxable","14":"purchasable","15":"product-type-variable","16":"layout-style-2","17":"col-md-4 col-sm-4 col-xs-6","18":"col-lg-3","19":"product-style-quickview"},"_links":{"self":[{"href":"https:\/\/rostudio.lv\/fr\/wp-json\/wp\/v2\/product\/5149","targetHints":{"allow":["GET"]}}],"collection":[{"href":"https:\/\/rostudio.lv\/fr\/wp-json\/wp\/v2\/product"}],"about":[{"href":"https:\/\/rostudio.lv\/fr\/wp-json\/wp\/v2\/types\/product"}],"wp:featuredmedia":[{"embeddable":true,"href":"https:\/\/rostudio.lv\/fr\/wp-json\/wp\/v2\/media\/2603"}],"wp:attachment":[{"href":"https:\/\/rostudio.lv\/fr\/wp-json\/wp\/v2\/media?parent=5149"}],"wp:term":[{"taxonomy":"product_brand","embeddable":true,"href":"https:\/\/rostudio.lv\/fr\/wp-json\/wp\/v2\/product_brand?post=5149"},{"taxonomy":"product_cat","embeddable":true,"href":"https:\/\/rostudio.lv\/fr\/wp-json\/wp\/v2\/product_cat?post=5149"},{"taxonomy":"product_tag","embeddable":true,"href":"https:\/\/rostudio.lv\/fr\/wp-json\/wp\/v2\/product_tag?post=5149"}],"curies":[{"name":"wp","href":"https:\/\/api.w.org\/{rel}","templated":true}]}}