{"id":5096,"date":"2021-12-01T16:16:18","date_gmt":"2021-12-01T14:16:18","guid":{"rendered":"https:\/\/rostudio.lv\/shop\/181121\/"},"modified":"2021-12-01T16:16:18","modified_gmt":"2021-12-01T14:16:18","slug":"181121","status":"publish","type":"product","link":"https:\/\/rostudio.lv\/fr\/shop\/181121\/","title":{"rendered":"181121"},"content":{"rendered":"","protected":false},"excerpt":{"rendered":"<p>alliance nuanc\u00e9e dans un duo harmonieux___des lignes \u00e9pur\u00e9es exquises et une forme embl\u00e9matique pour les femmes passionn\u00e9es par la simplicit\u00e9 et le design haut de gamme.<\/p>\n<p>___l&rsquo;anneau et la base ___argent sterling (925\u00b0), monture ___or 14 carats (585\u00b0), et un onyx de 5 x 50 mm serti au centre.<\/p>\n","protected":false},"featured_media":2644,"template":"","meta":[],"product_brand":[],"product_cat":[184,176],"product_tag":[],"class_list":{"0":"post-5096","1":"product","2":"type-product","3":"status-publish","4":"has-post-thumbnail","6":"product_cat-bagues","7":"product_cat-tous-les-bijoux","9":"first","10":"instock","11":"sold-individually","12":"taxable","13":"shipping-taxable","14":"purchasable","15":"product-type-variable","16":"has-default-attributes","17":"layout-style-2","18":"col-md-4 col-sm-4 col-xs-6","19":"col-lg-3","20":"product-style-quickview"},"_links":{"self":[{"href":"https:\/\/rostudio.lv\/fr\/wp-json\/wp\/v2\/product\/5096","targetHints":{"allow":["GET"]}}],"collection":[{"href":"https:\/\/rostudio.lv\/fr\/wp-json\/wp\/v2\/product"}],"about":[{"href":"https:\/\/rostudio.lv\/fr\/wp-json\/wp\/v2\/types\/product"}],"wp:featuredmedia":[{"embeddable":true,"href":"https:\/\/rostudio.lv\/fr\/wp-json\/wp\/v2\/media\/2644"}],"wp:attachment":[{"href":"https:\/\/rostudio.lv\/fr\/wp-json\/wp\/v2\/media?parent=5096"}],"wp:term":[{"taxonomy":"product_brand","embeddable":true,"href":"https:\/\/rostudio.lv\/fr\/wp-json\/wp\/v2\/product_brand?post=5096"},{"taxonomy":"product_cat","embeddable":true,"href":"https:\/\/rostudio.lv\/fr\/wp-json\/wp\/v2\/product_cat?post=5096"},{"taxonomy":"product_tag","embeddable":true,"href":"https:\/\/rostudio.lv\/fr\/wp-json\/wp\/v2\/product_tag?post=5096"}],"curies":[{"name":"wp","href":"https:\/\/api.w.org\/{rel}","templated":true}]}}