{"id":5074,"date":"2021-12-16T15:31:06","date_gmt":"2021-12-16T13:31:06","guid":{"rendered":"https:\/\/rostudio.lv\/shop\/140290\/"},"modified":"2021-12-16T15:31:06","modified_gmt":"2021-12-16T13:31:06","slug":"140290","status":"publish","type":"product","link":"https:\/\/rostudio.lv\/fr\/shop\/140290\/","title":{"rendered":"140290"},"content":{"rendered":"","protected":false},"excerpt":{"rendered":"<p><span data-sheets-value=\"{\"1\":2,\"2\":\"with an onyx set in the center of sterling silver frame, this pendant captures the perfect mix of old world charm and the mesmerizing power of a new world ___silver chains are not included and must be purchased separately.\"}\" data-sheets-userformat=\"{\"2\":4739,\"3\":{\"1\":0},\"4\":[null,2,16777215],\"10\":2,\"12\":0,\"15\":\"Arial\"}\">Un geste de douceur<\/span><\/p>\n<p>Onyx en forme de c\u0153ur serti au centre d&rsquo;un cadre en argent sterling plaqu\u00e9 or<\/p>\n<p>Choisissez entre un charme subtil de 7 mm ou une pi\u00e8ce audacieuse de 13 mm<\/p>\n<p><span data-sheets-value=\"{\"1\":2,\"2\":\"with an onyx set in the center of sterling silver frame, this pendant captures the perfect mix of old world charm and the mesmerizing power of a new world ___silver chains are not included and must be purchased separately.\"}\" data-sheets-userformat=\"{\"2\":4739,\"3\":{\"1\":0},\"4\":[null,2,16777215],\"10\":2,\"12\":0,\"15\":\"Arial\"}\">\/\/ les cha\u00eenes en argent ne sont pas incluses et doivent \u00eatre achet\u00e9es s\u00e9par\u00e9ment<\/span><\/p>\n","protected":false},"featured_media":2707,"template":"","meta":[],"product_brand":[],"product_cat":[215,176],"product_tag":[],"class_list":{"0":"post-5074","1":"product","2":"type-product","3":"status-publish","4":"has-post-thumbnail","6":"product_cat-pendentifs","7":"product_cat-tous-les-bijoux","9":"first","10":"instock","11":"sold-individually","12":"taxable","13":"shipping-taxable","14":"purchasable","15":"product-type-variable","16":"layout-style-2","17":"col-md-4 col-sm-4 col-xs-6","18":"col-lg-3","19":"product-style-quickview"},"_links":{"self":[{"href":"https:\/\/rostudio.lv\/fr\/wp-json\/wp\/v2\/product\/5074","targetHints":{"allow":["GET"]}}],"collection":[{"href":"https:\/\/rostudio.lv\/fr\/wp-json\/wp\/v2\/product"}],"about":[{"href":"https:\/\/rostudio.lv\/fr\/wp-json\/wp\/v2\/types\/product"}],"wp:featuredmedia":[{"embeddable":true,"href":"https:\/\/rostudio.lv\/fr\/wp-json\/wp\/v2\/media\/2707"}],"wp:attachment":[{"href":"https:\/\/rostudio.lv\/fr\/wp-json\/wp\/v2\/media?parent=5074"}],"wp:term":[{"taxonomy":"product_brand","embeddable":true,"href":"https:\/\/rostudio.lv\/fr\/wp-json\/wp\/v2\/product_brand?post=5074"},{"taxonomy":"product_cat","embeddable":true,"href":"https:\/\/rostudio.lv\/fr\/wp-json\/wp\/v2\/product_cat?post=5074"},{"taxonomy":"product_tag","embeddable":true,"href":"https:\/\/rostudio.lv\/fr\/wp-json\/wp\/v2\/product_tag?post=5074"}],"curies":[{"name":"wp","href":"https:\/\/api.w.org\/{rel}","templated":true}]}}