{"id":5070,"date":"2021-12-10T18:31:03","date_gmt":"2021-12-10T16:31:03","guid":{"rendered":"https:\/\/rostudio.lv\/shop\/091290\/"},"modified":"2021-12-10T18:31:03","modified_gmt":"2021-12-10T16:31:03","slug":"091290","status":"publish","type":"product","link":"https:\/\/rostudio.lv\/fr\/shop\/091290\/","title":{"rendered":"091290"},"content":{"rendered":"","protected":false},"excerpt":{"rendered":"<p>lumi\u00e8re douce maintenue dans un contour net<\/p>\n<p>Opale cacholong de 10 mm dans un cadre en argent sterling plaqu\u00e9 or<\/p>\n<p>\/\/ les cha\u00eenes en argent ne sont pas incluses et doivent \u00eatre achet\u00e9es s\u00e9par\u00e9ment<\/p>\n","protected":false},"featured_media":2695,"template":"","meta":[],"product_brand":[],"product_cat":[215,176],"product_tag":[],"class_list":{"0":"post-5070","1":"product","2":"type-product","3":"status-publish","4":"has-post-thumbnail","6":"product_cat-pendentifs","7":"product_cat-tous-les-bijoux","9":"first","10":"instock","11":"sold-individually","12":"taxable","13":"shipping-taxable","14":"purchasable","15":"product-type-variable","16":"has-default-attributes","17":"layout-style-2","18":"col-md-4 col-sm-4 col-xs-6","19":"col-lg-3","20":"product-style-quickview"},"_links":{"self":[{"href":"https:\/\/rostudio.lv\/fr\/wp-json\/wp\/v2\/product\/5070","targetHints":{"allow":["GET"]}}],"collection":[{"href":"https:\/\/rostudio.lv\/fr\/wp-json\/wp\/v2\/product"}],"about":[{"href":"https:\/\/rostudio.lv\/fr\/wp-json\/wp\/v2\/types\/product"}],"wp:featuredmedia":[{"embeddable":true,"href":"https:\/\/rostudio.lv\/fr\/wp-json\/wp\/v2\/media\/2695"}],"wp:attachment":[{"href":"https:\/\/rostudio.lv\/fr\/wp-json\/wp\/v2\/media?parent=5070"}],"wp:term":[{"taxonomy":"product_brand","embeddable":true,"href":"https:\/\/rostudio.lv\/fr\/wp-json\/wp\/v2\/product_brand?post=5070"},{"taxonomy":"product_cat","embeddable":true,"href":"https:\/\/rostudio.lv\/fr\/wp-json\/wp\/v2\/product_cat?post=5070"},{"taxonomy":"product_tag","embeddable":true,"href":"https:\/\/rostudio.lv\/fr\/wp-json\/wp\/v2\/product_tag?post=5070"}],"curies":[{"name":"wp","href":"https:\/\/api.w.org\/{rel}","templated":true}]}}