{"id":5017,"date":"2022-02-12T14:16:37","date_gmt":"2022-02-12T12:16:37","guid":{"rendered":"https:\/\/rostudio.lv\/shop\/220722\/"},"modified":"2022-02-12T14:16:37","modified_gmt":"2022-02-12T12:16:37","slug":"220722","status":"publish","type":"product","link":"https:\/\/rostudio.lv\/fr\/shop\/220722\/","title":{"rendered":"220722"},"content":{"rendered":"","protected":false},"excerpt":{"rendered":"<p>un onyx carr\u00e9 exceptionnellement beau dans un p\u00e9rim\u00e8tre en argent sterling<\/p>\n","protected":false},"featured_media":3624,"template":"","meta":[],"product_brand":[],"product_cat":[184,176],"product_tag":[],"class_list":{"0":"post-5017","1":"product","2":"type-product","3":"status-publish","4":"has-post-thumbnail","6":"product_cat-bagues","7":"product_cat-tous-les-bijoux","9":"first","10":"instock","11":"featured","12":"sold-individually","13":"taxable","14":"shipping-taxable","15":"purchasable","16":"product-type-variable","17":"layout-style-2","18":"col-md-4 col-sm-4 col-xs-6","19":"col-lg-3","20":"product-style-quickview"},"_links":{"self":[{"href":"https:\/\/rostudio.lv\/fr\/wp-json\/wp\/v2\/product\/5017","targetHints":{"allow":["GET"]}}],"collection":[{"href":"https:\/\/rostudio.lv\/fr\/wp-json\/wp\/v2\/product"}],"about":[{"href":"https:\/\/rostudio.lv\/fr\/wp-json\/wp\/v2\/types\/product"}],"wp:featuredmedia":[{"embeddable":true,"href":"https:\/\/rostudio.lv\/fr\/wp-json\/wp\/v2\/media\/3624"}],"wp:attachment":[{"href":"https:\/\/rostudio.lv\/fr\/wp-json\/wp\/v2\/media?parent=5017"}],"wp:term":[{"taxonomy":"product_brand","embeddable":true,"href":"https:\/\/rostudio.lv\/fr\/wp-json\/wp\/v2\/product_brand?post=5017"},{"taxonomy":"product_cat","embeddable":true,"href":"https:\/\/rostudio.lv\/fr\/wp-json\/wp\/v2\/product_cat?post=5017"},{"taxonomy":"product_tag","embeddable":true,"href":"https:\/\/rostudio.lv\/fr\/wp-json\/wp\/v2\/product_tag?post=5017"}],"curies":[{"name":"wp","href":"https:\/\/api.w.org\/{rel}","templated":true}]}}