{"id":4859,"date":"2024-01-31T14:55:30","date_gmt":"2024-01-31T12:55:30","guid":{"rendered":"https:\/\/rostudio.lv\/shop\/141250\/"},"modified":"2024-01-31T14:55:30","modified_gmt":"2024-01-31T12:55:30","slug":"141250","status":"publish","type":"product","link":"https:\/\/rostudio.lv\/fr\/shop\/141250\/","title":{"rendered":"141250"},"content":{"rendered":"","protected":false},"excerpt":{"rendered":"<p>Ces boucles d&rsquo;oreilles rondes en opale cacholong ajouteront une touche d&rsquo;\u00e9l\u00e9gance \u00e0 n&rsquo;importe quelle tenue, qu&rsquo;elles soient associ\u00e9es \u00e0 un jean et un t-shirt ou habill\u00e9es pour une occasion sp\u00e9ciale<\/p>\n","protected":false},"featured_media":3271,"template":"","meta":[],"product_brand":[],"product_cat":[189,176],"product_tag":[],"class_list":{"0":"post-4859","1":"product","2":"type-product","3":"status-publish","4":"has-post-thumbnail","6":"product_cat-boucles-doreilles","7":"product_cat-tous-les-bijoux","9":"first","10":"instock","11":"sold-individually","12":"taxable","13":"shipping-taxable","14":"purchasable","15":"product-type-variable","16":"has-default-attributes","17":"layout-style-2","18":"col-md-4 col-sm-4 col-xs-6","19":"col-lg-3","20":"product-style-quickview"},"_links":{"self":[{"href":"https:\/\/rostudio.lv\/fr\/wp-json\/wp\/v2\/product\/4859","targetHints":{"allow":["GET"]}}],"collection":[{"href":"https:\/\/rostudio.lv\/fr\/wp-json\/wp\/v2\/product"}],"about":[{"href":"https:\/\/rostudio.lv\/fr\/wp-json\/wp\/v2\/types\/product"}],"wp:featuredmedia":[{"embeddable":true,"href":"https:\/\/rostudio.lv\/fr\/wp-json\/wp\/v2\/media\/3271"}],"wp:attachment":[{"href":"https:\/\/rostudio.lv\/fr\/wp-json\/wp\/v2\/media?parent=4859"}],"wp:term":[{"taxonomy":"product_brand","embeddable":true,"href":"https:\/\/rostudio.lv\/fr\/wp-json\/wp\/v2\/product_brand?post=4859"},{"taxonomy":"product_cat","embeddable":true,"href":"https:\/\/rostudio.lv\/fr\/wp-json\/wp\/v2\/product_cat?post=4859"},{"taxonomy":"product_tag","embeddable":true,"href":"https:\/\/rostudio.lv\/fr\/wp-json\/wp\/v2\/product_tag?post=4859"}],"curies":[{"name":"wp","href":"https:\/\/api.w.org\/{rel}","templated":true}]}}