{"id":4818,"date":"2025-03-24T15:08:53","date_gmt":"2025-03-24T13:08:53","guid":{"rendered":"https:\/\/rostudio.lv\/shop\/230325\/"},"modified":"2025-03-24T15:08:53","modified_gmt":"2025-03-24T13:08:53","slug":"230325","status":"publish","type":"product","link":"https:\/\/rostudio.lv\/fr\/shop\/230325\/","title":{"rendered":"230325"},"content":{"rendered":"","protected":false},"excerpt":{"rendered":"<p>un symbole intemporel d&rsquo;\u00e9l\u00e9gance qui repr\u00e9sente une beaut\u00e9 et une gr\u00e2ce infinies ___Bague en or blanc 14 carats avec un cercle complet de diamants taille brillant ronds de 2 mm \u00e9blouissants, con\u00e7ue pour ceux qui appr\u00e9cient le luxe raffin\u00e9.<\/p>\n<p>Parfaite comme alliance \u00e9tincelante, pi\u00e8ce \u00e0 superposer ou d\u00e9claration autonome, cette bague est con\u00e7ue pour une vie de brillance.<\/p>\n","protected":false},"featured_media":3407,"template":"","meta":[],"product_brand":[],"product_cat":[184,185,176],"product_tag":[],"class_list":{"0":"post-4818","1":"product","2":"type-product","3":"status-publish","4":"has-post-thumbnail","6":"product_cat-bagues","7":"product_cat-bagues-de-fiancailles","8":"product_cat-tous-les-bijoux","10":"first","11":"onbackorder","12":"featured","13":"sold-individually","14":"taxable","15":"shipping-taxable","16":"purchasable","17":"product-type-variable","18":"has-default-attributes","19":"new","20":"layout-style-2","21":"col-md-4 col-sm-4 col-xs-6","22":"col-lg-3","23":"product-style-quickview"},"_links":{"self":[{"href":"https:\/\/rostudio.lv\/fr\/wp-json\/wp\/v2\/product\/4818","targetHints":{"allow":["GET"]}}],"collection":[{"href":"https:\/\/rostudio.lv\/fr\/wp-json\/wp\/v2\/product"}],"about":[{"href":"https:\/\/rostudio.lv\/fr\/wp-json\/wp\/v2\/types\/product"}],"wp:featuredmedia":[{"embeddable":true,"href":"https:\/\/rostudio.lv\/fr\/wp-json\/wp\/v2\/media\/3407"}],"wp:attachment":[{"href":"https:\/\/rostudio.lv\/fr\/wp-json\/wp\/v2\/media?parent=4818"}],"wp:term":[{"taxonomy":"product_brand","embeddable":true,"href":"https:\/\/rostudio.lv\/fr\/wp-json\/wp\/v2\/product_brand?post=4818"},{"taxonomy":"product_cat","embeddable":true,"href":"https:\/\/rostudio.lv\/fr\/wp-json\/wp\/v2\/product_cat?post=4818"},{"taxonomy":"product_tag","embeddable":true,"href":"https:\/\/rostudio.lv\/fr\/wp-json\/wp\/v2\/product_tag?post=4818"}],"curies":[{"name":"wp","href":"https:\/\/api.w.org\/{rel}","templated":true}]}}